{"id":31,"date":"2015-12-28T11:01:20","date_gmt":"2015-12-28T09:01:20","guid":{"rendered":"http:\/\/www.awer-center.org\/adpol\/?page_id=31"},"modified":"2023-12-06T01:46:52","modified_gmt":"2023-12-05T22:46:52","slug":"accomodation","status":"publish","type":"page","link":"https:\/\/globalcenter.info\/adpol\/?page_id=31","title":{"rendered":"Accomodation"},"content":{"rendered":"\n<figure class=\"wp-block-image size-large is-resized\"><img loading=\"lazy\" decoding=\"async\" width=\"910\" height=\"191\" src=\"https:\/\/globalcenter.info\/adpol\/wp-content\/uploads\/2023\/03\/larapark.jpg\" alt=\"\" class=\"wp-image-1310\" style=\"width:896px;height:187px\" srcset=\"https:\/\/globalcenter.info\/adpol\/wp-content\/uploads\/2023\/03\/larapark.jpg 910w, https:\/\/globalcenter.info\/adpol\/wp-content\/uploads\/2023\/03\/larapark-300x63.jpg 300w, https:\/\/globalcenter.info\/adpol\/wp-content\/uploads\/2023\/03\/larapark-768x161.jpg 768w\" sizes=\"(max-width: 910px) 100vw, 910px\" \/><\/figure>\n\n\n\n<p><a href=\"https:\/\/www.corendonhotels.com.tr\/grand-park-lara\"><strong>Grand Park Lara Hotel<\/strong><\/a><strong> *****<br><\/strong>Kemera\u011fz\u0131 Mahallesi, Ya\u015far Sobutay Blv<br>No: 37, 07112<br>Aksu\/Antalya, Turkey<br><em>(20 Minutes far from Antalya Airport)<\/em><\/p>\n\n\n\n\n\n<figure class=\"wp-block-table is-style-regular\" style=\"font-size:19px\"><table><tbody><tr><td><br><br><br><\/td><td class=\"has-text-align-center\" data-align=\"center\">Early Registration<br><strong>Until December 15, 2023<\/strong><\/td><td class=\"has-text-align-center\" data-align=\"center\"><strong>After December 15, 2023<\/strong><\/td><td class=\"has-text-align-center\" data-align=\"center\"><strong>Registration Desk<\/strong><\/td><\/tr><tr><td><strong>STANDART ROOM<\/strong><\/td><td class=\"has-text-align-center\" data-align=\"center\"><\/td><td class=\"has-text-align-center\" data-align=\"center\"><\/td><td class=\"has-text-align-center\" data-align=\"center\"><\/td><\/tr><tr><td><strong>Single Room<\/strong><\/td><td class=\"has-text-align-center\" data-align=\"center\">70 \u20ac<\/td><td class=\"has-text-align-center\" data-align=\"center\">75 \u20ac<\/td><td class=\"has-text-align-center\" data-align=\"center\">80 \u20ac<\/td><\/tr><tr><td><strong>Double*<\/strong><\/td><td class=\"has-text-align-center\" data-align=\"center\">47 \u20ac <strong>*<\/strong><\/td><td class=\"has-text-align-center\" data-align=\"center\">52 \u20ac <strong>*<\/strong><\/td><td class=\"has-text-align-center\" data-align=\"center\">60 \u20ac<\/td><\/tr><tr><td>1 ADL + 1 CHD<\/td><td class=\"has-text-align-center\" data-align=\"center\">70 \u20ac<\/td><td class=\"has-text-align-center\" data-align=\"center\">75 \u20ac<\/td><td class=\"has-text-align-center\" data-align=\"center\">80 \u20ac <strong>*<\/strong><\/td><\/tr><tr><td>1 ADL + 2 CHD*<\/td><td class=\"has-text-align-center\" data-align=\"center\">70 \u20ac<\/td><td class=\"has-text-align-center\" data-align=\"center\">75 \u20ac<\/td><td class=\"has-text-align-center\" data-align=\"center\">80 \u20ac<\/td><\/tr><tr><td>2 ADL + 1 CHD*<\/td><td class=\"has-text-align-center\" data-align=\"center\">47 \u20ac <strong>*<\/strong><\/td><td class=\"has-text-align-center\" data-align=\"center\">52 \u20ac <strong>*<\/strong><\/td><td class=\"has-text-align-center\" data-align=\"center\">60 \u20ac <strong>*<\/strong><\/td><\/tr><tr><td>3 ADL *<\/td><td class=\"has-text-align-center\" data-align=\"center\">45 \u20ac <strong>*<\/strong><\/td><td class=\"has-text-align-center\" data-align=\"center\">47 \u20ac <strong>*<\/strong><\/td><td class=\"has-text-align-center\" data-align=\"center\">50 \u20ac <strong>*<\/strong><\/td><\/tr><\/tbody><\/table><\/figure>\n\n\n\n<p class=\"has-primary-color has-text-color\"><em><strong>*Double and Triple\u2019s prices for per person.<\/strong><\/em><\/p>\n\n\n\n<ul class=\"wp-block-list\">\n<li>If you&#8217;d like, we can help you stay with a same-sex roommate as a conference attendee. This way, you can pay lower room rates.<\/li>\n<\/ul>\n\n\n\n<p class=\"has-white-background-color has-background\" style=\"text-decoration:underline\"><strong>MAKE A ROOM RESERVATION<\/strong><\/p>\n\n\n\n<p>Please <a href=\"https:\/\/forms.gle\/Rs9FskfnNcDuFStv8\" data-type=\"link\" data-id=\"https:\/\/forms.gle\/Rs9FskfnNcDuFStv8\">click here<\/a> to make a hotel room reservation.<\/p>\n\n\n\n<p><\/p>\n\n\n\n<p><strong><u>BANK PAYMENT<\/u><\/strong><\/p>\n\n\n\n<p>\u2022If you prefer to make your registration payment via bank, <a href=\"https:\/\/globalcenter.info\/cyicer\/wp-content\/uploads\/2020\/12\/AKBANK-TRANSFER-2020-1.pdf\">Please click here for BANK TRANSFER PAYMENT information.<\/a><br>\u2022When you make your payment, please scan document or download from your bank and sent to congress email address,\u00a0 <a href=\"mailto:congress.infodesk@gmail.com\">congress.infodesk@gmail.com<\/a>\u00a0 and also do not forget to write paper ID.<\/p>\n\n\n\n<p><\/p>\n\n\n\n<p><strong><u>CREDIT CARD PAYMENT<\/u><\/strong><\/p>\n\n\n\n<p>\u2022If you prefer to make your registration payment with Credit Card, <a href=\"https:\/\/www.globalcenter.info\/payment\/index.php?route=product\/category&amp;path=168\">Please click here for CREDIT CARD PAYMENT<\/a><\/p>\n\n\n\n<p><\/p>\n\n\n\n<p><strong><u>FACILITIES (All Inclusive)<\/u><\/strong><\/p>\n\n\n\n<ul class=\"wp-block-list\">\n<li>All-inclusive accommodation ((hotel room, open buffet breakfast, late open buffet breakfast, open<br>buffet lunch, open buffet pool bar, open buffet dinner, late dinner and all alcoholic and soft<br>beverages)<\/li>\n\n\n\n<li>Participants who do not stay at the Grand Park Lara Hotel must pay an extra 35\u20ac per day according<br>to the hotel principle.<\/li>\n\n\n\n<li>First and second child: 0-13 years old free of charge<\/li>\n\n\n\n<li>Child discounts are valid if they are in the same room as their parents.<\/li>\n\n\n\n<li>The prices stated are our net prices including VAT.<\/li>\n\n\n\n<li>Internet service (wireless)<\/li>\n\n\n\n<li>Lobby Piano Bar, Pool Bar, Disco Bar<\/li>\n\n\n\n<li>Open buffet lunch, Late breakfast buffet, Chopin Cafe &amp; Patisserie, Pool Snack<\/li>\n\n\n\n<li>Evening buffet, Vegetarian Buffet, Coffee and Cake, Afternoon Snacks, Diet Buffet<\/li>\n\n\n\n<li>Midnight soup and snacks, Sandwich Service, All Alcoholic Beverages, Soft Drinks<\/li>\n\n\n\n<li>Hot Drinks, Tea \u2013 Coffee<\/li>\n<\/ul>\n\n\n\n<p><\/p>\n\n\n\n<p><strong><u>ADDITIONAL DETAILS:<\/u><\/strong><\/p>\n\n\n\n<ul class=\"wp-block-list\">\n<li>The entrance to the hotel is made as of 12:30. Rooms are given after 14:00.<\/li>\n\n\n\n<li>Open buffet lunch (12:30-14:00) on the check-in day and open buffet breakfast (07:00-10:00) on<br>the check-out day are included in the price.<\/li>\n\n\n\n<li>All services received before 12:30 on the check-in day, lounge use, bar, restaurant and snack buffet<br>etc. use-chargeable.<\/li>\n\n\n\n<li>In case of request for open buffet breakfast on the arrival day, 10 EURO per person is charged.<br>Payment is made to the hotel in advance.<\/li>\n\n\n\n<li>On the day of departure, the rooms are delivered to the Hotel at 12:00 at the latest.<\/li>\n\n\n\n<li>All services received after 12:00 on the day of departure, lounge use, lunch, bar, restaurant and<br>snack buffet etc. use-chargeable.<\/li>\n\n\n\n<li>If there is an open buffet lunch request on the day of departure, 12 EURO per person is charged.<br>Payment is made to the hotel in advance.<\/li>\n\n\n\n<li>If there is an open buffet dinner request on the day of departure, 15 EURO per person is charged.<br>Payment is made to the hotel in advance.<\/li>\n\n\n\n<li>0.5 lt of water is provided free of charge, depending on the number of people, in the<br>room\/minibar. Extra requests\/Room service will be charged extra.<\/li>\n<\/ul>\n\n\n\n<p><\/p>\n\n\n\n<p><strong><u>EXTERNAL PARTICIPANTS DETAILS:<\/u><\/strong><\/p>\n\n\n\n<ul class=\"wp-block-list\">\n<li>In the case of an external participant, there is an extra charge of 30 EURO per person.<\/li>\n\n\n\n<li>Price includes 1 open buffet lunch and coffee break with cookies twice a day in the meeting room.<br>(Valid between 09:00-17:00)<\/li>\n\n\n\n<li>For external participants, open buffet breakfast and open buffet dinner are charged extra<\/li>\n<\/ul>\n\n\n\n<p><\/p>\n","protected":false},"excerpt":{"rendered":"<p>Grand Park Lara Hotel *****Kemera\u011fz\u0131 Mahallesi, Ya\u015far Sobutay BlvNo: 37, 07112Aksu\/Antalya, Turkey(20 Minutes far from Antalya Airport) Early RegistrationUntil December<\/p>\n","protected":false},"author":4,"featured_media":0,"parent":0,"menu_order":0,"comment_status":"closed","ping_status":"closed","template":"","meta":{"footnotes":""},"class_list":["post-31","page","type-page","status-publish","hentry","comments-off"],"_links":{"self":[{"href":"https:\/\/globalcenter.info\/adpol\/index.php?rest_route=\/wp\/v2\/pages\/31"}],"collection":[{"href":"https:\/\/globalcenter.info\/adpol\/index.php?rest_route=\/wp\/v2\/pages"}],"about":[{"href":"https:\/\/globalcenter.info\/adpol\/index.php?rest_route=\/wp\/v2\/types\/page"}],"author":[{"embeddable":true,"href":"https:\/\/globalcenter.info\/adpol\/index.php?rest_route=\/wp\/v2\/users\/4"}],"replies":[{"embeddable":true,"href":"https:\/\/globalcenter.info\/adpol\/index.php?rest_route=%2Fwp%2Fv2%2Fcomments&post=31"}],"version-history":[{"count":61,"href":"https:\/\/globalcenter.info\/adpol\/index.php?rest_route=\/wp\/v2\/pages\/31\/revisions"}],"predecessor-version":[{"id":1383,"href":"https:\/\/globalcenter.info\/adpol\/index.php?rest_route=\/wp\/v2\/pages\/31\/revisions\/1383"}],"wp:attachment":[{"href":"https:\/\/globalcenter.info\/adpol\/index.php?rest_route=%2Fwp%2Fv2%2Fmedia&parent=31"}],"curies":[{"name":"wp","href":"https:\/\/api.w.org\/{rel}","templated":true}]}}