{"id":40,"date":"2015-12-28T11:14:01","date_gmt":"2015-12-28T09:14:01","guid":{"rendered":"http:\/\/www.awer-center.org\/adpol\/?page_id=40"},"modified":"2023-12-17T15:44:25","modified_gmt":"2023-12-17T12:44:25","slug":"conference-registration","status":"publish","type":"page","link":"https:\/\/globalcenter.info\/adpol\/?page_id=40","title":{"rendered":"Conference Registration"},"content":{"rendered":"<table width=\"643\">\n<tbody>\n<tr>\n<td width=\"132\">\u00a0<\/td>\n<td width=\"164\">\n<p><strong>Early Registration Before<\/strong><strong> 30 November, 2023<\/strong><\/p>\n<\/td>\n<td width=\"190\">\n<p><strong>Late<\/strong><strong>\u00a0<\/strong><strong>Registration<\/strong><strong>\u00a0After<br \/><\/strong><strong>30 December, 2023<\/strong><\/p>\n<\/td>\n<td width=\"157\">\n<p><strong>Registration Desk<\/strong><\/p>\n<\/td>\n<\/tr>\n<tr>\n<td width=\"132\">\n<p>Oral Participant<\/p>\n<\/td>\n<td width=\"164\">\n<p><strong>\u20ac110<\/strong><\/p>\n<\/td>\n<td width=\"190\">\n<p>\u20ac120<\/p>\n<\/td>\n<td width=\"157\">\n<p>\u20ac150<\/p>\n<\/td>\n<\/tr>\n<tr>\n<td width=\"132\">\n<p>Virtual Participant<\/p>\n<\/td>\n<td width=\"164\">\n<p><strong>\u20ac110<\/strong><\/p>\n<\/td>\n<td width=\"190\">\n<p>\u20ac120<\/p>\n<\/td>\n<td width=\"157\">\n<p>\u20ac150<\/p>\n<\/td>\n<\/tr>\n<tr>\n<td width=\"132\">\n<p>Audience<\/p>\n<\/td>\n<td width=\"164\">\n<p><strong>\u20ac50<\/strong><\/p>\n<\/td>\n<td width=\"190\">\n<p>\u20ac60<\/p>\n<\/td>\n<td width=\"157\">\n<p>\u20ac80<\/p>\n<\/td>\n<\/tr>\n<tr>\n<td width=\"132\">\n<p>Accompanying Person<\/p>\n<\/td>\n<td width=\"164\">\n<p><strong>\u20ac40<\/strong><\/p>\n<\/td>\n<td width=\"190\">\n<p>\u20ac50<\/p>\n<\/td>\n<td width=\"157\">\n<p>\u20ac70<\/p>\n<\/td>\n<\/tr>\n<\/tbody>\n<\/table>\n<p><strong>\u00a0<\/strong><strong>* <\/strong><strong>This fee is only valid for people working\/student at Turan University.<\/strong><\/p>\n<p><strong>Note:<\/strong> <em>If you are a Turan University staff\/student, please send your document (proof of employment or student certificate) to <\/em><a href=\"congress.infodesk@gmail.com\"><em>congress.infodesk@gmail.com<\/em><\/a><\/p>\n<p><span style=\"color: #ff0000;\"><strong><u>Important:<\/u><\/strong><\/span><\/p>\n<ul>\n<li style=\"list-style-type: none;\">\n<ul>\n<li style=\"text-align: justify;\">At least one author has to register within 2 weeks after notification to be included into the programme.<\/li>\n<\/ul>\n<\/li>\n<\/ul>\n<ul>\n<li style=\"list-style-type: none;\">\n<ul>\n<li style=\"text-align: justify;\">If a paper has multiple authors and these authors\u2019 names are written in more than two papers, these authors have made normal registration payment<\/li>\n<\/ul>\n<\/li>\n<\/ul>\n<ul>\n<li style=\"list-style-type: none;\">\n<ul>\n<li style=\"text-align: justify;\">The second and more papers 80 Euro each.<\/li>\n<\/ul>\n<\/li>\n<\/ul>\n<ul>\n<li style=\"list-style-type: none;\">\n<ul>\n<li style=\"text-align: justify;\">A Group discount of 15% is available for 6 or more participants (except student) from the same institution, registering at the same time.<\/li>\n<\/ul>\n<\/li>\n<\/ul>\n<ul>\n<li style=\"list-style-type: none;\">\n<ul>\n<li style=\"text-align: justify;\">If your paper is not accepted by the reviewers, your payment will be refunded.<\/li>\n<\/ul>\n<\/li>\n<\/ul>\n<ul>\n<li style=\"list-style-type: none;\">\n<ul>\n<li style=\"text-align: justify;\">When you make your payment please scan your payment receipt to\u00a0<a href=\"mailto:adpol.secretariat@gmail.com\">adpol.secretariat@gmail.com<\/a>\u00a0\u00a0and also do not forget to write paper ID number<\/li>\n<\/ul>\n<\/li>\n<\/ul>\n<ul>\n<li style=\"list-style-type: none;\">\n<ul>\n<li style=\"text-align: justify;\">Full article should be at least 3500 words and not more than 6000 words<\/li>\n<\/ul>\n<\/li>\n<\/ul>\n<ul>\n<li style=\"text-align: justify;\">Refund is only possible till 20 days before from the conference starting date, and you will get your refund after one week later from the conference finishing date.<\/li>\n<li>TRNC citizens are exempt from the participation fee.<\/li>\n<\/ul>\n<p><strong><u>CREDIT CARD PAYMENT<\/u><\/strong><\/p>\n<p><a href=\"https:\/\/www.globalcenter.info\/payment\/index.php?route=product\/product&amp;product_id=386\"><img loading=\"lazy\" decoding=\"async\" class=\"alignnone\" src=\"http:\/\/globalcenter.info\/adpol\/wp-content\/uploads\/2020\/04\/payment-logo-300x109.png\" alt=\"Bu g\u00f6rsel bo\u015f bir alt niteli\u011fe sahip; dosya ad\u0131 payment-logo-300x109.png\" width=\"300\" height=\"109\" \/><\/a><\/p>\n<p><strong>Contacts for Registration and Accommodation Only<\/strong><\/p>\n<p>WhatsApp:+90 542 873 73 31<br \/>Email: congress.infodesk@gmail.com<\/p>\n<p><strong>Important Note:<\/strong> This phone opens from 9.00 am to 18.00 pm <strong>(GMT+02:00 \u2013 Athens, Istanbul)<\/strong> during the week. If the organizer of the conference is not convenient, he might not reply your phone. You can call again after a while in order to contact to him.<\/p>\n\n\n<p><\/p>\n","protected":false},"excerpt":{"rendered":"<p>\u00a0 Early Registration Before 30 November, 2023 Late\u00a0Registration\u00a0After30 December, 2023 Registration Desk Oral Participant \u20ac110 \u20ac120 \u20ac150 Virtual Participant \u20ac110<\/p>\n","protected":false},"author":4,"featured_media":0,"parent":0,"menu_order":0,"comment_status":"closed","ping_status":"closed","template":"","meta":{"footnotes":""},"class_list":["post-40","page","type-page","status-publish","hentry","comments-off"],"_links":{"self":[{"href":"https:\/\/globalcenter.info\/adpol\/index.php?rest_route=\/wp\/v2\/pages\/40"}],"collection":[{"href":"https:\/\/globalcenter.info\/adpol\/index.php?rest_route=\/wp\/v2\/pages"}],"about":[{"href":"https:\/\/globalcenter.info\/adpol\/index.php?rest_route=\/wp\/v2\/types\/page"}],"author":[{"embeddable":true,"href":"https:\/\/globalcenter.info\/adpol\/index.php?rest_route=\/wp\/v2\/users\/4"}],"replies":[{"embeddable":true,"href":"https:\/\/globalcenter.info\/adpol\/index.php?rest_route=%2Fwp%2Fv2%2Fcomments&post=40"}],"version-history":[{"count":63,"href":"https:\/\/globalcenter.info\/adpol\/index.php?rest_route=\/wp\/v2\/pages\/40\/revisions"}],"predecessor-version":[{"id":1387,"href":"https:\/\/globalcenter.info\/adpol\/index.php?rest_route=\/wp\/v2\/pages\/40\/revisions\/1387"}],"wp:attachment":[{"href":"https:\/\/globalcenter.info\/adpol\/index.php?rest_route=%2Fwp%2Fv2%2Fmedia&parent=40"}],"curies":[{"name":"wp","href":"https:\/\/api.w.org\/{rel}","templated":true}]}}