{"id":50,"date":"2015-12-28T11:23:48","date_gmt":"2015-12-28T09:23:48","guid":{"rendered":"http:\/\/www.awer-center.org\/adpol\/?page_id=50"},"modified":"2023-03-03T16:17:41","modified_gmt":"2023-03-03T13:17:41","slug":"conference-place","status":"publish","type":"page","link":"https:\/\/globalcenter.info\/adpol\/?page_id=50","title":{"rendered":"Conference Place"},"content":{"rendered":"\n<p><strong><strong>Grand Park Lara Hotel<\/strong><\/strong><br>Anttalya, Turkey<\/p>\n\n\n\n<iframe src=\"https:\/\/www.google.com\/maps\/embed?pb=!1m18!1m12!1m3!1d1625604.400748048!2d28.997664182586153!3d37.27122327823004!2m3!1f0!2f0!3f0!3m2!1i1024!2i768!4f13.1!3m3!1m2!1s0x14c39cad8a0526af%3A0x4caaa17759c43d01!2sGrand%20Park%20Lara!5e0!3m2!1str!2str!4v1677849326700!5m2!1str!2str\" width=\"600\" height=\"450\" style=\"border:0;\" allowfullscreen=\"\" loading=\"lazy\" referrerpolicy=\"no-referrer-when-downgrade\"><\/iframe>\n\n\n\n<figure class=\"wp-block-image\"><img decoding=\"async\" src=\"https:\/\/dynamic-media-cdn.tripadvisor.com\/media\/photo-o\/1d\/40\/88\/0e\/gece-gorunumu.jpg?w=700&amp;h=-1&amp;s=1\" alt=\"GRAND PARK LARA (Kemera\u011fz\u0131, T\u00fcrkiye) - Otel Yorumlar\u0131 ve Fiyat  Kar\u015f\u0131la\u015ft\u0131rmas\u0131 - Tripadvisor\"\/><\/figure>\n","protected":false},"excerpt":{"rendered":"<p>Grand Park Lara HotelAnttalya, Turkey<\/p>\n","protected":false},"author":4,"featured_media":0,"parent":0,"menu_order":0,"comment_status":"closed","ping_status":"closed","template":"","meta":{"footnotes":""},"class_list":["post-50","page","type-page","status-publish","hentry","comments-off"],"_links":{"self":[{"href":"https:\/\/globalcenter.info\/adpol\/index.php?rest_route=\/wp\/v2\/pages\/50"}],"collection":[{"href":"https:\/\/globalcenter.info\/adpol\/index.php?rest_route=\/wp\/v2\/pages"}],"about":[{"href":"https:\/\/globalcenter.info\/adpol\/index.php?rest_route=\/wp\/v2\/types\/page"}],"author":[{"embeddable":true,"href":"https:\/\/globalcenter.info\/adpol\/index.php?rest_route=\/wp\/v2\/users\/4"}],"replies":[{"embeddable":true,"href":"https:\/\/globalcenter.info\/adpol\/index.php?rest_route=%2Fwp%2Fv2%2Fcomments&post=50"}],"version-history":[{"count":15,"href":"https:\/\/globalcenter.info\/adpol\/index.php?rest_route=\/wp\/v2\/pages\/50\/revisions"}],"predecessor-version":[{"id":1276,"href":"https:\/\/globalcenter.info\/adpol\/index.php?rest_route=\/wp\/v2\/pages\/50\/revisions\/1276"}],"wp:attachment":[{"href":"https:\/\/globalcenter.info\/adpol\/index.php?rest_route=%2Fwp%2Fv2%2Fmedia&parent=50"}],"curies":[{"name":"wp","href":"https:\/\/api.w.org\/{rel}","templated":true}]}}