{"id":787,"date":"2019-11-12T09:49:17","date_gmt":"2019-11-12T06:49:17","guid":{"rendered":"http:\/\/globalcenter.info\/adpol\/?page_id=787"},"modified":"2019-11-12T09:49:21","modified_gmt":"2019-11-12T06:49:21","slug":"adpol-2019","status":"publish","type":"page","link":"https:\/\/globalcenter.info\/adpol\/?page_id=787","title":{"rendered":"ADPOL &#8211; 2019"},"content":{"rendered":"\n<h4 class=\"wp-block-heading\" style=\"text-align:center\"><strong>8th WORLD CONGRESS OF ADMINISTRATIVE AND POLITICAL SCIENCES<\/strong><br>Grand Park Lara Hotel Convention Center<br>Lara \u2013 Antalya, Turkey<br>18-20 October 2019<\/h4>\n\n\n\n<p> Link to ADPOL 2019 Facebook is available\u00a0<a href=\"http:\/\/www.facebook.com\/taeg_center\">here<\/a><br>Link to ADPOL 2019 Abstract Book is available\u00a0<a rel=\"noreferrer noopener\" aria-label=\"here\u00a0 (yeni sekmede a\u00e7\u0131l\u0131r)\" href=\"http:\/\/www.adpol.org\" target=\"_blank\"><\/a><a href=\"http:\/\/globalcenter.info\/adpol\/wp-content\/uploads\/2019\/10\/Adpol-2019-abstracts.pdf\" target=\"_blank\" rel=\"noreferrer noopener\" aria-label=\" (yeni sekmede a\u00e7\u0131l\u0131r)\">here\u00a0<\/a><br>Link to\u00a0ADPOL 2019 Program Book is available\u00a0<a href=\"http:\/\/globalcenter.info\/adpol\/wp-content\/uploads\/2019\/10\/adpol2019.pdf\">here<\/a><\/p>\n","protected":false},"excerpt":{"rendered":"<p>8th WORLD CONGRESS OF ADMINISTRATIVE AND POLITICAL SCIENCESGrand Park Lara Hotel Convention CenterLara \u2013 Antalya, Turkey18-20 October 2019 Link to<\/p>\n","protected":false},"author":4,"featured_media":0,"parent":0,"menu_order":0,"comment_status":"closed","ping_status":"closed","template":"","meta":{"footnotes":""},"class_list":["post-787","page","type-page","status-publish","hentry","comments-off"],"_links":{"self":[{"href":"https:\/\/globalcenter.info\/adpol\/index.php?rest_route=\/wp\/v2\/pages\/787"}],"collection":[{"href":"https:\/\/globalcenter.info\/adpol\/index.php?rest_route=\/wp\/v2\/pages"}],"about":[{"href":"https:\/\/globalcenter.info\/adpol\/index.php?rest_route=\/wp\/v2\/types\/page"}],"author":[{"embeddable":true,"href":"https:\/\/globalcenter.info\/adpol\/index.php?rest_route=\/wp\/v2\/users\/4"}],"replies":[{"embeddable":true,"href":"https:\/\/globalcenter.info\/adpol\/index.php?rest_route=%2Fwp%2Fv2%2Fcomments&post=787"}],"version-history":[{"count":1,"href":"https:\/\/globalcenter.info\/adpol\/index.php?rest_route=\/wp\/v2\/pages\/787\/revisions"}],"predecessor-version":[{"id":789,"href":"https:\/\/globalcenter.info\/adpol\/index.php?rest_route=\/wp\/v2\/pages\/787\/revisions\/789"}],"wp:attachment":[{"href":"https:\/\/globalcenter.info\/adpol\/index.php?rest_route=%2Fwp%2Fv2%2Fmedia&parent=787"}],"curies":[{"name":"wp","href":"https:\/\/api.w.org\/{rel}","templated":true}]}}