{"id":866,"date":"2020-06-02T19:11:22","date_gmt":"2020-06-02T16:11:22","guid":{"rendered":"http:\/\/globalcenter.info\/adpol\/?page_id=866"},"modified":"2024-01-13T18:26:38","modified_gmt":"2024-01-13T15:26:38","slug":"keynote","status":"publish","type":"page","link":"https:\/\/globalcenter.info\/adpol\/?page_id=866","title":{"rendered":"Keynote"},"content":{"rendered":"<div class=\"wp-block-image\">\n<figure class=\"alignleft size-full is-resized\"><a href=\"https:\/\/globalcenter.info\/adpol\/wp-content\/uploads\/2023\/12\/jgl.png\"><img loading=\"lazy\" decoding=\"async\" width=\"364\" height=\"370\" src=\"https:\/\/globalcenter.info\/adpol\/wp-content\/uploads\/2023\/12\/jgl.png\" alt=\"\" class=\"wp-image-1399\" style=\"aspect-ratio:0.75;object-fit:cover;width:231px;height:auto\" srcset=\"https:\/\/globalcenter.info\/adpol\/wp-content\/uploads\/2023\/12\/jgl.png 364w, https:\/\/globalcenter.info\/adpol\/wp-content\/uploads\/2023\/12\/jgl-295x300.png 295w\" sizes=\"(max-width: 364px) 100vw, 364px\" \/><\/a><\/figure><\/div>\n\n\n<p><strong>Prof. Dr. Jesus Garcia Laborda\u00a0<\/strong><br>University of Alcal\u00e1, Spain<\/p>\n\n\n\n<p><strong>Keynote Title:&nbsp;<\/strong>&#8220;The 17 Sustainable Development Goals through assessment&#8221;<\/p>\n\n\n\n<p><strong>Abstract:&nbsp;<\/strong>Assessment has been commonly used just for measuring students\u2019 performance. However, it is common to neglect its powerful effect in improving the students (and to a large extension, the citizenship) quality of life through a good calibration of the students\u2019 potential and needs. Obviously, when addressing groups of population, this leads to a lack of envision of how to improve their lives (objectives 1, 5, 8). Thus, it is necessary to revise the benefits of assessment in education from the individual to collective evaluations to achieve better learning (objective 4). Therefore, on one side, we leave behind the traditional perspective of validation for commercial purposes; on the other, the traditional vision of assessment as a weapon for individual performance. In conclusion, to empower the education of countries where the Sustainable education is a need, we need to revise the procedures we follow in assessment al all levels.<\/p>\n\n\n\n<p><strong>Biodata:<\/strong> Dr Garc\u00eda Laborda has a MA in ESL (University of Georgia), MA in English Language and Literature (University of Wisconsin), PhD in English Philology (Universidad Complutense de Madrid) and European Doctorate in Didactics (Universidad Complutense de Madrid). He has been Visiting Scholar at Penn State University and the University of Antwerp, and he has taught postgraduate courses in Lithuania, Cyprus, Turkey, Colombia and Brazil. He has also been the main researcher in four R&amp;D projects and participated in eight more. In 2017-2018 he was Acting Director of the TAEG Knowledge Center (Cyprus) where he currently holds different positions. He has more than 270 published works. Since 2019 he has been the Dean of the Faculty of Education of Universidad de Alcal\u00e1, and before that he was the Director of the Department of Modern Philology of the same university (2016-2019). He is currently president of the European Language Association for Specific Purposes. Additionally, he is Editor in Chief of Revitas Encuentro (ESCI \/ web of Science), Global Journal of Foreign Language Teaching (ESCI \/ SCOPUS requested), Internal Journal of Learning &amp; Teaching (ESCI \/ SCOPUS requested) and co-editor of Computer Assisted Language Learning Electronic Journal (SCOPUS), as well as a member of the scientific committee or evaluator of 15 other impact journals (JCR \/ SCOPUS \/ ESCI). He is a specialist in language teaching, assessment, educational technology and bilingual education.<\/p>\n\n\n\n<hr class=\"wp-block-separator has-alpha-channel-opacity\"\/>\n\n\n\n<div style=\"height:18px\" aria-hidden=\"true\" class=\"wp-block-spacer\"><\/div>\n\n\n<div class=\"wp-block-image\">\n<figure class=\"alignleft size-full is-resized\"><a href=\"http:\/\/globalcenter.info\/adpol\/wp-content\/uploads\/2020\/09\/FOTO_Ana_Campina.jpg\"><img loading=\"lazy\" decoding=\"async\" width=\"725\" height=\"936\" src=\"http:\/\/globalcenter.info\/adpol\/wp-content\/uploads\/2020\/09\/FOTO_Ana_Campina.jpg\" alt=\"\" class=\"wp-image-901\" style=\"aspect-ratio:0.7745726495726496;width:231px;height:auto\" srcset=\"https:\/\/globalcenter.info\/adpol\/wp-content\/uploads\/2020\/09\/FOTO_Ana_Campina.jpg 725w, https:\/\/globalcenter.info\/adpol\/wp-content\/uploads\/2020\/09\/FOTO_Ana_Campina-232x300.jpg 232w\" sizes=\"(max-width: 725px) 100vw, 725px\" \/><\/a><\/figure><\/div>\n\n\n<p><strong>Prof. Dr. Ana Campina\u00a0<br><\/strong>University Fernando Pessoa, Portugal<\/p>\n\n\n\n<p><strong>Keynote Title:&nbsp;<\/strong>&#8220;Global Governance of Migrations and International Organized Crime: Reality vs Justice&#8221;<\/p>\n\n\n\n<p><strong>Abstract:&nbsp;<\/strong>Understanding the nowadays reality regarding the global governance of the international migrations and all the effective consequences in millions of human beings, as well as the close connection and serious influence of the International Organized Crime obliges a serious analysis based in official data. In this concern, within the International Law and Justice and the UN Global Goals for Sustainable Development, mainly the Goal 16 \u2013 Peace, Justice, and Strong Institutions \u2013 we can state there are a dangerous positions \/ (re)actions from different Governments \/ States, around the world, unprotecting millions of migrants. In the same circumstances, the International Organized Crime is an undoubted reality, affecting the migrations globally, supported by different governments, but included in the official rhetoric in a sense that promotes the manipulation of the Public Opinion. Consequently, there are serious social behaviors against the migrants, that is contradictory supported by radical ideologies and manipulated published facts, that promote the discrimination and aggressive behaviors. Worst is the impotent International Justice in preventing and act to judge the responsible persons, governments, and institutions, as the International Criminal Organizations continue growing in dimensions and in crime actions with the Migrations, unpunished. Aiming to persecute the ambitious UN Global Goals, which responsibility is from\/for all \u2013 international community, states and governments, societies \u2013 there are too much information and data controlled that need to be explained supported in facts related in official data from recognized international organizations. This research results are peremptory, these are phenomena impossible to eradicate but need to be effectively controlled avoiding the hardest consequences, as well as, more and more, there is an urgent need to disseminate education for all to be faced based in veracity and not in dangerous tampered data..<\/p>\n\n\n\n<hr class=\"wp-block-separator has-alpha-channel-opacity\"\/>\n\n\n\n<div style=\"height:20px\" aria-hidden=\"true\" class=\"wp-block-spacer\"><\/div>\n\n\n<div class=\"wp-block-image\">\n<figure class=\"alignleft size-full is-resized\"><a href=\"http:\/\/globalcenter.info\/adpol\/wp-content\/uploads\/2020\/09\/FOTO-Carlos-Rodrigues.png\"><img loading=\"lazy\" decoding=\"async\" width=\"232\" height=\"268\" src=\"http:\/\/globalcenter.info\/adpol\/wp-content\/uploads\/2020\/09\/FOTO-Carlos-Rodrigues.png\" alt=\"\" class=\"wp-image-902\" style=\"aspect-ratio:3\/4;object-fit:cover;width:236px;height:auto\"\/><\/a><\/figure><\/div>\n\n\n<p><strong>Prof. Dr. Carlos Rodrigues\u00a0<br><\/strong>University Fernando Pessoa, Portugal<\/p>\n\n\n\n<p><strong>Keynote Title:&nbsp;<\/strong>&#8220;Global Governance of Migrations and International Organized Crime: Reality vs Justice&#8221;<\/p>\n\n\n\n<p><strong>Abstract:\u00a0<\/strong>Understanding the nowadays reality regarding the global governance of the international migrations and all the effective consequences in millions of human beings, as well as the close connection and serious influence of the International Organized Crime obliges a serious analysis based in official data. In this concern, within the International Law and Justice and the UN Global Goals for Sustainable Development, mainly the Goal 16 \u2013 Peace, Justice, and Strong Institutions \u2013 we can state there are a dangerous positions \/ (re)actions from different Governments \/ States, around the world, unprotecting millions of migrants. In the same circumstances, the International Organized Crime is an undoubted reality, affecting the migrations globally, supported by different governments, but included in the official rhetoric in a sense that promotes the manipulation of the Public Opinion. Consequently, there are serious social behaviors against the migrants, that is contradictory supported by radical ideologies and manipulated published facts, that promote the discrimination and aggressive behaviors. Worst is the impotent International Justice in preventing and act to judge the responsible persons, governments, and institutions, as the International Criminal Organizations continue growing in dimensions and in crime actions with the Migrations, unpunished. Aiming to persecute the ambitious UN Global Goals, which responsibility is from\/for all \u2013 international community, states and governments, societies \u2013 there are too much information and data controlled that need to be explained supported in facts related in official data from recognized international organizations. This research results are peremptory, these are phenomena impossible to eradicate but need to be effectively controlled avoiding the hardest consequences, as well as, more and more, there is an urgent need to disseminate education for all to be faced based in veracity and not in dangerous tampered data.<\/p>\n\n\n\n<hr class=\"wp-block-separator has-alpha-channel-opacity\"\/>\n\n\n\n<div style=\"height:25px\" aria-hidden=\"true\" class=\"wp-block-spacer\"><\/div>\n\n\n<div class=\"wp-block-image\">\n<figure class=\"alignleft size-large is-resized\"><img decoding=\"async\" src=\"http:\/\/www.globalcenter.info\/wc-psy\/wp-content\/uploads\/2023\/12\/melis_seray_ozden_yildirim.jpg\" alt=\"\" class=\"wp-image-1474\" style=\"width:225px;height:291px\"\/><\/figure><\/div>\n\n\n<p><strong>Assoc. Prof. Dr.&nbsp;Melis Seray \u00d6zden Y\u0131ld\u0131r\u0131m<\/strong><br>Istanbul Kultur University, Turkey<\/p>\n\n\n\n<p><strong>Keynote Title:&nbsp;<\/strong>&#8220;The Importance of Resilience Within The Scope of The \u201cHealth and Quality Life\u201d Goal in Line with The Global Goals for Sustainable Development&#8221;<\/p>\n\n\n\n<p><strong>Abstract:&nbsp;<\/strong>The United Nations\u2019 2030 Agenda and the sustainable development goals were adopted in 2015. The agenda comprises the 17 sustainable development goals, in total comprising 169 Target and 232 unique indicators. Sustainability refers to the three pillars of sustainability, which refers to environmentally sound decisions, economically viable decisions, and socially equitable decisions.<br>These goals are titled as follows; no poverty, zero hunger, good health and well-being, quality education, gender equality, clean water and sanitation, affordable and clean energy, decent work and economic growth, industry, innovation and infrastructure, reduced inequalities, sustainable cities and communities, responsible consumption and production, climate action, life below water, life on land, peace, justice and strong institutions, partnerships for the goals. Among these goals, especially health and quality life goal is among the basic subjects of psychology.<br>In recent years the whole world has been facing many different challenges. The climate changes, demographic imbalances, the wars, migration pressures, economic crises and lately the Covid-19 pandemic are the main ones. Resilience is defined not only as the ability to withstand and cope with difficulties, but also as the ability to go through all lifespan crises with a state of complete well-being.<\/p>\n\n\n\n<p><strong>Biodata:<\/strong> Melis Seray Ozden Yildirim is an Associated Professor in Istanbul Kultur University, which she presently works since 2007. She is a graduate of Istanbul University, department of Psychology and has a PhD degree in Psychology. Her main research interests are family psychology and cyberpsychology. She worked as a head of Psychology Department between 2017-2018 and 2021-2022. She is still the member of the faculty board of faculty of science and letters. Her books are \u201cDyadic Adjustment in Marriage: Examining Developmental Aspects with Case Examples\u201d, \u201cFirst Interviews in Infant, Child and Adolescent Cases in Clinical Psychology\u201d, \u201cFamily Psychology: Current Issues with Case Studies\u201d. Her articles were published and presented in national and international conferences. She continues carriying out her studies about applied psychology, clinical and developmental psychology.<\/p>\n","protected":false},"excerpt":{"rendered":"<p>Prof. Dr. Jesus Garcia Laborda\u00a0University of Alcal\u00e1, Spain Keynote Title:&nbsp;&#8220;The 17 Sustainable Development Goals through assessment&#8221; Abstract:&nbsp;Assessment has been commonly<\/p>\n","protected":false},"author":4,"featured_media":0,"parent":0,"menu_order":0,"comment_status":"closed","ping_status":"closed","template":"","meta":{"footnotes":""},"class_list":["post-866","page","type-page","status-publish","hentry","comments-off"],"_links":{"self":[{"href":"https:\/\/globalcenter.info\/adpol\/index.php?rest_route=\/wp\/v2\/pages\/866"}],"collection":[{"href":"https:\/\/globalcenter.info\/adpol\/index.php?rest_route=\/wp\/v2\/pages"}],"about":[{"href":"https:\/\/globalcenter.info\/adpol\/index.php?rest_route=\/wp\/v2\/types\/page"}],"author":[{"embeddable":true,"href":"https:\/\/globalcenter.info\/adpol\/index.php?rest_route=\/wp\/v2\/users\/4"}],"replies":[{"embeddable":true,"href":"https:\/\/globalcenter.info\/adpol\/index.php?rest_route=%2Fwp%2Fv2%2Fcomments&post=866"}],"version-history":[{"count":37,"href":"https:\/\/globalcenter.info\/adpol\/index.php?rest_route=\/wp\/v2\/pages\/866\/revisions"}],"predecessor-version":[{"id":1409,"href":"https:\/\/globalcenter.info\/adpol\/index.php?rest_route=\/wp\/v2\/pages\/866\/revisions\/1409"}],"wp:attachment":[{"href":"https:\/\/globalcenter.info\/adpol\/index.php?rest_route=%2Fwp%2Fv2%2Fmedia&parent=866"}],"curies":[{"name":"wp","href":"https:\/\/api.w.org\/{rel}","templated":true}]}}