{"id":10,"date":"2015-11-30T12:45:52","date_gmt":"2015-11-30T10:45:52","guid":{"rendered":"http:\/\/www.awer-center.org\/cenvisu\/?page_id=10"},"modified":"2025-10-29T13:37:02","modified_gmt":"2025-10-29T10:37:02","slug":"organizing-committee","status":"publish","type":"page","link":"https:\/\/globalcenter.info\/cenvisu\/?page_id=10","title":{"rendered":"Organizing Committee"},"content":{"rendered":"<div class=\"vce-row-container\" data-vce-boxed-width=\"true\"><div class=\"vce-row vce-row--col-gap-30 vce-row-equal-height vce-row-content--top\" id=\"el-5b2d963a\" data-vce-do-apply=\"all el-5b2d963a\"><div class=\"vce-row-content\" data-vce-element-content=\"true\"><div class=\"vce-col vce-col--md-auto vce-col--xs-1 vce-col--xs-last vce-col--xs-first vce-col--sm-last vce-col--sm-first vce-col--md-last vce-col--lg-last vce-col--xl-last vce-col--md-first vce-col--lg-first vce-col--xl-first\" id=\"el-ba5a28b2\"><div class=\"vce-col-inner\" data-vce-do-apply=\"border margin background  el-ba5a28b2\"><div class=\"vce-col-content\" data-vce-element-content=\"true\" data-vce-do-apply=\"padding el-ba5a28b2\"><div class=\"vce-text-block\"><div class=\"vce-text-block-wrapper vce\" id=\"el-24c7c903\" data-vce-do-apply=\"all el-24c7c903\"><p><strong>Organized by<br><\/strong>University of Kyrenia<br>The Academic Event Group<\/p><p><strong>Conference Chair<\/strong><strong><br>Prof. Dr. Haluk Soran<\/strong><br><em>Near East University<\/em>, North Cyprus<\/p><p><strong>International Program Committee<br><\/strong>Dr. Pooja Bansal,&nbsp;<em>Jamia Millia Islamia<\/em>, India<br>Abdollah Esmaeili,&nbsp;<em>National Iranian South Oil Company (NISOC)<\/em>, Iran<br>Nehir Varol, <em>Ankara University<\/em>, Turkey&nbsp; &nbsp; &nbsp; &nbsp; &nbsp; &nbsp; &nbsp; &nbsp; &nbsp; &nbsp; &nbsp; &nbsp; &nbsp; &nbsp; &nbsp; &nbsp; &nbsp; &nbsp; &nbsp; &nbsp; &nbsp; &nbsp; &nbsp; &nbsp; &nbsp; &nbsp; &nbsp; &nbsp; &nbsp; &nbsp; &nbsp; &nbsp; &nbsp; &nbsp; &nbsp; &nbsp; &nbsp; &nbsp; &nbsp; &nbsp; &nbsp; &nbsp; &nbsp; &nbsp; &nbsp; &nbsp; &nbsp; &nbsp; &nbsp; &nbsp; &nbsp; &nbsp; &nbsp; &nbsp; &nbsp; &nbsp; &nbsp; &nbsp; &nbsp; &nbsp; &nbsp; &nbsp; &nbsp; &nbsp; Murat Sonmez, Middle East Technical University Northern Cyprus Campus, North Cyprus<strong><br><\/strong>Necdet Alpaslan,&nbsp;<em>Dokuz Eylul University<\/em>, Turkey<br>Deniz D\u00f6lgen,&nbsp;<em>Dokuz Eylul University<\/em>, Turkey<br>Mikdat Kad\u0131o\u011flu,&nbsp;<em>Istanbul Technical University<\/em>, Turkey<br>Naz\u0131m Ka\u015fot,&nbsp;<em>Cyprus International University<\/em>, Cyprus<br>Mike Kirkwood,&nbsp;<em>Transmission T.D. Williamson Inc<\/em>. UAE<\/p><p><strong>Organizing Committee<\/strong><br>Blerta Prevalla Etemi<strong>,&nbsp;<\/strong>AAB University<br>Florijeta Hulaj,&nbsp;<em>AAB College<\/em><br>Lilia Trushko, Girne American University<br>Metin Berk Odaba\u015f\u0131, Warwick University<br>Semih \u00c7al\u0131\u015fkan, Yasar University<br>Zeynep Gen\u00e7, Istanbul Ayd\u0131n University<strong>&nbsp;<\/strong><\/p><p><strong>Secretariat<br><\/strong>Onwudiwe Kenechukwu<br><a href=\"mailto:cenvisu.info@gmail.com\">cenvisu.info@gmail.com<\/a><\/p><\/div><\/div><\/div><\/div><\/div><\/div><\/div><\/div>\n","protected":false},"excerpt":{"rendered":"<p>Organized byUniversity of KyreniaThe Academic Event GroupConference ChairProf. Dr. Haluk SoranNear East University, North CyprusInternational Program CommitteeDr. Pooja Bansal,&nbsp;Jamia Millia Islamia, IndiaAbdollah Esmaeili,&nbsp;National Iranian South Oil Company (NISOC), IranNehir Varol, Ankara University, Turkey&nbsp; &nbsp; &nbsp; &nbsp; &nbsp; &nbsp; &nbsp; &nbsp; &nbsp; &nbsp; &nbsp; &nbsp;&#8230;<\/p>\n","protected":false},"author":5,"featured_media":0,"parent":0,"menu_order":0,"comment_status":"closed","ping_status":"closed","template":"","meta":{"footnotes":""},"class_list":["post-10","page","type-page","status-publish","hentry"],"jetpack_sharing_enabled":true,"_links":{"self":[{"href":"https:\/\/globalcenter.info\/cenvisu\/index.php?rest_route=\/wp\/v2\/pages\/10"}],"collection":[{"href":"https:\/\/globalcenter.info\/cenvisu\/index.php?rest_route=\/wp\/v2\/pages"}],"about":[{"href":"https:\/\/globalcenter.info\/cenvisu\/index.php?rest_route=\/wp\/v2\/types\/page"}],"author":[{"embeddable":true,"href":"https:\/\/globalcenter.info\/cenvisu\/index.php?rest_route=\/wp\/v2\/users\/5"}],"replies":[{"embeddable":true,"href":"https:\/\/globalcenter.info\/cenvisu\/index.php?rest_route=%2Fwp%2Fv2%2Fcomments&post=10"}],"version-history":[{"count":22,"href":"https:\/\/globalcenter.info\/cenvisu\/index.php?rest_route=\/wp\/v2\/pages\/10\/revisions"}],"predecessor-version":[{"id":1322,"href":"https:\/\/globalcenter.info\/cenvisu\/index.php?rest_route=\/wp\/v2\/pages\/10\/revisions\/1322"}],"wp:attachment":[{"href":"https:\/\/globalcenter.info\/cenvisu\/index.php?rest_route=%2Fwp%2Fv2%2Fmedia&parent=10"}],"curies":[{"name":"wp","href":"https:\/\/api.w.org\/{rel}","templated":true}]}}