{"id":2,"date":"2015-11-26T13:27:10","date_gmt":"2015-11-26T11:27:10","guid":{"rendered":"http:\/\/www.awer-center.org\/cenvisu\/?page_id=2"},"modified":"2025-10-23T09:16:26","modified_gmt":"2025-10-23T06:16:26","slug":"ornek-sayfa","status":"publish","type":"page","link":"https:\/\/globalcenter.info\/cenvisu\/","title":{"rendered":"Home"},"content":{"rendered":"<div class=\"vce-row-container\" data-vce-boxed-width=\"true\"><div class=\"vce-row vce-row--col-gap-30 vce-row-equal-height vce-row-content--top\" id=\"el-cda1d621\" data-vce-do-apply=\"all el-cda1d621\"><div class=\"vce-row-content\" data-vce-element-content=\"true\"><div class=\"vce-col vce-col--md-auto vce-col--xs-1 vce-col--xs-last vce-col--xs-first vce-col--sm-last vce-col--sm-first vce-col--md-last vce-col--lg-last vce-col--xl-last vce-col--md-first vce-col--lg-first vce-col--xl-first\" id=\"el-e3a487b1\"><div class=\"vce-col-inner\" data-vce-do-apply=\"border margin background  el-e3a487b1\"><div class=\"vce-col-content\" data-vce-element-content=\"true\" data-vce-do-apply=\"padding el-e3a487b1\"><div class=\"vce-text-block\"><div class=\"vce-text-block-wrapper vce\" id=\"el-a5f5eb0c\" data-vce-do-apply=\"all el-a5f5eb0c\"><div><p><noscript><\/p>\n<style>.vce-row-container .vcv-lozad {display: none}<\/style>\n<p><\/noscript><\/p><\/div><div><h2 style=\"text-align: center;\"><span style=\"color: #008000;\"><strong>12th<br>Global Conference on<br>Environmental Studies<br>(CENVISU-2025)<br><\/strong><\/span><\/h2><h1 class=\"DUwDvf lfPIob\" style=\"text-align: center;\">Istanbul Ayd\u0131n University<\/h1><h2 style=\"text-align: center;\"><span style=\"font-size: 35.2px;\"><strong>Istanbul \u2013 Turkey<\/strong><\/span><\/h2><h4 style=\"text-align: center;\"><strong>December 05-07,<\/strong><strong> 2025<br><\/strong><span style=\"color: #ff0000;\"><strong>Online and Face to Face International Conference<\/strong><\/span><\/h4><hr><p style=\"text-align: center;\"><strong>Due Date for Abstract Submissions:<span style=\"color: #ff0000;\"> 28th November 2025 (Extended)<\/span><\/strong><\/p><p><a href=\"https:\/\/globalcenter.info\/cenvisu\/wp-content\/uploads\/2023\/08\/Basliksiz-1-1024x324-1.jpg\"><img loading=\"lazy\" decoding=\"async\" class=\"alignnone size-full wp-image-1091\" src=\"https:\/\/globalcenter.info\/cenvisu\/wp-content\/uploads\/2023\/08\/Basliksiz-1-1024x324-1.jpg\" sizes=\"(max-width: 1024px) 100vw, 1024px\" srcset=\"https:\/\/globalcenter.info\/cenvisu\/wp-content\/uploads\/2023\/08\/Basliksiz-1-1024x324-1.jpg 1024w, https:\/\/globalcenter.info\/cenvisu\/wp-content\/uploads\/2023\/08\/Basliksiz-1-1024x324-1-300x95.jpg 300w, https:\/\/globalcenter.info\/cenvisu\/wp-content\/uploads\/2023\/08\/Basliksiz-1-1024x324-1-768x243.jpg 768w, https:\/\/globalcenter.info\/cenvisu\/wp-content\/uploads\/2023\/08\/Basliksiz-1-1024x324-1-640x203.jpg 640w\" alt=\"\" width=\"1024\" height=\"324\"><\/a><\/p><ul><li>Articles selected by the editors of the journals supporting the conference will be invited to the journal\u2019s review process. <span style=\"color: #ff0000;\"><strong>Clarivate Analytics Web of Science<\/strong> <\/span><strong>(<\/strong><strong><span style=\"color: #3366ff;\">SCI<\/span>,<\/strong> <span style=\"color: #99cc00;\"><strong>SCI-Expanded<\/strong><\/span><strong>, <\/strong><strong><span style=\"color: #ff00ff;\">SSCI<\/span>,<\/strong> <strong>or<\/strong> <span style=\"color: #3366ff;\"><strong>ESCI<\/strong><\/span><strong>)<\/strong><strong>, or <\/strong><span style=\"color: #99cc00;\"><strong>SCOPUS<\/strong><strong>.<\/strong><\/span><\/li><li>The remaining accepted full papers will be published as <strong>\u201c<span style=\"color: #3366ff;\">CENVISU-2025 Proceedings Book<\/span>\u201d<\/strong> (with ISSN and DOI number) and also submitted to <span style=\"color: #99cc00;\"><strong>SCOPUS<\/strong> <\/span>and <span style=\"color: #ff9900;\"><strong>Clarivate Analytics Conference Proceedings Citation Index <\/strong><\/span>for evaluation for inclusion in the list.<\/li><li>After the review process, accepted full papers will be published in the <strong><span style=\"color: #ff0000;\">World Journal of Environmental Research<\/span>&nbsp;<\/strong>or the <span style=\"color: #003366;\"><strong>International Journal of Current Innovations in Interdisciplinary Scientific Studies<\/strong><\/span> (Internationally indexed Journals).<\/li><li>In addition, distinguished keynote speakers who are internationally renowned in the field will be giving presentations at the conference. You will also have a chance to discuss your work with the editors of the most respected journals.<\/li><li>All proposals will be subjected to peer reviews.<\/li><li>Best Abstract and Poster Awards<\/li><li>Oral, Poster, or Virtual Presentation Certificate<\/li><li>Participation and Presentation Certificate<\/li><li>Conference Bag<\/li><li>Online Abstracts Book<\/li><li>Printed Program Book<\/li><li>Networking times for collaboration and projects<\/li><li><strong>For more information<\/strong>: <a href=\"mailto:cenvisu.info@gmail.com\">cenvisu.info@gmail.com<\/a>, WhatsApp: +905428737331&nbsp;&nbsp;<br><div style=\"font-family: Aptos, Aptos_EmbeddedFont, Aptos_MSFontService, Calibri, Helvetica, sans-serif; font-size: 12pt; color: #861106;\"><strong>Y\u00d6K Akademik Te\u015fvik \u00d6dene\u011fi Y\u00f6netmeli\u011fi ve UAK Do\u00e7entlik Kriterlerini kar\u015f\u0131lamaktad\u0131r.&nbsp;<\/strong><\/div><hr><p>Hope to meet you in Istanbul, Turkey<\/p><hr><p><strong style=\"font-size: inherit;\">Prof. Dr. Haluk Soron<\/strong><span style=\"font-size: inherit;\">, Near East University, North Cyprus (<span class=\"a_GcMg font-feature-liga-off font-feature-clig-off font-feature-calt-off text-decoration-none text-strikethrough-none\">emeritus)<\/span><br><\/span>Program Chair of the Conference<\/p><hr><\/li><li><p><strong>&nbsp;<\/strong><\/p><\/li><\/ul><p style=\"text-align: justify;\"><a href=\"http:\/\/www.taeg-conferences.online\/index.php\/CENVISU\/cenvisu-2025\/schedConf\/cfp\"><img loading=\"lazy\" decoding=\"async\" class=\"aligncenter wp-image-1081\" src=\"https:\/\/globalcenter.info\/cenvisu\/wp-content\/uploads\/2023\/04\/5364002.png\" alt=\"\" width=\"489\" height=\"124\" srcset=\"https:\/\/globalcenter.info\/cenvisu\/wp-content\/uploads\/2023\/04\/5364002.png 1240w, https:\/\/globalcenter.info\/cenvisu\/wp-content\/uploads\/2023\/04\/5364002-300x76.png 300w, https:\/\/globalcenter.info\/cenvisu\/wp-content\/uploads\/2023\/04\/5364002-1024x260.png 1024w, https:\/\/globalcenter.info\/cenvisu\/wp-content\/uploads\/2023\/04\/5364002-768x195.png 768w, https:\/\/globalcenter.info\/cenvisu\/wp-content\/uploads\/2023\/04\/5364002-640x163.png 640w\" sizes=\"(max-width: 489px) 100vw, 489px\" \/><\/a><\/p><\/div><div><p><!-- Popups v1.9.3.8 - https:\/\/wordpress.org\/plugins\/popups\/ --><\/p><div id=\"spu-bg-812\" class=\"spu-bg\">&nbsp;<\/div><div id=\"spu-812\" class=\"spu-box spu-centered spu-total- \" style=\"display: none;\" data-box-id=\"812\" data-trigger=\"seconds\" data-trigger-number=\"5\" data-spuanimation=\"fade\" data-tconvert-cookie=\"d\" data-tclose-cookie=\"d\" data-dconvert-cookie=\"999\" data-dclose-cookie=\"30\" data-nconvert-cookie=\"spu_conversion_812\" data-nclose-cookie=\"spu_closing_812\" data-test-mode=\"0\" data-auto-hide=\"0\" data-close-on-conversion=\"1\" data-bgopa=\"0.5\" data-total=\"\" data-width=\"600\"><div class=\"spu-content\"><div style=\"margin-top: 0px; padding-top: 0px;\"><span style=\"color: #800000;\"><strong>Due to popular demand, the abstract submission deadline has been extended until November 10, 2024 for the last time.<\/strong><\/span><\/div><div id=\"m_-3710228825937687929Signature\">&nbsp;<\/div><\/div><\/div><p><!-- \/ Popups Box --><\/p><div id=\"fb-root\" class=\" fb_reset\">&nbsp;<\/div><p><!--facebook like and share js --><\/p><div id=\"fb-root\">&nbsp;<\/div><\/div><\/div><\/div><\/div><\/div><\/div><\/div><\/div><\/div>\n","protected":false},"excerpt":{"rendered":"<p>12thGlobal Conference onEnvironmental Studies(CENVISU-2025)Istanbul Ayd\u0131n UniversityIstanbul \u2013 TurkeyDecember 05-07, 2025Online and Face to Face International ConferenceDue Date for Abstract Submissions: 28th November 2025 (Extended)Articles selected by the editors of the journals supporting the conference will be invited to the journal\u2019s review process. Clarivate Analytics&#8230;<\/p>\n","protected":false},"author":5,"featured_media":0,"parent":0,"menu_order":0,"comment_status":"closed","ping_status":"open","template":"","meta":{"footnotes":""},"class_list":["post-2","page","type-page","status-publish","hentry"],"jetpack_sharing_enabled":true,"_links":{"self":[{"href":"https:\/\/globalcenter.info\/cenvisu\/index.php?rest_route=\/wp\/v2\/pages\/2"}],"collection":[{"href":"https:\/\/globalcenter.info\/cenvisu\/index.php?rest_route=\/wp\/v2\/pages"}],"about":[{"href":"https:\/\/globalcenter.info\/cenvisu\/index.php?rest_route=\/wp\/v2\/types\/page"}],"author":[{"embeddable":true,"href":"https:\/\/globalcenter.info\/cenvisu\/index.php?rest_route=\/wp\/v2\/users\/5"}],"replies":[{"embeddable":true,"href":"https:\/\/globalcenter.info\/cenvisu\/index.php?rest_route=%2Fwp%2Fv2%2Fcomments&post=2"}],"version-history":[{"count":175,"href":"https:\/\/globalcenter.info\/cenvisu\/index.php?rest_route=\/wp\/v2\/pages\/2\/revisions"}],"predecessor-version":[{"id":1310,"href":"https:\/\/globalcenter.info\/cenvisu\/index.php?rest_route=\/wp\/v2\/pages\/2\/revisions\/1310"}],"wp:attachment":[{"href":"https:\/\/globalcenter.info\/cenvisu\/index.php?rest_route=%2Fwp%2Fv2%2Fmedia&parent=2"}],"curies":[{"name":"wp","href":"https:\/\/api.w.org\/{rel}","templated":true}]}}