{"id":30,"date":"2015-11-30T12:51:56","date_gmt":"2015-11-30T10:51:56","guid":{"rendered":"http:\/\/www.awer-center.org\/cenvisu\/?page_id=30"},"modified":"2024-08-09T16:20:16","modified_gmt":"2024-08-09T13:20:16","slug":"accomodation","status":"publish","type":"page","link":"https:\/\/globalcenter.info\/cenvisu\/?page_id=30","title":{"rendered":"Accomodation"},"content":{"rendered":"\n<p>T.C. M\u0130LL\u00ce E\u011e\u0130T\u0130M BAKANLI\u011eI<br>\u0130STANBUL\/ATA\u015eEH\u0130R-\u0130stanbul Ata\u015fehir Z\u00fcbeyde Han\u0131m Hizmeti\u00e7i E\u011fitim Enstit\u00fcs\u00fc ve Ak\u015fam Sanat Okulu<\/p>\n\n\n\n<p>Contact:&nbsp;<\/p>\n\n\n\n<p><a href=\"https:\/\/zubeydehanimhee.meb.k12.tr\/tema\/iletisim.php\">https:\/\/zubeydehanimhee.meb.k12.tr\/tema\/iletisim.php<\/a><\/p>\n\n\n\n<p>&#8212;&#8212;&#8212;&#8212;&#8212;&#8212;&#8212;&#8212;&#8212;&#8212;&#8212;&#8212;-<\/p>\n","protected":false},"excerpt":{"rendered":"<p>T.C. M\u0130LL\u00ce E\u011e\u0130T\u0130M BAKANLI\u011eI\u0130STANBUL\/ATA\u015eEH\u0130R-\u0130stanbul Ata\u015fehir Z\u00fcbeyde Han\u0131m Hizmeti\u00e7i E\u011fitim Enstit\u00fcs\u00fc ve Ak\u015fam Sanat Okulu Contact:&nbsp; https:\/\/zubeydehanimhee.meb.k12.tr\/tema\/iletisim.php &#8212;&#8212;&#8212;&#8212;&#8212;&#8212;&#8212;&#8212;&#8212;&#8212;&#8212;&#8212;-<\/p>\n","protected":false},"author":5,"featured_media":0,"parent":0,"menu_order":0,"comment_status":"closed","ping_status":"closed","template":"","meta":{"footnotes":""},"class_list":["post-30","page","type-page","status-publish","hentry"],"jetpack_sharing_enabled":true,"_links":{"self":[{"href":"https:\/\/globalcenter.info\/cenvisu\/index.php?rest_route=\/wp\/v2\/pages\/30"}],"collection":[{"href":"https:\/\/globalcenter.info\/cenvisu\/index.php?rest_route=\/wp\/v2\/pages"}],"about":[{"href":"https:\/\/globalcenter.info\/cenvisu\/index.php?rest_route=\/wp\/v2\/types\/page"}],"author":[{"embeddable":true,"href":"https:\/\/globalcenter.info\/cenvisu\/index.php?rest_route=\/wp\/v2\/users\/5"}],"replies":[{"embeddable":true,"href":"https:\/\/globalcenter.info\/cenvisu\/index.php?rest_route=%2Fwp%2Fv2%2Fcomments&post=30"}],"version-history":[{"count":39,"href":"https:\/\/globalcenter.info\/cenvisu\/index.php?rest_route=\/wp\/v2\/pages\/30\/revisions"}],"predecessor-version":[{"id":1189,"href":"https:\/\/globalcenter.info\/cenvisu\/index.php?rest_route=\/wp\/v2\/pages\/30\/revisions\/1189"}],"wp:attachment":[{"href":"https:\/\/globalcenter.info\/cenvisu\/index.php?rest_route=%2Fwp%2Fv2%2Fmedia&parent=30"}],"curies":[{"name":"wp","href":"https:\/\/api.w.org\/{rel}","templated":true}]}}