{"id":52,"date":"2015-11-30T13:04:56","date_gmt":"2015-11-30T11:04:56","guid":{"rendered":"http:\/\/www.awer-center.org\/cenvisu\/?page_id=52"},"modified":"2025-12-04T11:57:02","modified_gmt":"2025-12-04T08:57:02","slug":"how_to_reach_to_conference_venue","status":"publish","type":"page","link":"https:\/\/globalcenter.info\/cenvisu\/?page_id=52","title":{"rendered":"How to Reach to Conference Venue"},"content":{"rendered":"<div class=\"vce-row-container\" data-vce-boxed-width=\"true\"><div class=\"vce-row vce-row--col-gap-30 vce-row-equal-height vce-row-content--top\" id=\"el-ea9f921e\" data-vce-do-apply=\"all el-ea9f921e\"><div class=\"vce-row-content\" data-vce-element-content=\"true\"><div class=\"vce-col vce-col--md-auto vce-col--xs-1 vce-col--xs-last vce-col--xs-first vce-col--sm-last vce-col--sm-first vce-col--md-last vce-col--lg-last vce-col--xl-last vce-col--md-first vce-col--lg-first vce-col--xl-first\" id=\"el-a3dc5b7a\"><div class=\"vce-col-inner\" data-vce-do-apply=\"border margin background  el-a3dc5b7a\"><div class=\"vce-col-content\" data-vce-element-content=\"true\" data-vce-do-apply=\"padding el-a3dc5b7a\"><div class=\"vce-text-block\"><div class=\"vce-text-block-wrapper vce\" id=\"el-ff848bb3\" data-vce-do-apply=\"all el-ff848bb3\"><p><span lang=\"EN-US\">How to Reach to Conference Venue<\/span><\/p><table style=\"height: 722px;\" border=\"0\" width=\"475\" cellspacing=\"0\" cellpadding=\"0\"><tbody><tr><td valign=\"top\" width=\"231\"><p align=\"center\">By Bus<\/p><p data-start=\"338\" data-end=\"489\">You can arrive by getting off at the stop near <strong data-start=\"385\" data-end=\"414\">Istanbul Ayd\u0131n University<\/strong> on \u0130n\u00f6n\u00fc Street.<br data-start=\"431\" data-end=\"434\">Common bus lines that pass near the university include:<\/p><ul data-start=\"491\" data-end=\"597\"><li data-start=\"491\" data-end=\"543\"><p data-start=\"493\" data-end=\"543\"><strong data-start=\"493\" data-end=\"541\">HT18, 73, 73F, 73G, 76D, 146T, 89C, 97A, 97B<\/strong><\/p><\/li><li data-start=\"544\" data-end=\"597\"><p data-start=\"546\" data-end=\"597\">Buses heading toward <strong data-start=\"567\" data-end=\"592\">K\u00fc\u00e7\u00fck\u00e7ekmece \u2013 Be\u015fyol<\/strong> area<\/p><\/li><\/ul><\/td><td valign=\"top\" width=\"180\"><p align=\"center\"><span lang=\"EN-US\">By Metrobus<\/span><\/p><p data-start=\"640\" data-end=\"717\">Take the Metrobus line toward <strong data-start=\"670\" data-end=\"681\">Avc\u0131lar<\/strong> or <strong data-start=\"685\" data-end=\"701\">S\u00f6\u011f\u00fctl\u00fc\u00e7e\u015fme<\/strong> and get off at:<\/p><ul data-start=\"719\" data-end=\"741\"><li data-start=\"719\" data-end=\"741\"><p data-start=\"721\" data-end=\"741\"><strong data-start=\"721\" data-end=\"739\">Be\u015fyol Station<\/strong><\/p><\/li><\/ul><p data-start=\"743\" data-end=\"826\">From Be\u015fyol Station, the university is within walking distance (about 5\u20137 minutes).<\/p><\/td><td valign=\"top\" width=\"269\"><p align=\"center\">&nbsp;<\/p><p align=\"center\"><span lang=\"EN-US\">By Metro<\/span><\/p><p data-start=\"866\" data-end=\"903\">Take the <strong data-start=\"875\" data-end=\"887\">Marmaray<\/strong> and get off at:<\/p><p data-start=\"907\" data-end=\"931\"><strong data-start=\"907\" data-end=\"931\">K\u00fc\u00e7\u00fck\u00e7ekmece Station<\/strong><\/p><p data-start=\"933\" data-end=\"1003\">From there, you can take a short taxi ride or a bus to the university.<\/p><p align=\"center\"><span lang=\"EN-US\"> Yerle\u015fkesi\"n<\/span><span lang=\"EN-US\">e ula\u015fabilirsiniz.<\/span><\/p><\/td><\/tr><\/tbody><\/table><p><span lang=\"EN-US\">-----------------------------------------------<\/span><\/p><\/div><\/div><\/div><\/div><\/div><\/div><\/div><\/div>\n","protected":false},"excerpt":{"rendered":"<p>How to Reach to Conference VenueBy BusYou can arrive by getting off at the stop near Istanbul Ayd\u0131n University on \u0130n\u00f6n\u00fc Street.Common bus lines that pass near the university include:HT18, 73, 73F, 73G, 76D, 146T, 89C, 97A, 97BBuses heading toward K\u00fc\u00e7\u00fck\u00e7ekmece \u2013 Be\u015fyol areaBy&#8230;<\/p>\n","protected":false},"author":5,"featured_media":0,"parent":0,"menu_order":0,"comment_status":"closed","ping_status":"closed","template":"","meta":{"footnotes":""},"class_list":["post-52","page","type-page","status-publish","hentry"],"jetpack_sharing_enabled":true,"_links":{"self":[{"href":"https:\/\/globalcenter.info\/cenvisu\/index.php?rest_route=\/wp\/v2\/pages\/52"}],"collection":[{"href":"https:\/\/globalcenter.info\/cenvisu\/index.php?rest_route=\/wp\/v2\/pages"}],"about":[{"href":"https:\/\/globalcenter.info\/cenvisu\/index.php?rest_route=\/wp\/v2\/types\/page"}],"author":[{"embeddable":true,"href":"https:\/\/globalcenter.info\/cenvisu\/index.php?rest_route=\/wp\/v2\/users\/5"}],"replies":[{"embeddable":true,"href":"https:\/\/globalcenter.info\/cenvisu\/index.php?rest_route=%2Fwp%2Fv2%2Fcomments&post=52"}],"version-history":[{"count":13,"href":"https:\/\/globalcenter.info\/cenvisu\/index.php?rest_route=\/wp\/v2\/pages\/52\/revisions"}],"predecessor-version":[{"id":1330,"href":"https:\/\/globalcenter.info\/cenvisu\/index.php?rest_route=\/wp\/v2\/pages\/52\/revisions\/1330"}],"wp:attachment":[{"href":"https:\/\/globalcenter.info\/cenvisu\/index.php?rest_route=%2Fwp%2Fv2%2Fmedia&parent=52"}],"curies":[{"name":"wp","href":"https:\/\/api.w.org\/{rel}","templated":true}]}}