{"id":741,"date":"2019-11-09T23:46:21","date_gmt":"2019-11-09T20:46:21","guid":{"rendered":"http:\/\/globalcenter.info\/cenvisu\/?page_id=741"},"modified":"2019-11-09T23:46:21","modified_gmt":"2019-11-09T20:46:21","slug":"cenvisu-2019","status":"publish","type":"page","link":"https:\/\/globalcenter.info\/cenvisu\/?page_id=741","title":{"rendered":"CENVISU &#8211; 2019"},"content":{"rendered":"\n<h5 class=\"wp-block-heading\" style=\"text-align:center\"><strong>7th Global Conference on Environmental Studies (CENVISU-2019)<\/strong><br><strong>Athens, Greece<br>01 \u2013 03 November 2019<\/strong><\/h5>\n\n\n\n<pre class=\"wp-block-preformatted\">Link to CENVISU\u00a02019 Abstract Book is available\u00a0<a rel=\"noreferrer noopener\" aria-label=\"here (yeni sekmede a\u00e7\u0131l\u0131r)\" href=\"http:\/\/www.cenvisu.org\" target=\"_blank\">here<\/a>\nLink to CENVISU 2019\u00a0Program Book is available\u00a0<a href=\"http:\/\/globalcenter.info\/cenvisu\/wp-content\/uploads\/2019\/10\/cenvisuson.pdf\">here<\/a>\nPhotos from\u00a0 CENVISU\u00a0\u00a02019 is available at\u00a0<a href=\"https:\/\/www.facebook.com\/taeg_center\" target=\"_blank\" rel=\"noreferrer noopener\" aria-label=\"here (yeni sekmede a\u00e7\u0131l\u0131r)\">here<\/a><\/pre>\n\n\n\n<p><\/p>\n","protected":false},"excerpt":{"rendered":"<p>7th Global Conference on Environmental Studies (CENVISU-2019)Athens, Greece01 \u2013 03 November 2019 Link to CENVISU\u00a02019 Abstract Book is available\u00a0here Link to CENVISU 2019\u00a0Program Book is available\u00a0here Photos from\u00a0 CENVISU\u00a0\u00a02019 is available at\u00a0here<\/p>\n","protected":false},"author":5,"featured_media":0,"parent":0,"menu_order":0,"comment_status":"closed","ping_status":"closed","template":"","meta":{"footnotes":""},"class_list":["post-741","page","type-page","status-publish","hentry"],"jetpack_sharing_enabled":true,"_links":{"self":[{"href":"https:\/\/globalcenter.info\/cenvisu\/index.php?rest_route=\/wp\/v2\/pages\/741"}],"collection":[{"href":"https:\/\/globalcenter.info\/cenvisu\/index.php?rest_route=\/wp\/v2\/pages"}],"about":[{"href":"https:\/\/globalcenter.info\/cenvisu\/index.php?rest_route=\/wp\/v2\/types\/page"}],"author":[{"embeddable":true,"href":"https:\/\/globalcenter.info\/cenvisu\/index.php?rest_route=\/wp\/v2\/users\/5"}],"replies":[{"embeddable":true,"href":"https:\/\/globalcenter.info\/cenvisu\/index.php?rest_route=%2Fwp%2Fv2%2Fcomments&post=741"}],"version-history":[{"count":1,"href":"https:\/\/globalcenter.info\/cenvisu\/index.php?rest_route=\/wp\/v2\/pages\/741\/revisions"}],"predecessor-version":[{"id":742,"href":"https:\/\/globalcenter.info\/cenvisu\/index.php?rest_route=\/wp\/v2\/pages\/741\/revisions\/742"}],"wp:attachment":[{"href":"https:\/\/globalcenter.info\/cenvisu\/index.php?rest_route=%2Fwp%2Fv2%2Fmedia&parent=741"}],"curies":[{"name":"wp","href":"https:\/\/api.w.org\/{rel}","templated":true}]}}