{"id":26,"date":"2013-04-15T13:24:20","date_gmt":"2013-04-15T10:24:20","guid":{"rendered":"http:\/\/www.awer-center.org\/comeng\/?page_id=26"},"modified":"2025-12-19T11:17:46","modified_gmt":"2025-12-19T08:17:46","slug":"organizating-committee","status":"publish","type":"page","link":"https:\/\/globalcenter.info\/comeng\/?page_id=26","title":{"rendered":"Organizing Committee"},"content":{"rendered":"<p><strong>Organizing Committee<\/strong><strong>\u00a0<\/strong><\/p>\n<p><strong>Organized by<\/strong><br \/>\nThe Academic Event Group<strong>\u00a0<\/strong><\/p>\n<p><strong>Chair<br \/>\n<\/strong>Mentor Hamiti, South East European University<\/p>\n<p><strong>International Program Committee<br \/>\n<\/strong><a href=\"https:\/\/www.muc.edu.iq\/?do=view&amp;type=staff&amp;id=47&amp;lang=en\">Ahmed Mancy Mosa<\/a><strong>,\u00a0<\/strong>Al Mansour University College<strong><br \/>\n<\/strong><a href=\"http:\/\/aab-edu.net\/en\/persons\/blerta-prevalla-etemi-en-translation\/\">Blerta Prevalla<\/a><strong>,\u00a0<\/strong><em>AAB College<\/em>, Republic of Kosovo<br \/>\n<a href=\"http:\/\/www.seeu.edu.mk\/en\/~m.hamiti\">Mentor Hamiti<\/a>,\u00a0<em>South East European University<\/em>, Macedonia<strong><br \/>\n<\/strong><a href=\"https:\/\/www.linkedin.com\/in\/adem-karahoca-00b5bb17\">Adem Karahoca<\/a>,\u00a0<em>MEF University<\/em>, Turkey<br \/>\n<a href=\"https:\/\/al.linkedin.com\/in\/adisa-daberdini-0a029a29\">Adisa Daberdini<\/a>,\u00a0<em>Albanian University<\/em>, Albania<br \/>\nKayvan Kaseb, Researcher at Istanbul University, Turkey<br \/>\nLevent \u00c7etinkaya, \u00c7anakkale Onsekiz Mart University, Turkey<br \/>\n<a href=\"https:\/\/www.cmpe.boun.edu.tr\/people\/ufuk.caglayan\">Mehmet Ufuk \u00c7a\u011flayan<\/a>,\u00a0<em>Bogazici University<\/em>, Turkey<br \/>\n<a href=\"http:\/\/www.websitem.gazi.edu.tr\/site\/asli\/academic\">Asl\u0131han T\u00fcfek\u00e7i<\/a>,\u00a0<em>Gazi University<\/em>, Turkey<br \/>\n<a href=\"http:\/\/www.mie.utoronto.ca\/faculty\/turksen\/\">B. Turksen<\/a>,\u00a0<em>University of Toronto<\/em>, Canada<br \/>\n<a href=\"http:\/\/en.kemerburgaz.edu.tr\/tr\/universite-kadrosu\/osman-nuri-ucan\">Osman Nuri U\u00e7an<\/a>,\u00a0<em>Alt\u0131nba\u015f University<\/em>, Turkey<br \/>\n<a href=\"http:\/\/www.seeu.edu.mk\/en\/~l.abazi\">Lejla Abazi<\/a>,\u00a0<em>South East European University<\/em>, Republic of Macedonia<br \/>\n<a href=\"http:\/\/www.mdx.ac.uk\/about-us\/our-people\/staff-directory\/profile\/karamanoglu-mehmet\">Mehmet Karamanoglu<\/a>,\u00a0<em>Middlesex University<\/em>, UK<br \/>\n<a href=\"https:\/\/neu.edu.tr\/academic\/faculties\/faculty-of-engineering\/academic-staff\/prof-dr-rahib-h-abiyev\/\">Rahib H. Abiyev<\/a>,\u00a0<em>Near East University<\/em>, Cyprus<\/p>\n<p><strong>Organizing Committee<br \/>\n<\/strong>Tahir Tavuk\u00e7u, AAB College, Kosova<br \/>\nNihat Ekizo\u011flu, Ataturk Teacher Training Academy<br \/>\nBlerta Prevalla Etemi<strong>,\u00a0<\/strong>AAB University, Kosova<br \/>\nFlorijeta Hulaj,\u00a0<em>AAB College, Kosova<\/em><br \/>\nLilia Trushko, Girne American University<br \/>\nNesli Bahar Yava\u015f, European University of Lefke<br \/>\nSemih \u00c7al\u0131\u015fkan, \u0130zmir T\u0131naztepe University<br \/>\nZeynep Gen\u00e7, Istanbul Ayd\u0131n University<strong>\u00a0<\/strong><\/p>\n<p><strong>Secretariat<\/strong><br \/>\nNuran Cemal<br \/>\n<a href=\"mailto:comeng.info@gmail.com\">comeng.info@gmail.com<\/a><\/p>\n","protected":false},"excerpt":{"rendered":"<p>Organizing Committee\u00a0 Organized by The Academic Event Group\u00a0 Chair Mentor Hamiti, South East European University International Program Committee Ahmed Mancy Mosa,\u00a0Al Mansour University College Blerta Prevalla,\u00a0AAB College, Republic of Kosovo Mentor Hamiti,\u00a0South East European University, Macedonia Adem Karahoca,\u00a0MEF University, Turkey Adisa Daberdini,\u00a0Albanian University, Albania Kayvan Kaseb, Researcher at Istanbul University, Turkey Levent \u00c7etinkaya, \u00c7anakkale Onsekiz [&hellip;]<\/p>\n","protected":false},"author":3,"featured_media":0,"parent":0,"menu_order":0,"comment_status":"closed","ping_status":"open","template":"","meta":{"footnotes":""},"class_list":["post-26","page","type-page","status-publish","hentry"],"_links":{"self":[{"href":"https:\/\/globalcenter.info\/comeng\/index.php?rest_route=\/wp\/v2\/pages\/26"}],"collection":[{"href":"https:\/\/globalcenter.info\/comeng\/index.php?rest_route=\/wp\/v2\/pages"}],"about":[{"href":"https:\/\/globalcenter.info\/comeng\/index.php?rest_route=\/wp\/v2\/types\/page"}],"author":[{"embeddable":true,"href":"https:\/\/globalcenter.info\/comeng\/index.php?rest_route=\/wp\/v2\/users\/3"}],"replies":[{"embeddable":true,"href":"https:\/\/globalcenter.info\/comeng\/index.php?rest_route=%2Fwp%2Fv2%2Fcomments&post=26"}],"version-history":[{"count":29,"href":"https:\/\/globalcenter.info\/comeng\/index.php?rest_route=\/wp\/v2\/pages\/26\/revisions"}],"predecessor-version":[{"id":1720,"href":"https:\/\/globalcenter.info\/comeng\/index.php?rest_route=\/wp\/v2\/pages\/26\/revisions\/1720"}],"wp:attachment":[{"href":"https:\/\/globalcenter.info\/comeng\/index.php?rest_route=%2Fwp%2Fv2%2Fmedia&parent=26"}],"curies":[{"name":"wp","href":"https:\/\/api.w.org\/{rel}","templated":true}]}}