{"id":48,"date":"2013-04-15T13:27:52","date_gmt":"2013-04-15T10:27:52","guid":{"rendered":"http:\/\/www.awer-center.org\/comeng\/?page_id=48"},"modified":"2023-12-17T16:12:52","modified_gmt":"2023-12-17T13:12:52","slug":"conference-registrations","status":"publish","type":"page","link":"https:\/\/globalcenter.info\/comeng\/?page_id=48","title":{"rendered":"Conference Registration"},"content":{"rendered":"<table width=\"625\">\n<tbody>\n<tr>\n<td width=\"146\"><\/td>\n<td width=\"166\"><strong>Early Registration Until 15 February 2024<\/strong><\/td>\n<td width=\"169\"><strong>Late Registration<br \/>\n<\/strong>\u00a0<strong>After 15 March 2024\u00a0<\/strong><\/td>\n<td width=\"144\">Registration Desk<\/td>\n<\/tr>\n<tr>\n<td width=\"146\">Oral Participant<\/td>\n<td width=\"166\"><strong>110<\/strong><strong>\u20ac<\/strong><\/td>\n<td width=\"169\">120\u20ac<\/td>\n<td width=\"144\">150\u20ac<\/td>\n<\/tr>\n<tr>\n<td width=\"146\">Virtual Participant<\/td>\n<td width=\"166\"><strong>110<\/strong><strong>\u20ac<\/strong><\/td>\n<td width=\"169\">120\u20ac<\/td>\n<td width=\"144\">150\u20ac<\/td>\n<\/tr>\n<tr>\n<td width=\"146\">Audience<\/td>\n<td width=\"166\"><strong>50\u20ac<\/strong><\/td>\n<td width=\"169\">60\u20ac<\/td>\n<td width=\"144\">80\u20ac<\/td>\n<\/tr>\n<tr>\n<td width=\"146\">Accompanying Person<\/td>\n<td width=\"166\"><strong>40<\/strong><strong>\u20ac<\/strong><\/td>\n<td width=\"169\">50\u20ac<\/td>\n<td width=\"144\">70\u20ac<\/td>\n<\/tr>\n<\/tbody>\n<\/table>\n<p><strong>* Student ID verification is required. <\/strong><\/p>\n<p><strong>Registration fee includes:<\/strong><\/p>\n<ul>\n<li>Paper Publication<\/li>\n<li>Cost for Publishing one Paper<\/li>\n<li>Cost of Attendance for one Participant<\/li>\n<li>Participation Certificate<\/li>\n<li>Entrance to all Workshops<\/li>\n<li>Printed Program Book<\/li>\n<li>Conference Bag<\/li>\n<li>Hot Beverages<\/li>\n<li>Free Wireless Internet Connection<\/li>\n<\/ul>\n<p><strong>Audience Registration Fee Includes<\/strong><\/p>\n<ul>\n<li>Audience Certificate<\/li>\n<li>Conference Bag<\/li>\n<li>Hot Beverages<\/li>\n<li>Free Wireless Internet Connection<\/li>\n<li>Cost of attendance for one participant<\/li>\n<li>Printed Program Book<\/li>\n<\/ul>\n<p><span style=\"color: #ff0000;\"><strong>Important:<\/strong><\/span><\/p>\n<ul>\n<li>At least one author has to register within 2 weeks after notification to be included into the programme.<\/li>\n<li>If a paper has multiple authors and these authors\u2019 names are written in more than two papers, these authors have made normal registration payment<\/li>\n<li>The second and more papers 80\u20ac Euro each.<\/li>\n<li>A Group discount of 15% is available for 6 or more participants (except student) from the same institution, registering at the same time.<\/li>\n<li>If your paper is not accepted by the reviewers, your payment will be refunded.<\/li>\n<li>When you make your payment please scan your payment receipt to\u00a0<a href=\"mailto:comeng.info@gmail.com\">info@gmail.com<\/a><\/li>\n<\/ul>\n<p>and also do not forget to write paper ID number<\/p>\n<ul>\n<li>Full article should be at least 3500 words and not more than 6000 words.<\/li>\n<li>Refund is only possible till 20 days before from the conference starting date, and you will get your refund after one week later from the conference finishing date.<\/li>\n<li>TRNC citizens are exempt from the participation fee.<\/li>\n<\/ul>\n<p><strong><u>CREDIT CARD PAYMENT<\/u><\/strong><\/p>\n<p><a href=\"https:\/\/www.globalcenter.info\/payment\/index.php?route=product\/product&amp;product_id=292\"><img loading=\"lazy\" decoding=\"async\" class=\"alignnone\" src=\"http:\/\/globalcenter.info\/comeng\/wp-content\/uploads\/payment-logo-300x109.png\" alt=\"Bu g\u00f6rsel bo\u015f bir alt niteli\u011fe sahip; dosya ad\u0131 payment-logo-300x109.png\" width=\"300\" height=\"109\" \/><\/a><\/p>\n<p><strong>Contacts for Registration and Accommodation Only<\/strong><\/p>\n<p>WhatsApp:+90 542 873 73 31<br \/>\nEmail: congress.infodesk@gmail.com<\/p>\n<p><strong>Important Note:<\/strong>\u00a0This phone opens from 9.00 am to 18.00 pm\u00a0<span style=\"color: #ff0000;\"><strong>(GMT+02:00 \u2013 Athens, Istanbul)<\/strong><\/span>\u00a0during the week. If the organizer of the conference is not convenient, he might not reply your phone. You can call again after a while in order to contact to him.<\/p>\n","protected":false},"excerpt":{"rendered":"<p>Early Registration Until 15 February 2024 Late Registration \u00a0After 15 March 2024\u00a0 Registration Desk Oral Participant 110\u20ac 120\u20ac 150\u20ac Virtual Participant 110\u20ac 120\u20ac 150\u20ac Audience 50\u20ac 60\u20ac 80\u20ac Accompanying Person 40\u20ac 50\u20ac 70\u20ac * Student ID verification is required. Registration fee includes: Paper Publication Cost for Publishing one Paper Cost of Attendance for one Participant [&hellip;]<\/p>\n","protected":false},"author":3,"featured_media":0,"parent":0,"menu_order":0,"comment_status":"closed","ping_status":"open","template":"","meta":{"footnotes":""},"class_list":["post-48","page","type-page","status-publish","hentry"],"_links":{"self":[{"href":"https:\/\/globalcenter.info\/comeng\/index.php?rest_route=\/wp\/v2\/pages\/48"}],"collection":[{"href":"https:\/\/globalcenter.info\/comeng\/index.php?rest_route=\/wp\/v2\/pages"}],"about":[{"href":"https:\/\/globalcenter.info\/comeng\/index.php?rest_route=\/wp\/v2\/types\/page"}],"author":[{"embeddable":true,"href":"https:\/\/globalcenter.info\/comeng\/index.php?rest_route=\/wp\/v2\/users\/3"}],"replies":[{"embeddable":true,"href":"https:\/\/globalcenter.info\/comeng\/index.php?rest_route=%2Fwp%2Fv2%2Fcomments&post=48"}],"version-history":[{"count":98,"href":"https:\/\/globalcenter.info\/comeng\/index.php?rest_route=\/wp\/v2\/pages\/48\/revisions"}],"predecessor-version":[{"id":1665,"href":"https:\/\/globalcenter.info\/comeng\/index.php?rest_route=\/wp\/v2\/pages\/48\/revisions\/1665"}],"wp:attachment":[{"href":"https:\/\/globalcenter.info\/comeng\/index.php?rest_route=%2Fwp%2Fv2%2Fmedia&parent=48"}],"curies":[{"name":"wp","href":"https:\/\/api.w.org\/{rel}","templated":true}]}}