{"id":62,"date":"2013-04-15T13:29:42","date_gmt":"2013-04-15T10:29:42","guid":{"rendered":"http:\/\/www.awer-center.org\/comeng\/?page_id=62"},"modified":"2020-01-27T12:47:18","modified_gmt":"2020-01-27T09:47:18","slug":"conference-place","status":"publish","type":"page","link":"https:\/\/globalcenter.info\/comeng\/?page_id=62","title":{"rendered":"Conference Place"},"content":{"rendered":"<p><strong>Ayvansaray University<\/strong><br \/>\n<strong>Address:<\/strong> \u0130stanbul Ayvansaray \u00dcniversitesi, Balat, \u0130stanbul Ayvansaray \u00dcniversitesi, Ayvansaray Cd. No:45 D:45, 34087 Fatih\/\u0130stanbul<\/p>\n<hr \/>\n<p><iframe loading=\"lazy\" style=\"border: 0;\" src=\"https:\/\/www.google.com\/maps\/embed?pb=!1m18!1m12!1m3!1d96336.7615389027!2d28.78994578468732!3d41.01379500219724!2m3!1f0!2f0!3f0!3m2!1i1024!2i768!4f13.1!3m3!1m2!1s0x14caba06e4ad6a57%3A0xc4e8a476554f3af3!2s%C4%B0stanbul%20Ayvansaray%20%C3%9Cniversitesi!5e0!3m2!1str!2str!4v1580118176493!5m2!1str!2str\" width=\"600\" height=\"450\" frameborder=\"0\" allowfullscreen=\"allowfullscreen\"><\/iframe><\/p>\n","protected":false},"excerpt":{"rendered":"<p>Ayvansaray University Address: \u0130stanbul Ayvansaray \u00dcniversitesi, Balat, \u0130stanbul Ayvansaray \u00dcniversitesi, Ayvansaray Cd. No:45 D:45, 34087 Fatih\/\u0130stanbul<\/p>\n","protected":false},"author":3,"featured_media":0,"parent":0,"menu_order":0,"comment_status":"closed","ping_status":"open","template":"","meta":{"footnotes":""},"class_list":["post-62","page","type-page","status-publish","hentry"],"_links":{"self":[{"href":"https:\/\/globalcenter.info\/comeng\/index.php?rest_route=\/wp\/v2\/pages\/62"}],"collection":[{"href":"https:\/\/globalcenter.info\/comeng\/index.php?rest_route=\/wp\/v2\/pages"}],"about":[{"href":"https:\/\/globalcenter.info\/comeng\/index.php?rest_route=\/wp\/v2\/types\/page"}],"author":[{"embeddable":true,"href":"https:\/\/globalcenter.info\/comeng\/index.php?rest_route=\/wp\/v2\/users\/3"}],"replies":[{"embeddable":true,"href":"https:\/\/globalcenter.info\/comeng\/index.php?rest_route=%2Fwp%2Fv2%2Fcomments&post=62"}],"version-history":[{"count":22,"href":"https:\/\/globalcenter.info\/comeng\/index.php?rest_route=\/wp\/v2\/pages\/62\/revisions"}],"predecessor-version":[{"id":1311,"href":"https:\/\/globalcenter.info\/comeng\/index.php?rest_route=\/wp\/v2\/pages\/62\/revisions\/1311"}],"wp:attachment":[{"href":"https:\/\/globalcenter.info\/comeng\/index.php?rest_route=%2Fwp%2Fv2%2Fmedia&parent=62"}],"curies":[{"name":"wp","href":"https:\/\/api.w.org\/{rel}","templated":true}]}}