{"id":10,"date":"2015-11-26T09:23:12","date_gmt":"2015-11-26T07:23:12","guid":{"rendered":"http:\/\/awer-center.org\/cyicer\/?page_id=10"},"modified":"2019-07-06T10:52:20","modified_gmt":"2019-07-06T07:52:20","slug":"organizing-committee","status":"publish","type":"page","link":"https:\/\/globalcenter.info\/cyicer\/?page_id=10","title":{"rendered":"Organizing Committee"},"content":{"rendered":"<p><strong>Honorary President<br \/>\n<\/strong>Selman ARSLANBA\u015e<br \/>\nThe President of board of the Trustees<\/p>\n<p><strong>Presiden<br \/>\n<\/strong>Prof. Dr. Ahmet B\u00fclend G\u00d6KSEL<br \/>\nRector of Cyprus Science University<\/p>\n<p><strong>Program Chair<br \/>\n<\/strong>Prof. Dr. Ahmet Zafer G\u00d6K\u00c7AKAN<br \/>\nDean, Faculty of Educational Sciences<\/p>\n<p><strong>Co-Chair<br \/>\n<\/strong>Prof. Dr. Orhan \u00c7ift\u00e7i<br \/>\nVice Dean, Faculty of Educational Sciences<\/p>\n<p><strong>Program Committee<br \/>\n<\/strong>Prof. Dr. Bekir \u00d6zer, Eastern Mediterranean University<br \/>\nProf. Dr. Huseyin Uzunboylu, Near East University<br \/>\nProf. Dr. O\u011fuz Karakartal, Cyprus Social Sciences University<br \/>\nProf. Dr. Oguz Serin, European University of Lefke<br \/>\nAssoc. Prof. Dr. Hasan Eri\u015f, Cyprus International University<br \/>\nAssoc. Prof. Dr. Olga Pilli, Girne Amerikan University<br \/>\nAssoc. Prof. Dr. Zehra \u00d6z\u00e7\u0131nar, Ataturk Teacher Training Academy<br \/>\nAssoc. Prof. Dr. Oytun S\u00f6z\u00fcdo\u011fru, Adakent University<br \/>\nAssoc. Prof. Dr. Sibel Din\u00e7y\u00fcrek, Eastern Mediterranean University<br \/>\nAssoc. Prof. Dr. Sibel Kaymakamo\u011flu, European University of Lefke<br \/>\nAssist. Prof. Dr. F. S\u00fclen \u015eahin Kiralp, European University of Lefke<br \/>\nAssist. Prof. Dr. Nazan Comuno\u011flu, Atat\u00fcrk Teacher Training Academy<\/p>\n<p><strong>Organizing Committee<br \/>\n<\/strong>Dr. Tahir Tavuk\u00e7u, Cyprus Social Sciences University<br \/>\nDr. Nihat Ekizo\u011flu, Ataturk Teacher Training Academy<br \/>\nBlerta Prevalla Etemi<strong>, <\/strong>AAB University<br \/>\nFlorijeta Hulaj, <em>AAB College<\/em><br \/>\nLilia Trushko, Girne American University<br \/>\nNesli Bahar Yava\u015f, European University of Lefke<br \/>\nSemih \u00c7al\u0131\u015fkan, Istanbul Ayd\u0131n University<br \/>\nZeynep Gen\u00e7, Istanbul Ayd\u0131n University<strong>\u00a0<\/strong><\/p>\n<p><strong>Secretariat<\/strong><br \/>\nMetin Berk Odabas\u0131, Warwick University, UK<br \/>\n<a href=\"mailto:cyicer.info@gmail.com\">cyicer.info@gmail.com<\/a><\/p>\n","protected":false},"excerpt":{"rendered":"<p>Honorary President Selman ARSLANBA\u015e The President of board of the Trustees Presiden Prof. Dr. Ahmet B\u00fclend G\u00d6KSEL Rector of Cyprus&hellip;<\/p>\n","protected":false},"author":5,"featured_media":0,"parent":0,"menu_order":0,"comment_status":"closed","ping_status":"closed","template":"","meta":{"footnotes":""},"class_list":["post-10","page","type-page","status-publish","hentry"],"yoast_head":"<!-- This site is optimized with the Yoast SEO plugin v24.8.1 - https:\/\/yoast.com\/wordpress\/plugins\/seo\/ -->\n<title>Organizing Committee -<\/title>\n<meta name=\"robots\" content=\"index, follow, max-snippet:-1, max-image-preview:large, max-video-preview:-1\" \/>\n<link rel=\"canonical\" href=\"https:\/\/globalcenter.info\/cyicer\/?page_id=10\" \/>\n<meta property=\"og:locale\" content=\"tr_TR\" \/>\n<meta property=\"og:type\" content=\"article\" \/>\n<meta property=\"og:title\" content=\"Organizing Committee -\" \/>\n<meta property=\"og:description\" content=\"Honorary President Selman ARSLANBA\u015e The President of board of the Trustees Presiden Prof. Dr. Ahmet B\u00fclend G\u00d6KSEL Rector of Cyprus&hellip;\" \/>\n<meta property=\"og:url\" content=\"https:\/\/globalcenter.info\/cyicer\/?page_id=10\" \/>\n<meta property=\"article:modified_time\" content=\"2019-07-06T07:52:20+00:00\" \/>\n<meta name=\"twitter:card\" content=\"summary_large_image\" \/>\n<meta name=\"twitter:label1\" content=\"Tahmini okuma s\u00fcresi\" \/>\n\t<meta name=\"twitter:data1\" content=\"1 dakika\" \/>\n<script type=\"application\/ld+json\" class=\"yoast-schema-graph\">{\"@context\":\"https:\/\/schema.org\",\"@graph\":[{\"@type\":\"WebPage\",\"@id\":\"https:\/\/globalcenter.info\/cyicer\/?page_id=10\",\"url\":\"https:\/\/globalcenter.info\/cyicer\/?page_id=10\",\"name\":\"Organizing Committee -\",\"isPartOf\":{\"@id\":\"https:\/\/globalcenter.info\/cyicer\/#website\"},\"datePublished\":\"2015-11-26T07:23:12+00:00\",\"dateModified\":\"2019-07-06T07:52:20+00:00\",\"breadcrumb\":{\"@id\":\"https:\/\/globalcenter.info\/cyicer\/?page_id=10#breadcrumb\"},\"inLanguage\":\"tr\",\"potentialAction\":[{\"@type\":\"ReadAction\",\"target\":[\"https:\/\/globalcenter.info\/cyicer\/?page_id=10\"]}]},{\"@type\":\"BreadcrumbList\",\"@id\":\"https:\/\/globalcenter.info\/cyicer\/?page_id=10#breadcrumb\",\"itemListElement\":[{\"@type\":\"ListItem\",\"position\":1,\"name\":\"Home\",\"item\":\"https:\/\/globalcenter.info\/cyicer\/\"},{\"@type\":\"ListItem\",\"position\":2,\"name\":\"Organizing Committee\"}]},{\"@type\":\"WebSite\",\"@id\":\"https:\/\/globalcenter.info\/cyicer\/#website\",\"url\":\"https:\/\/globalcenter.info\/cyicer\/\",\"name\":\"GLOBAL CENTER\",\"description\":\"\",\"potentialAction\":[{\"@type\":\"SearchAction\",\"target\":{\"@type\":\"EntryPoint\",\"urlTemplate\":\"https:\/\/globalcenter.info\/cyicer\/?s={search_term_string}\"},\"query-input\":{\"@type\":\"PropertyValueSpecification\",\"valueRequired\":true,\"valueName\":\"search_term_string\"}}],\"inLanguage\":\"tr\"}]}<\/script>\n<!-- \/ Yoast SEO plugin. -->","yoast_head_json":{"title":"Organizing Committee -","robots":{"index":"index","follow":"follow","max-snippet":"max-snippet:-1","max-image-preview":"max-image-preview:large","max-video-preview":"max-video-preview:-1"},"canonical":"https:\/\/globalcenter.info\/cyicer\/?page_id=10","og_locale":"tr_TR","og_type":"article","og_title":"Organizing Committee -","og_description":"Honorary President Selman ARSLANBA\u015e The President of board of the Trustees Presiden Prof. Dr. Ahmet B\u00fclend G\u00d6KSEL Rector of Cyprus&hellip;","og_url":"https:\/\/globalcenter.info\/cyicer\/?page_id=10","article_modified_time":"2019-07-06T07:52:20+00:00","twitter_card":"summary_large_image","twitter_misc":{"Tahmini okuma s\u00fcresi":"1 dakika"},"schema":{"@context":"https:\/\/schema.org","@graph":[{"@type":"WebPage","@id":"https:\/\/globalcenter.info\/cyicer\/?page_id=10","url":"https:\/\/globalcenter.info\/cyicer\/?page_id=10","name":"Organizing Committee -","isPartOf":{"@id":"https:\/\/globalcenter.info\/cyicer\/#website"},"datePublished":"2015-11-26T07:23:12+00:00","dateModified":"2019-07-06T07:52:20+00:00","breadcrumb":{"@id":"https:\/\/globalcenter.info\/cyicer\/?page_id=10#breadcrumb"},"inLanguage":"tr","potentialAction":[{"@type":"ReadAction","target":["https:\/\/globalcenter.info\/cyicer\/?page_id=10"]}]},{"@type":"BreadcrumbList","@id":"https:\/\/globalcenter.info\/cyicer\/?page_id=10#breadcrumb","itemListElement":[{"@type":"ListItem","position":1,"name":"Home","item":"https:\/\/globalcenter.info\/cyicer\/"},{"@type":"ListItem","position":2,"name":"Organizing Committee"}]},{"@type":"WebSite","@id":"https:\/\/globalcenter.info\/cyicer\/#website","url":"https:\/\/globalcenter.info\/cyicer\/","name":"GLOBAL CENTER","description":"","potentialAction":[{"@type":"SearchAction","target":{"@type":"EntryPoint","urlTemplate":"https:\/\/globalcenter.info\/cyicer\/?s={search_term_string}"},"query-input":{"@type":"PropertyValueSpecification","valueRequired":true,"valueName":"search_term_string"}}],"inLanguage":"tr"}]}},"_links":{"self":[{"href":"https:\/\/globalcenter.info\/cyicer\/index.php?rest_route=\/wp\/v2\/pages\/10","targetHints":{"allow":["GET"]}}],"collection":[{"href":"https:\/\/globalcenter.info\/cyicer\/index.php?rest_route=\/wp\/v2\/pages"}],"about":[{"href":"https:\/\/globalcenter.info\/cyicer\/index.php?rest_route=\/wp\/v2\/types\/page"}],"author":[{"embeddable":true,"href":"https:\/\/globalcenter.info\/cyicer\/index.php?rest_route=\/wp\/v2\/users\/5"}],"replies":[{"embeddable":true,"href":"https:\/\/globalcenter.info\/cyicer\/index.php?rest_route=%2Fwp%2Fv2%2Fcomments&post=10"}],"version-history":[{"count":12,"href":"https:\/\/globalcenter.info\/cyicer\/index.php?rest_route=\/wp\/v2\/pages\/10\/revisions"}],"predecessor-version":[{"id":724,"href":"https:\/\/globalcenter.info\/cyicer\/index.php?rest_route=\/wp\/v2\/pages\/10\/revisions\/724"}],"wp:attachment":[{"href":"https:\/\/globalcenter.info\/cyicer\/index.php?rest_route=%2Fwp%2Fv2%2Fmedia&parent=10"}],"curies":[{"name":"wp","href":"https:\/\/api.w.org\/{rel}","templated":true}]}}