{"id":8,"date":"2015-11-26T09:22:22","date_gmt":"2015-11-26T07:22:22","guid":{"rendered":"http:\/\/awer-center.org\/cyicer\/?page_id=8"},"modified":"2022-03-15T10:48:50","modified_gmt":"2022-03-15T07:48:50","slug":"international-advisory-board","status":"publish","type":"page","link":"https:\/\/globalcenter.info\/cyicer\/?page_id=8","title":{"rendered":"International Advisory Board"},"content":{"rendered":"<p><span style=\"color: #000000;\"><span lang=\"EN-US\">Ahmet Pehlivan, <i> Eastern Mediterranean University<\/i>, North Cyprus<br \/>\nAkbar Salehi, <i>Kharazmi University<\/i>, Iran<br \/>\nAli Amiri, University<i> of Zanjan<\/i>, Iran<br \/>\nAli Rahimi, <i>Bangkok University<\/i>, Thailand<br \/>\n<\/span><span lang=\"EN-US\">Ana Loureiro, <i>Polytechnics Institute of Santarem<\/i>, Portugal<br \/>\n<\/span><span lang=\"EN-US\">Ayd\u0131n Ankay, <i>Girne American University<\/i>, North Cyprus<br \/>\nAy\u015fe \u00c7ak\u0131r \u0130lhan, <i>Ankara University<\/i>, Turkey<br \/>\nAy\u015feg\u00fcl Ataman, <i>European University of Lefke<\/i>, North Cyprus<br \/>\nBekir \u00d6zer, <i>Eastern Mediterranean University<\/i>, North Cyprus<br \/>\n<\/span><span lang=\"EN-US\">Bimbola Kemi Odu,<i>University of Ado-Ekiti<\/i>, Nigeria<br \/>\nCarmen P\u00e9rez Sabater \u2013 <i>Universitat Polit\u00e8cnica de Val\u00e8ncia<\/i>, Spain<br \/>\n<\/span><span lang=\"EN-US\">Cevat Celep, <i>Kocaeli University<\/i>, Turkey<\/span><\/span><br \/>\n<span style=\"color: #000000;\"><span lang=\"EN-US\">Chee Ken Nee, Universiti Pendidikan Sultan Idris, Malaysia<\/span><\/span><br \/>\n<span style=\"color: #000000;\"><span lang=\"EN-US\">Cihan Cobanoglu, <i>University of Southern Florida-Manatee<\/i>, USA<br \/>\nDennis A. Conrad, <i>University of New York<\/i>, USA<br \/>\nElena Lupu, <i>Oil and Gas University<\/i>, Romania<br \/>\nEmmanuel Hooper, <i>Harvard University<\/i>, USA<br \/>\n<\/span><span lang=\"EN-US\">Fato\u015f Silman, <i>Cyprus International University<\/i>, North Cyprus<br \/>\n<\/span><span lang=\"EN-US\">Funminiyi Olajide, <i>University of Portsmouth<\/i>, UK<br \/>\nGeorge S. Mouzakitis, <i>Retired Professor<\/i>, Greece<br \/>\n<\/span><span lang=\"EN-US\">Ghadir Golkarian, <i>Girne American University<\/i>, North Cyprus<br \/>\nG\u00f6n\u00fcl Ak\u00e7amete, Near<i> East University<\/i>, North Cyprus<br \/>\nG\u00fcls\u00fcn A. Baskan, <i>Hacettepe University<\/i>, Turkey<br \/>\nH. Ferhan Odaba\u015f\u0131, <i>Anadolu University<\/i>, Turkey<br \/>\nHafize Keser, Ankara University, Turkey<br \/>\nHalil \u0130brahim Yal\u0131n, <i>Eastern Mediterranean University<\/i>, North Cyprus<br \/>\nH\u00fcseyin Uzunboylu, <i>Near East University<\/i>, North Cyprus<br \/>\n<\/span><span lang=\"EN-US\">Gergana Argirova, <i>University of Denver<\/i>, USA<br \/>\nIoan-Gheorghe Rotaru,<i>\u00a0Timotheus\u2019 Brethren Theological Institute of Bucharest<\/i>, Romania<br \/>\n<\/span><span lang=\"EN-US\">Jacobus G. Maree, <i>University Of Pretoria<\/i>, South Africa<br \/>\nJanet Parker, <i>Open University<\/i>, UK<br \/>\nJean Underwood, <i>Nottingham Trent University<\/i>, UK<br \/>\nJes\u00fas Garc\u00eda Laborda, <i>University of Alcal\u00e1<\/i>, Spain<br \/>\nJung-Cheol Shini, <i>Seoul National University<\/i>, South Korea<br \/>\nKamisah Osman, <i>Universiti Kebangsaan<\/i>, Malaysia<br \/>\n<\/span><span lang=\"EN-US\">Kinshuk, <i> Athabasca University<\/i>, Canada<br \/>\nKobus Maree, <i>Pretoria University<\/i>, South Africa<br \/>\nLan Jiang, <i>University of Nevada Las Vegas<\/i>, USA<br \/>\nMaria Helena Esteves, <i>University of Lisbon<\/i>, Portugal<br \/>\n<\/span><span lang=\"EN-US\">Marilyn Campbell, Queensland University of Technology, Australia<br \/>\n<\/span><span lang=\"EN-US\">Martha Burkle, <i>SAIT Polytechnic<\/i>, Canada<br \/>\n<\/span><span lang=\"EN-US\">Mehmet \u00c7a\u011flar, <i>Near East University<\/i>, North Cyprus<br \/>\n<\/span><span lang=\"EN-US\">Mehmet Erdem, <i>University of Nevada Las Vegas<\/i>, USA<br \/>\nMilan Matijevi\u0107, <i>University of Zagreb<\/i>, Croatia<br \/>\n<\/span><span lang=\"EN-US\">Mohammad H. Yarmohammadian, <i>Isfahan University of Medical Sciences<\/i>, Iran<br \/>\n<\/span><span lang=\"EN-US\">Mona O\u2019Moore, <i>Trinity College Dublin<\/i>, Ireland<br \/>\n<\/span><\/span><span lang=\"EN-US\">Natalya Khokholova, Yeoju Technical Institute in Tashkent, Uzbekistan<br \/>\n<\/span><span style=\"color: #000000;\"><span lang=\"EN-US\">Nejat Sefercio\u011flu, <i>Girne American University<\/i>, North Cyprus<br \/>\nNejdet Osam, <i>Eastern Mediterranean University<\/i>, North Cyprus<br \/>\nNick Rusby, <i>British Journal of Educational Technology<\/i>, UK<br \/>\n<\/span><span lang=\"EN-US\">Norma Nel, <i>University of South Africa<\/i>, South Africa<br \/>\n<\/span><span lang=\"EN-US\">O\u011fuz Karakartal, <i>Girne American University<\/i>, North Cyprus<br \/>\nOrhan Ak\u0131no\u011flu, <i>Marmara University,<\/i> Turkey<br \/>\nOsman Cankoy, <i>Ataturk Teacher Training Academy<\/i>, North Cyprus<br \/>\n<\/span><span lang=\"EN-US\">Pablo Gonz\u00e1lez Blasco, <i>Sobramfa,<\/i> Brazil<br \/>\n<\/span><span lang=\"EN-US\">Rengin Zenbat, <i>Marmara University<\/i>, Turkey<br \/>\n<\/span><span lang=\"EN-US\">Robert Foster, <i>University of Wolverhampton<\/i>, UK<br \/>\nSarka Hoskova-Mayerova, <i>University of Defence, <\/i>Czech Republic<br \/>\n<\/span><span lang=\"EN-US\">Servet Bayram, <i>Marmara University<\/i>, Turkey<br \/>\nSevda Asqarova, <i>Girne American University<\/i>, North Cyprus<br \/>\n<\/span><span lang=\"EN-US\">Steven M. Ross, <i>John Hopkins University<\/i>, USA<br \/>\n<\/span><span lang=\"EN-US\">S\u00fcleyman \u00c7elenk, <i>Girne American University<\/i>, North Cyprus<br \/>\nTanju G\u00fcrkan, <i>European University of Lefke<\/i>, North Cyprus<br \/>\nYesim Ustun Aksoy, Near East University, North Cyprus<br \/>\nWildova Radka, <i>Charles University in Prague<\/i>, Czech Republic<\/span><\/span><\/p>\n","protected":false},"excerpt":{"rendered":"<p>Ahmet Pehlivan, Eastern Mediterranean University, North Cyprus Akbar Salehi, Kharazmi University, Iran Ali Amiri, University of Zanjan, Iran Ali Rahimi,&hellip;<\/p>\n","protected":false},"author":5,"featured_media":0,"parent":0,"menu_order":0,"comment_status":"closed","ping_status":"closed","template":"","meta":{"footnotes":""},"class_list":["post-8","page","type-page","status-publish","hentry"],"yoast_head":"<!-- This site is optimized with the Yoast SEO plugin v24.8.1 - https:\/\/yoast.com\/wordpress\/plugins\/seo\/ -->\n<title>International Advisory Board -<\/title>\n<meta name=\"robots\" content=\"index, follow, max-snippet:-1, max-image-preview:large, max-video-preview:-1\" \/>\n<link rel=\"canonical\" href=\"https:\/\/globalcenter.info\/cyicer\/?page_id=8\" \/>\n<meta property=\"og:locale\" content=\"tr_TR\" \/>\n<meta property=\"og:type\" content=\"article\" \/>\n<meta property=\"og:title\" content=\"International Advisory Board -\" \/>\n<meta property=\"og:description\" content=\"Ahmet Pehlivan, Eastern Mediterranean University, North Cyprus Akbar Salehi, Kharazmi University, Iran Ali Amiri, University of Zanjan, Iran Ali Rahimi,&hellip;\" \/>\n<meta property=\"og:url\" content=\"https:\/\/globalcenter.info\/cyicer\/?page_id=8\" \/>\n<meta property=\"article:modified_time\" content=\"2022-03-15T07:48:50+00:00\" \/>\n<meta name=\"twitter:card\" content=\"summary_large_image\" \/>\n<meta name=\"twitter:label1\" content=\"Tahmini okuma s\u00fcresi\" \/>\n\t<meta name=\"twitter:data1\" content=\"2 dakika\" \/>\n<script type=\"application\/ld+json\" class=\"yoast-schema-graph\">{\"@context\":\"https:\/\/schema.org\",\"@graph\":[{\"@type\":\"WebPage\",\"@id\":\"https:\/\/globalcenter.info\/cyicer\/?page_id=8\",\"url\":\"https:\/\/globalcenter.info\/cyicer\/?page_id=8\",\"name\":\"International Advisory Board -\",\"isPartOf\":{\"@id\":\"https:\/\/globalcenter.info\/cyicer\/#website\"},\"datePublished\":\"2015-11-26T07:22:22+00:00\",\"dateModified\":\"2022-03-15T07:48:50+00:00\",\"breadcrumb\":{\"@id\":\"https:\/\/globalcenter.info\/cyicer\/?page_id=8#breadcrumb\"},\"inLanguage\":\"tr\",\"potentialAction\":[{\"@type\":\"ReadAction\",\"target\":[\"https:\/\/globalcenter.info\/cyicer\/?page_id=8\"]}]},{\"@type\":\"BreadcrumbList\",\"@id\":\"https:\/\/globalcenter.info\/cyicer\/?page_id=8#breadcrumb\",\"itemListElement\":[{\"@type\":\"ListItem\",\"position\":1,\"name\":\"Home\",\"item\":\"https:\/\/globalcenter.info\/cyicer\/\"},{\"@type\":\"ListItem\",\"position\":2,\"name\":\"International Advisory Board\"}]},{\"@type\":\"WebSite\",\"@id\":\"https:\/\/globalcenter.info\/cyicer\/#website\",\"url\":\"https:\/\/globalcenter.info\/cyicer\/\",\"name\":\"GLOBAL CENTER\",\"description\":\"\",\"potentialAction\":[{\"@type\":\"SearchAction\",\"target\":{\"@type\":\"EntryPoint\",\"urlTemplate\":\"https:\/\/globalcenter.info\/cyicer\/?s={search_term_string}\"},\"query-input\":{\"@type\":\"PropertyValueSpecification\",\"valueRequired\":true,\"valueName\":\"search_term_string\"}}],\"inLanguage\":\"tr\"}]}<\/script>\n<!-- \/ Yoast SEO plugin. -->","yoast_head_json":{"title":"International Advisory Board -","robots":{"index":"index","follow":"follow","max-snippet":"max-snippet:-1","max-image-preview":"max-image-preview:large","max-video-preview":"max-video-preview:-1"},"canonical":"https:\/\/globalcenter.info\/cyicer\/?page_id=8","og_locale":"tr_TR","og_type":"article","og_title":"International Advisory Board -","og_description":"Ahmet Pehlivan, Eastern Mediterranean University, North Cyprus Akbar Salehi, Kharazmi University, Iran Ali Amiri, University of Zanjan, Iran Ali Rahimi,&hellip;","og_url":"https:\/\/globalcenter.info\/cyicer\/?page_id=8","article_modified_time":"2022-03-15T07:48:50+00:00","twitter_card":"summary_large_image","twitter_misc":{"Tahmini okuma s\u00fcresi":"2 dakika"},"schema":{"@context":"https:\/\/schema.org","@graph":[{"@type":"WebPage","@id":"https:\/\/globalcenter.info\/cyicer\/?page_id=8","url":"https:\/\/globalcenter.info\/cyicer\/?page_id=8","name":"International Advisory Board -","isPartOf":{"@id":"https:\/\/globalcenter.info\/cyicer\/#website"},"datePublished":"2015-11-26T07:22:22+00:00","dateModified":"2022-03-15T07:48:50+00:00","breadcrumb":{"@id":"https:\/\/globalcenter.info\/cyicer\/?page_id=8#breadcrumb"},"inLanguage":"tr","potentialAction":[{"@type":"ReadAction","target":["https:\/\/globalcenter.info\/cyicer\/?page_id=8"]}]},{"@type":"BreadcrumbList","@id":"https:\/\/globalcenter.info\/cyicer\/?page_id=8#breadcrumb","itemListElement":[{"@type":"ListItem","position":1,"name":"Home","item":"https:\/\/globalcenter.info\/cyicer\/"},{"@type":"ListItem","position":2,"name":"International Advisory Board"}]},{"@type":"WebSite","@id":"https:\/\/globalcenter.info\/cyicer\/#website","url":"https:\/\/globalcenter.info\/cyicer\/","name":"GLOBAL CENTER","description":"","potentialAction":[{"@type":"SearchAction","target":{"@type":"EntryPoint","urlTemplate":"https:\/\/globalcenter.info\/cyicer\/?s={search_term_string}"},"query-input":{"@type":"PropertyValueSpecification","valueRequired":true,"valueName":"search_term_string"}}],"inLanguage":"tr"}]}},"_links":{"self":[{"href":"https:\/\/globalcenter.info\/cyicer\/index.php?rest_route=\/wp\/v2\/pages\/8","targetHints":{"allow":["GET"]}}],"collection":[{"href":"https:\/\/globalcenter.info\/cyicer\/index.php?rest_route=\/wp\/v2\/pages"}],"about":[{"href":"https:\/\/globalcenter.info\/cyicer\/index.php?rest_route=\/wp\/v2\/types\/page"}],"author":[{"embeddable":true,"href":"https:\/\/globalcenter.info\/cyicer\/index.php?rest_route=\/wp\/v2\/users\/5"}],"replies":[{"embeddable":true,"href":"https:\/\/globalcenter.info\/cyicer\/index.php?rest_route=%2Fwp%2Fv2%2Fcomments&post=8"}],"version-history":[{"count":6,"href":"https:\/\/globalcenter.info\/cyicer\/index.php?rest_route=\/wp\/v2\/pages\/8\/revisions"}],"predecessor-version":[{"id":1148,"href":"https:\/\/globalcenter.info\/cyicer\/index.php?rest_route=\/wp\/v2\/pages\/8\/revisions\/1148"}],"wp:attachment":[{"href":"https:\/\/globalcenter.info\/cyicer\/index.php?rest_route=%2Fwp%2Fv2%2Fmedia&parent=8"}],"curies":[{"name":"wp","href":"https:\/\/api.w.org\/{rel}","templated":true}]}}