{"id":1333,"date":"2019-11-09T23:34:19","date_gmt":"2019-11-09T20:34:19","guid":{"rendered":"http:\/\/globalcenter.info\/h-sci\/?page_id=1333"},"modified":"2019-11-09T23:34:19","modified_gmt":"2019-11-09T20:34:19","slug":"hsci-2019","status":"publish","type":"page","link":"https:\/\/globalcenter.info\/h-sci\/?page_id=1333","title":{"rendered":"HSCI 2019"},"content":{"rendered":"\n<h5 class=\"wp-block-heading\" style=\"text-align:center\"><strong>6th World Conference on Health Sciences\u00a0(HSCI-2019)<\/strong><br><strong>Novotel Conference Center<\/strong><br><strong>Athens, Greece<\/strong><br><strong>01-03 November 2019<\/strong><\/h5>\n\n\n\n<p>Link to\u00a0HSCI 2019 Abstract Book is available\u00a0<a href=\"http:\/\/h-sci.org\" target=\"_blank\" rel=\"noreferrer noopener\" aria-label=\"here (yeni sekmede a\u00e7\u0131l\u0131r)\">here<\/a><br>Link to HSCI 2019 Program Book is available\u00a0<a href=\"http:\/\/globalcenter.info\/h-sci\/wp-content\/uploads\/2019\/10\/HSCI-Program-19-2.pdf\">here<\/a><br>Photos from\u00a0 HSCI\u00a02019 is available at\u00a0<a rel=\"noreferrer noopener\" aria-label=\" (yeni sekmede a\u00e7\u0131l\u0131r)\" href=\"https:\/\/www.facebook.com\/taeg_center\" target=\"_blank\">here<\/a>. <\/p>\n","protected":false},"excerpt":{"rendered":"<p>6th World Conference on Health Sciences\u00a0(HSCI-2019)Novotel Conference CenterAthens, Greece01-03 November 2019 Link to\u00a0HSCI 2019 Abstract Book is available\u00a0hereLink to HSCI 2019 Program Book is available\u00a0herePhotos from\u00a0 HSCI\u00a02019 is available at\u00a0here.<\/p>\n","protected":false},"author":5,"featured_media":0,"parent":0,"menu_order":0,"comment_status":"closed","ping_status":"closed","template":"","meta":{"saved_in_kubio":false,"footnotes":""},"class_list":["post-1333","page","type-page","status-publish","hentry"],"kubio_ai_page_context":{"short_desc":"","purpose":"general"},"_links":{"self":[{"href":"https:\/\/globalcenter.info\/h-sci\/index.php?rest_route=\/wp\/v2\/pages\/1333"}],"collection":[{"href":"https:\/\/globalcenter.info\/h-sci\/index.php?rest_route=\/wp\/v2\/pages"}],"about":[{"href":"https:\/\/globalcenter.info\/h-sci\/index.php?rest_route=\/wp\/v2\/types\/page"}],"author":[{"embeddable":true,"href":"https:\/\/globalcenter.info\/h-sci\/index.php?rest_route=\/wp\/v2\/users\/5"}],"replies":[{"embeddable":true,"href":"https:\/\/globalcenter.info\/h-sci\/index.php?rest_route=%2Fwp%2Fv2%2Fcomments&post=1333"}],"version-history":[{"count":1,"href":"https:\/\/globalcenter.info\/h-sci\/index.php?rest_route=\/wp\/v2\/pages\/1333\/revisions"}],"predecessor-version":[{"id":1334,"href":"https:\/\/globalcenter.info\/h-sci\/index.php?rest_route=\/wp\/v2\/pages\/1333\/revisions\/1334"}],"wp:attachment":[{"href":"https:\/\/globalcenter.info\/h-sci\/index.php?rest_route=%2Fwp%2Fv2%2Fmedia&parent=1333"}],"curies":[{"name":"wp","href":"https:\/\/api.w.org\/{rel}","templated":true}]}}