{"id":1552,"date":"2021-02-09T18:35:56","date_gmt":"2021-02-09T15:35:56","guid":{"rendered":"http:\/\/globalcenter.info\/h-sci\/?page_id=1552"},"modified":"2021-02-09T18:35:56","modified_gmt":"2021-02-09T15:35:56","slug":"hsci-2020","status":"publish","type":"page","link":"https:\/\/globalcenter.info\/h-sci\/?page_id=1552","title":{"rendered":"HSCI &#8211; 2020"},"content":{"rendered":"\n<p style=\"text-align:center\"><a><strong>7th World Conference on Health Sciences<\/strong><\/a><br><strong>(HSCI-2020)<\/strong><br><strong>Christian University<\/strong><br><strong>St. Petersburg, Russia<\/strong><br><strong>13 \u2013 15 September 2020<\/strong><br><strong>\u201cOnline Conference\u201d<\/strong><\/p>\n\n\n\n<p>Link to\u00a0HSCI 2020 Abstract Book is available\u00a0<a rel=\"noreferrer noopener\" aria-label=\"here\n (yeni sekmede a\u00e7\u0131l\u0131r)\" href=\"http:\/\/globalcenter.info\/h-sci\/wp-content\/uploads\/2020\/11\/HSCI-2020-abstracts-birle\u015ftirildi.pdf\" target=\"_blank\">here<br><\/a>Link to HSCI 2020 Program Book is available\u00a0<a href=\"http:\/\/globalcenter.info\/h-sci\/wp-content\/uploads\/2021\/02\/HSCI-2020-Draft-Program-3.pdf\">here<\/a><br>Photos from\u00a0 HSCI\u00a02020 is available at\u00a0<a rel=\"noreferrer noopener\" href=\"https:\/\/www.facebook.com\/taeg_center\" target=\"_blank\">here<\/a>.<\/p>\n","protected":false},"excerpt":{"rendered":"<p>7th World Conference on Health Sciences(HSCI-2020)Christian UniversitySt. Petersburg, Russia13 \u2013 15 September 2020\u201cOnline Conference\u201d Link to\u00a0HSCI 2020 Abstract Book is available\u00a0hereLink to HSCI 2020 Program Book is available\u00a0herePhotos from\u00a0 HSCI\u00a02020 is available at\u00a0here.<\/p>\n","protected":false},"author":5,"featured_media":0,"parent":0,"menu_order":0,"comment_status":"closed","ping_status":"closed","template":"","meta":{"saved_in_kubio":false,"footnotes":""},"class_list":["post-1552","page","type-page","status-publish","hentry"],"kubio_ai_page_context":{"short_desc":"","purpose":"general"},"_links":{"self":[{"href":"https:\/\/globalcenter.info\/h-sci\/index.php?rest_route=\/wp\/v2\/pages\/1552"}],"collection":[{"href":"https:\/\/globalcenter.info\/h-sci\/index.php?rest_route=\/wp\/v2\/pages"}],"about":[{"href":"https:\/\/globalcenter.info\/h-sci\/index.php?rest_route=\/wp\/v2\/types\/page"}],"author":[{"embeddable":true,"href":"https:\/\/globalcenter.info\/h-sci\/index.php?rest_route=\/wp\/v2\/users\/5"}],"replies":[{"embeddable":true,"href":"https:\/\/globalcenter.info\/h-sci\/index.php?rest_route=%2Fwp%2Fv2%2Fcomments&post=1552"}],"version-history":[{"count":1,"href":"https:\/\/globalcenter.info\/h-sci\/index.php?rest_route=\/wp\/v2\/pages\/1552\/revisions"}],"predecessor-version":[{"id":1554,"href":"https:\/\/globalcenter.info\/h-sci\/index.php?rest_route=\/wp\/v2\/pages\/1552\/revisions\/1554"}],"wp:attachment":[{"href":"https:\/\/globalcenter.info\/h-sci\/index.php?rest_route=%2Fwp%2Fv2%2Fmedia&parent=1552"}],"curies":[{"name":"wp","href":"https:\/\/api.w.org\/{rel}","templated":true}]}}