{"id":1636,"date":"2022-03-07T22:45:44","date_gmt":"2022-03-07T19:45:44","guid":{"rendered":"http:\/\/globalcenter.info\/h-sci\/?page_id=1636"},"modified":"2022-03-08T12:02:35","modified_gmt":"2022-03-08T09:02:35","slug":"hsci-2021","status":"publish","type":"page","link":"https:\/\/globalcenter.info\/h-sci\/?page_id=1636","title":{"rendered":"HSCI-2021"},"content":{"rendered":"<p><!--StartFragment--><\/p>\n\n\n<p style=\"text-align:center\"><a><strong>8th World Conference on Health Sciences<\/strong><\/a><\/p>\n\n\n\n<p style=\"text-align:center\"><strong>SAPIENZA UNIVERSITY<\/strong><br>ROME ITALY<br><strong>28 OCTOBER 2021<\/strong><\/p>\n\n\n\n<p>Link to\u00a0HSCI 2021 Abstract Book is available\u00a0<a rel=\"noreferrer noopener\" aria-label=\" (yeni sekmede a\u00e7\u0131l\u0131r)\" href=\"https:\/\/globalcenter.info\/h-sci\/?page_id=1170\" target=\"_blank\">here<br><\/a>Link to HSCI 2021 Program Book is available\u00a0<a href=\"http:\/\/globalcenter.info\/h-sci\/wp-content\/uploads\/2022\/03\/HSCI-2021-Programme-.pdf\">here<\/a><br>Photos from\u00a0 HSCI\u00a02021 is available at\u00a0<a rel=\"noreferrer noopener\" href=\"https:\/\/www.facebook.com\/taeg_center\" target=\"_blank\">here<\/a>.<\/p>\n\n\n<p><!--EndFragment--><\/p>","protected":false},"excerpt":{"rendered":"<p>8th World Conference on Health Sciences SAPIENZA UNIVERSITYROME ITALY28 OCTOBER 2021 Link to\u00a0HSCI 2021 Abstract Book is available\u00a0hereLink to HSCI 2021 Program Book is available\u00a0herePhotos from\u00a0 HSCI\u00a02021 is available at\u00a0here.<\/p>\n","protected":false},"author":5,"featured_media":0,"parent":0,"menu_order":0,"comment_status":"closed","ping_status":"closed","template":"","meta":{"saved_in_kubio":false,"footnotes":""},"class_list":["post-1636","page","type-page","status-publish","hentry"],"kubio_ai_page_context":{"short_desc":"","purpose":"general"},"_links":{"self":[{"href":"https:\/\/globalcenter.info\/h-sci\/index.php?rest_route=\/wp\/v2\/pages\/1636"}],"collection":[{"href":"https:\/\/globalcenter.info\/h-sci\/index.php?rest_route=\/wp\/v2\/pages"}],"about":[{"href":"https:\/\/globalcenter.info\/h-sci\/index.php?rest_route=\/wp\/v2\/types\/page"}],"author":[{"embeddable":true,"href":"https:\/\/globalcenter.info\/h-sci\/index.php?rest_route=\/wp\/v2\/users\/5"}],"replies":[{"embeddable":true,"href":"https:\/\/globalcenter.info\/h-sci\/index.php?rest_route=%2Fwp%2Fv2%2Fcomments&post=1636"}],"version-history":[{"count":3,"href":"https:\/\/globalcenter.info\/h-sci\/index.php?rest_route=\/wp\/v2\/pages\/1636\/revisions"}],"predecessor-version":[{"id":1642,"href":"https:\/\/globalcenter.info\/h-sci\/index.php?rest_route=\/wp\/v2\/pages\/1636\/revisions\/1642"}],"wp:attachment":[{"href":"https:\/\/globalcenter.info\/h-sci\/index.php?rest_route=%2Fwp%2Fv2%2Fmedia&parent=1636"}],"curies":[{"name":"wp","href":"https:\/\/api.w.org\/{rel}","templated":true}]}}