{"id":2,"date":"2013-11-08T14:26:07","date_gmt":"2013-11-08T14:26:07","guid":{"rendered":"http:\/\/www.awer-center.org\/h-sci\/?page_id=2"},"modified":"2026-02-20T14:22:52","modified_gmt":"2026-02-20T11:22:52","slug":"ornek-sayfa","status":"publish","type":"page","link":"https:\/\/globalcenter.info\/h-sci\/","title":{"rendered":"Home"},"content":{"rendered":"\n<div class=\"vce-row-container\" data-vce-boxed-width=\"true\">\n<div id=\"el-76694fc5\" class=\"vce-row vce-row--col-gap-30 vce-row-equal-height vce-row-content--top\" data-vce-do-apply=\"all el-76694fc5\">\n<div class=\"vce-row-content\" data-vce-element-content=\"true\">\n<div id=\"el-a4baea64\" class=\"vce-col vce-col--md-auto vce-col--xs-1 vce-col--xs-last vce-col--xs-first vce-col--sm-last vce-col--sm-first vce-col--md-last vce-col--lg-last vce-col--xl-last vce-col--md-first vce-col--lg-first vce-col--xl-first\">\n<div class=\"vce-col-inner\" data-vce-do-apply=\"border margin background  el-a4baea64\">\n<div class=\"vce-col-content\" data-vce-element-content=\"true\" data-vce-do-apply=\"padding el-a4baea64\">\n<div class=\"vce-text-block\">\n<div id=\"el-b7571d31\" class=\"vce-text-block-wrapper vce\" data-vce-do-apply=\"all el-b7571d31\">\n<div><noscript> \t \t \t<link async rel='stylesheet' href='https:\/\/fonts.googleapis.com\/css?family=Open+Sans%3A300%2C300italic%2C400%2C400italic%2C600%2C600italic%2C700%2C700italic%2C800%2C800italic%7CMulish%3A400%7CRoboto%3A100%2C100italic%2C300%2C300italic%2C400%2C400italic%2C500%2C500italic%2C700%2C700italic%2C900%2C900italic%7CCarter+One%3A400%7CPoppins%3A300%2C400%2C400italic%2C500%2C600%2C700%2C700italic&display=swap' media='all'><\/noscript><noscript> \t \t \t<link rel='stylesheet' href='https:\/\/globalcenter.info\/h-sci\/wp-content\/plugins\/kubio\/build\/third-party-blocks\/style.css?ver=1714984070' media='all'><\/noscript><noscript>\n\n<style>.vce-row-container .vcv-lozad {display: none}<\/style><\/noscript><\/div>\n<div>\n<h3 style=\"text-align: center;\"><strong>\u00a0Bucharest, Romania\nOctober 29 - 30, 2026<\/strong><\/h3>\n<h4 style=\"text-align: center;\"><span style=\"color: #ff0000;\"><strong>Online and Face to Face International Conference<\/strong><\/span><\/h4>\n<h3 style=\"text-align: center;\"><strong>Main Theme<\/strong>:<\/h3>\n<h4 style=\"text-align: center;\"><strong>Due Date for Abstract Submissions:<\/strong><strong>\u00a0<\/strong><span style=\"font-family: Aptos, Aptos_EmbeddedFont, Aptos_MSFontService, Calibri, Helvetica, sans-serif; font-size: 12pt; color: #0c64c0;\"><strong>August 29, 2026\u00a0<\/strong><\/span><\/h4>\n\n<hr \/>\n\n<ul>\n \t<li>Articles selected by the editors of the journals supporting the conference will be invited to the journal's review process.<\/li>\n \t<li>Remain <strong>MedHes-2026 <\/strong>accepted full papers will be published as <strong>Springer Natura Proceedings<\/strong> and submitted for indexing in the Conference Proceedings Citation Index (CPCI), part of Clarivate Analytics\u2019 <em>Web of Science<\/em>; <em>Scopus<\/em>; <em>EI Engineering Index; Google Scholar; DBLP<\/em>; etc.<\/li>\n \t<li>Also, distinguished keynote speakers who are internationally renowned in the field will be giving presentations at the conference.<\/li>\n \t<li>Abstracts and full papers must be English Language.<\/li>\n \t<li>All proposals will be subject to peer-reviews.<\/li>\n \t<li>Best Papers and Posters Awards<\/li>\n \t<li>Virtual (online) Participation Opportunities<\/li>\n \t<li>Entrance to all Workshops<\/li>\n \t<li>Presentation and Participation Certificates<\/li>\n \t<li>Coffee breaks<\/li>\n \t<li>Online Program Book<\/li>\n \t<li>Online Abstracts Book<\/li>\n \t<li>Free Historical Places Tour<\/li>\n \t<li>Networking time<\/li>\n \t<li>For More information <u style=\"font-size: inherit;\">hsci.secretariat@gmail.com<\/u> <span style=\"font-size: inherit;\">\n<strong><span style=\"color: #800000;\">Y\u00d6K Akademik Te\u015fvik \u00d6dene\u011fi Y\u00f6netmeli\u011fi ve UAK Do\u00e7entlik Kriterlerini kar\u015f\u0131lamaktad\u0131r.<\/span><\/strong><\/span>\n\n<hr \/>\n\nHope to meet you in Bucharest, Romania\n\n<hr \/>\n\n<\/li>\n<\/ul>\n<p style=\"text-align: center;\"><strong><span style=\"color: #ff0000;\"><a href=\"http:\/\/worldeducationcenter.eu\/new\/index.php\/H-SCI2014\/MedHeS-2024\/schedConf\/cfp\"><img loading=\"lazy\" decoding=\"async\" class=\"wp-image-1781 aligncenter\" src=\"https:\/\/globalcenter.info\/h-sci\/wp-content\/uploads\/2023\/04\/5364002.png\" sizes=\"(max-width: 324px) 100vw, 324px\" srcset=\"https:\/\/globalcenter.info\/h-sci\/wp-content\/uploads\/2023\/04\/5364002.png 1240w, https:\/\/globalcenter.info\/h-sci\/wp-content\/uploads\/2023\/04\/5364002-300x76.png 300w, https:\/\/globalcenter.info\/h-sci\/wp-content\/uploads\/2023\/04\/5364002-768x195.png 768w, https:\/\/globalcenter.info\/h-sci\/wp-content\/uploads\/2023\/04\/5364002-1024x260.png 1024w\" alt=\"\" width=\"324\" height=\"82\" \/><\/a><\/span><\/strong><\/p>\n\n<div id=\"section\" class=\"wp-block wp-block-kubio-section  position-relative wp-block-kubio-section__outer style-1-1IICJ25d-outer d-flex h-section-global-spacing align-items-lg-center align-items-md-center align-items-center\" data-kubio=\"kubio\/section\">\n<div class=\"background-wrapper\">\n<div class=\"background-layer background-layer-media-container-lg\"><\/div>\n<div class=\"background-layer background-layer-media-container-md\"><\/div>\n<div class=\"background-layer background-layer-media-container\"><\/div>\n<\/div>\n<div class=\"position-relative wp-block-kubio-section__inner style-1-1IICJ25d-inner  h-section-grid-container h-section-boxed-container\">\n<div class=\"wp-block wp-block-kubio-row  position-relative wp-block-kubio-row__container style-U6sd5kMFO-container style-local-1-container gutters-row-lg-2 gutters-row-v-lg-2 gutters-row-md-2 gutters-row-v-md-2 gutters-row-0 gutters-row-v-2\" data-kubio=\"kubio\/row\">\n<div class=\"background-wrapper\">\n<div class=\"background-layer background-layer-media-container-lg\"><\/div>\n<div class=\"background-layer background-layer-media-container-md\"><\/div>\n<div class=\"background-layer background-layer-media-container\"><\/div>\n<\/div>\n<div class=\"position-relative wp-block-kubio-row__inner style-U6sd5kMFO-inner style-local-1-inner h-row align-items-lg-stretch align-items-md-stretch align-items-stretch justify-content-lg-center justify-content-md-center justify-content-center gutters-col-lg-2 gutters-col-v-lg-2 gutters-col-md-2 gutters-col-v-md-2 gutters-col-0 gutters-col-v-2\">\n<div class=\"wp-block wp-block-kubio-column  position-relative wp-block-kubio-column__container style-JUI1k6AT0v-container style-local-2-container d-flex h-col-lg-auto h-col-md-auto h-col-auto\" data-kubio=\"kubio\/column\">\n<div class=\"position-relative wp-block-kubio-column__inner style-JUI1k6AT0v-inner style-local-2-inner d-flex h-flex-basis h-px-lg-2 v-inner-lg-2 h-px-md-2 v-inner-md-2 h-px-2 v-inner-2\">\n<div class=\"background-wrapper\">\n<div class=\"background-layer background-layer-media-container-lg\"><\/div>\n<div class=\"background-layer background-layer-media-container-md\"><\/div>\n<div class=\"background-layer background-layer-media-container\"><\/div>\n<\/div>\n<div class=\"position-relative wp-block-kubio-column__align style-JUI1k6AT0v-align style-local-2-align h-y-container h-column__content h-column__v-align flex-basis-100 align-self-lg-start align-self-md-start align-self-start\">\n<div id=\"ctbCountdownTime-5feab76a-2\" class=\"wp-block-ctb-countdown-time free  align\" data-nonce=\"&quot;2553e0871b&quot;\" data-attributes=\"{&quot;cId&quot;:&quot;5feab76a-2&quot;,&quot;destDate&quot;:&quot;2024-10-10T12:44:00&quot;,&quot;padding&quot;:{&quot;vertical&quot;:&quot;5px&quot;,&quot;horizontal&quot;:&quot;10px&quot;},&quot;boxBG&quot;:{&quot;type&quot;:&quot;gradient&quot;,&quot;color&quot;:&quot;#4527a4&quot;,&quot;gradient&quot;:&quot;linear-gradient(135deg,rgb(69,39,164) 0%,rgb(27,152,217) 100%)&quot;},&quot;boxWidth&quot;:&quot;120px&quot;,&quot;boxHeight&quot;:&quot;100px&quot;,&quot;digitColor&quot;:&quot;rgba(230, 225, 225, 1)&quot;,&quot;metadata&quot;:{&quot;name&quot;:&quot;REMAIN TIMES&quot;},&quot;align&quot;:&quot;&quot;,&quot;layout&quot;:&quot;default&quot;,&quot;isResponsive&quot;:true,&quot;boxIsInline&quot;:false,&quot;boxPosition&quot;:&quot;center&quot;,&quot;isLabels&quot;:true,&quot;isDays&quot;:true,&quot;daysLabel&quot;:&quot;Days&quot;,&quot;isHours&quot;:true,&quot;hoursLabel&quot;:&quot;Hours&quot;,&quot;isMinutes&quot;:true,&quot;minutesLabel&quot;:&quot;Minutes&quot;,&quot;isSeconds&quot;:true,&quot;secondsLabel&quot;:&quot;Seconds&quot;,&quot;isExpired&quot;:false,&quot;hideOn0&quot;:false,&quot;hideOnMobile&quot;:false,&quot;hideOnTablet&quot;:false,&quot;prefixSuffixDirection&quot;:&quot;row&quot;,&quot;prefixText&quot;:&quot;&quot;,&quot;suffixButtonText&quot;:&quot;&quot;,&quot;suffixButtonUrl&quot;:&quot;#&quot;,&quot;addID&quot;:&quot;&quot;,&quot;addClass&quot;:&quot;&quot;,&quot;addCSS&quot;:&quot;&quot;,&quot;width&quot;:&quot;0px&quot;,&quot;background&quot;:{&quot;color&quot;:&quot;#0000&quot;},&quot;shadow&quot;:[],&quot;alignment&quot;:&quot;center&quot;,&quot;boxSpace&quot;:&quot;30px&quot;,&quot;boxBorder&quot;:{&quot;radius&quot;:&quot;5%&quot;},&quot;boxShadow&quot;:[],&quot;digitTypo&quot;:{&quot;fontSize&quot;:{&quot;desktop&quot;:48,&quot;tablet&quot;:40,&quot;mobile&quot;:32}},&quot;labelTypo&quot;:{&quot;fontSize&quot;:{&quot;desktop&quot;:18,&quot;tablet&quot;:17,&quot;mobile&quot;:16}},&quot;labelColor&quot;:&quot;#fff&quot;,&quot;isDaysSingleStyle&quot;:false,&quot;daysBG&quot;:{&quot;type&quot;:&quot;gradient&quot;,&quot;color&quot;:&quot;#4527a4&quot;,&quot;gradient&quot;:&quot;linear-gradient(135deg, #4527a4, #8344c5)&quot;},&quot;daysDigitColor&quot;:&quot;#fff&quot;,&quot;daysLabelColor&quot;:&quot;#fff&quot;,&quot;isHoursSingleStyle&quot;:false,&quot;hoursBG&quot;:{&quot;type&quot;:&quot;gradient&quot;,&quot;color&quot;:&quot;#4527a4&quot;,&quot;gradient&quot;:&quot;linear-gradient(135deg, #4527a4, #8344c5)&quot;},&quot;hoursDigitColor&quot;:&quot;#fff&quot;,&quot;hoursLabelColor&quot;:&quot;#fff&quot;,&quot;isMinutesSingleStyle&quot;:false,&quot;minutesBG&quot;:{&quot;type&quot;:&quot;gradient&quot;,&quot;color&quot;:&quot;#4527a4&quot;,&quot;gradient&quot;:&quot;linear-gradient(135deg, #4527a4, #8344c5)&quot;},&quot;minutesDigitColor&quot;:&quot;#fff&quot;,&quot;minutesLabelColor&quot;:&quot;#fff&quot;,&quot;isSecondsSingleStyle&quot;:false,&quot;secondsBG&quot;:{&quot;type&quot;:&quot;gradient&quot;,&quot;color&quot;:&quot;#4527a4&quot;,&quot;gradient&quot;:&quot;linear-gradient(135deg, #4527a4, #8344c5)&quot;},&quot;secondsDigitColor&quot;:&quot;#fff&quot;,&quot;secondsLabelColor&quot;:&quot;#fff&quot;,&quot;isSep&quot;:false,&quot;sepType&quot;:&quot;:&quot;,&quot;sepSize&quot;:52,&quot;sepColor&quot;:&quot;#4527a4&quot;,&quot;prefixTextTypo&quot;:{&quot;fontSize&quot;:{&quot;desktop&quot;:15,&quot;tablet&quot;:15,&quot;mobile&quot;:15}},&quot;prefixTextColor&quot;:&quot;#222&quot;,&quot;suffixButtonTypo&quot;:{&quot;fontSize&quot;:{&quot;desktop&quot;:16,&quot;tablet&quot;:16,&quot;mobile&quot;:16}},&quot;suffixButtonColors&quot;:{&quot;color&quot;:&quot;#fff&quot;,&quot;bg&quot;:&quot;#222&quot;},&quot;suffixButtonPadding&quot;:{&quot;vertical&quot;:&quot;14px&quot;,&quot;horizontal&quot;:&quot;28px&quot;},&quot;isDismiss&quot;:false,&quot;dismissColor&quot;:&quot;#333&quot;}\" data-content=\"&quot;&quot;\"><\/div>\n<\/div>\n<\/div>\n<\/div>\n<\/div>\n<\/div>\n<\/div>\n<\/div>\n<\/div>\n<div><!-- Popups v1.9.3.8 - https:\/\/wordpress.org\/plugins\/popups\/ -->\n<div id=\"spu-bg-1397\" class=\"spu-bg\"><\/div>\n<div id=\"spu-1397\" class=\"spu-box  spu-centered spu-total- \" style=\"display: none;\" data-box-id=\"1397\" data-trigger=\"seconds\" data-trigger-number=\"5\" data-spuanimation=\"fade\" data-tconvert-cookie=\"d\" data-tclose-cookie=\"d\" data-dconvert-cookie=\"999\" data-dclose-cookie=\"30\" data-nconvert-cookie=\"spu_conversion_1397\" data-nclose-cookie=\"spu_closing_1397\" data-test-mode=\"0\" data-auto-hide=\"0\" data-close-on-conversion=\"1\" data-bgopa=\"0.5\" data-total=\"\" data-width=\"600\">\n<div class=\"spu-content\">\n<table class=\" aligncenter\" style=\"height: 114px; margin-top: 0px; padding-top: 0px;\" width=\"386\">\n<tbody>\n<tr>\n<td width=\"201\"><a href=\"https:\/\/www.facebook.com\/taegcenter\"><img loading=\"lazy\" decoding=\"async\" class=\"alignnone wp-image-1240\" src=\"http:\/\/www.globalcenter.info\/gcpr\/wp-content\/uploads\/2019\/12\/1.jpg\" alt=\"\" width=\"85\" height=\"85\" \/><\/a><\/td>\n<td width=\"201\"><a href=\"https:\/\/www.instagram.com\/taeg_center\/\"><img loading=\"lazy\" decoding=\"async\" class=\"alignnone wp-image-1241\" src=\"http:\/\/www.globalcenter.info\/gcpr\/wp-content\/uploads\/2019\/12\/2.jpg\" alt=\"\" width=\"86\" height=\"86\" \/><\/a><\/td>\n<td width=\"201\"><a href=\"https:\/\/www.linkedin.com\/in\/academic-events-group-taeg-a53a88b3\/\"><img loading=\"lazy\" decoding=\"async\" class=\"alignnone wp-image-1242\" src=\"http:\/\/www.globalcenter.info\/gcpr\/wp-content\/uploads\/2019\/12\/3.jpg\" alt=\"\" width=\"85\" height=\"85\" \/><\/a><\/td>\n<\/tr>\n<\/tbody>\n<\/table>\n<p style=\"text-align: center;\"><strong>\nDid you like our social media pages?<\/strong><\/p>\n\n<\/div>\n<\/div>\n<!-- \/ Popups Box -->\n<div id=\"fb-root\" class=\" fb_reset\"><\/div>\n<!--facebook like and share js -->\n<div id=\"fb-root\"><\/div>\n<!-- Powered by WPtouch: 4.3.57 -->\n\n<\/div>\n<\/div>\n<\/div>\n\n\n<\/div>\n<\/div>\n<\/div>\n\n\n<\/div>\n<\/div>\n<\/div>\n\n","protected":false},"excerpt":{"rendered":"<p>\u00a0Bucharest, Romania October 29 &#8211; 30, 2026 Online and Face to Face International Conference Main Theme: Due Date for Abstract Submissions:\u00a0August 29, 2026\u00a0 Articles selected by the editors of the journals supporting the conference will be invited to the journal&#8217;s review process. Remain MedHes-2026 accepted full papers will be published as Springer Natura Proceedings and [&hellip;]<\/p>\n","protected":false},"author":5,"featured_media":0,"parent":0,"menu_order":0,"comment_status":"closed","ping_status":"open","template":"","meta":{"saved_in_kubio":true,"footnotes":""},"class_list":["post-2","page","type-page","status-publish","hentry"],"kubio_ai_page_context":{"short_desc":"","purpose":"general"},"_links":{"self":[{"href":"https:\/\/globalcenter.info\/h-sci\/index.php?rest_route=\/wp\/v2\/pages\/2"}],"collection":[{"href":"https:\/\/globalcenter.info\/h-sci\/index.php?rest_route=\/wp\/v2\/pages"}],"about":[{"href":"https:\/\/globalcenter.info\/h-sci\/index.php?rest_route=\/wp\/v2\/types\/page"}],"author":[{"embeddable":true,"href":"https:\/\/globalcenter.info\/h-sci\/index.php?rest_route=\/wp\/v2\/users\/5"}],"replies":[{"embeddable":true,"href":"https:\/\/globalcenter.info\/h-sci\/index.php?rest_route=%2Fwp%2Fv2%2Fcomments&post=2"}],"version-history":[{"count":267,"href":"https:\/\/globalcenter.info\/h-sci\/index.php?rest_route=\/wp\/v2\/pages\/2\/revisions"}],"predecessor-version":[{"id":2189,"href":"https:\/\/globalcenter.info\/h-sci\/index.php?rest_route=\/wp\/v2\/pages\/2\/revisions\/2189"}],"wp:attachment":[{"href":"https:\/\/globalcenter.info\/h-sci\/index.php?rest_route=%2Fwp%2Fv2%2Fmedia&parent=2"}],"curies":[{"name":"wp","href":"https:\/\/api.w.org\/{rel}","templated":true}]}}