{"id":50,"date":"2013-11-09T21:05:50","date_gmt":"2013-11-09T19:05:50","guid":{"rendered":"http:\/\/www.awer-center.org\/h-sci\/?page_id=50"},"modified":"2024-10-16T10:21:42","modified_gmt":"2024-10-16T07:21:42","slug":"organizating-committee","status":"publish","type":"page","link":"https:\/\/globalcenter.info\/h-sci\/?page_id=50","title":{"rendered":"Organizing Committee"},"content":{"rendered":"<div class=\"vce-row-container\" data-vce-boxed-width=\"true\"><div class=\"vce-row vce-row--col-gap-30 vce-row-equal-height vce-row-content--top\" id=\"el-f49f8bbd\" data-vce-do-apply=\"all el-f49f8bbd\"><div class=\"vce-row-content\" data-vce-element-content=\"true\"><div class=\"vce-col vce-col--md-auto vce-col--xs-1 vce-col--xs-last vce-col--xs-first vce-col--sm-last vce-col--sm-first vce-col--md-last vce-col--lg-last vce-col--xl-last vce-col--md-first vce-col--lg-first vce-col--xl-first\" id=\"el-1c0bc76a\"><div class=\"vce-col-inner\" data-vce-do-apply=\"border margin background  el-1c0bc76a\"><div class=\"vce-col-content\" data-vce-element-content=\"true\" data-vce-do-apply=\"padding el-1c0bc76a\"><div class=\"vce-text-block\"><div class=\"vce-text-block-wrapper vce\" id=\"el-cd2fa55f\" data-vce-do-apply=\"all el-cd2fa55f\"><p><a href=\"http:\/\/globalcenter.info\/h-sci\/?page_id=50\"><strong>Organizing Committee<\/strong><\/a><br><strong>Organized by<\/strong><br>T\u0131naztepe University, Izmir, Turkey<br>The Academic Events Group<\/p>\n<p><strong>Program Chair<br><\/strong><a href=\"https:\/\/tinaztepe.edu.tr\/akademik-kadro\/tip-fakultesi\/esra-ozer\">Prof. Dr. Esra \u00d6zer<\/a>, <em>T\u0131naztepe University<\/em><strong>, <\/strong>Turkey<br><a href=\"http:\/\/cv.ankara.edu.tr\/kisi.php?id=esatoglu@health.ankara.edu.tr&amp;deger=2\">Prof. Dr. Afsun Ezel Esato\u011flu<\/a>,&nbsp;<em>Ankara University<\/em>, Turkey<\/p>\n<p><strong>International Program Committee<br><\/strong>Ay\u015feg\u00fcl \u00d6zcan,&nbsp;<em>Nev\u015fehir Hac\u0131 Bekta\u015f Veli University<\/em>, Turkey<br>Bur\u00e7in I\u015f\u0131k,&nbsp;<em>Near East University<\/em>, Cyprus<br>G\u00fclbeyaz Can,&nbsp;<em>\u0130stanbul University<\/em>, Turkey<br>Kavita Kavita Vedhara,&nbsp;<em>University of Nottingham<\/em>, UK<br>Kobus Maree,&nbsp;<em>University of Pretoria<\/em>, South Africa<br>Nesrin Nural,&nbsp;<em>Kardeniz Technical University<\/em>, Turkey<br>Nilg\u00fcn Sarp, <em>Final International University<\/em>, Cyprus<br>Shereen M. Hamadneh,&nbsp;<em>Edith Cowan University<\/em>, Australia<\/p>\n<div><strong>Local Organizing Committee:<br><\/strong>Prof. Dr. \u00c7i\u011fdem Kuzucu, T\u0131naztepe University<br>Prof. Dr. Nuran Ekerbi\u00e7er, T\u0131naztepe University<br>Prof. Dr. Tayfun Alt\u0131nok, T\u0131naztepe University<br>Dr. Emine \u00d6z\u00e7\u0131nar, T\u0131naztepe University<\/div>\n<p><strong>Organizing Committee<br><\/strong><a style=\"font-size: 18px;\" href=\"https:\/\/tinaztepe.edu.tr\/akademik-kadro\/tip-fakultesi\/esra-ozer\">Prof. Dr. Esra \u00d6zer<\/a>,&nbsp;<em>T\u0131naztepe University<\/em><span style=\"font-weight: bold;\">,&nbsp;<\/span>Turkey<br>Tahir Tavuk\u00e7u, <em>Ataturk Teacher Training Academy<\/em>, North Cyprus<br>Nihat Ekizo\u011flu, <em>Ataturk Teacher Training Academy<\/em>, North Cyprus<br>Blerta Prevalla Etemi,&nbsp;<em>RIT University<\/em>, Kosova<br>Florijeta Hulaj,&nbsp;<em>AAB College, Kosova<\/em><br>Metin Berk Odabas\u0131, <em>Warwick University<\/em>, UK<br>Zeynep Gen\u00e7, <em>Istanbul Ayd\u0131n University<\/em>, Turkey<br>Semih \u00c7al\u0131\u015fkan, <em>Yasar University<\/em>, Turkey<br>Cigdem Kuloglu, <em>Beykent University<\/em>, Turkey<\/p>\n<p><strong>&nbsp;<\/strong><strong>Secretariat<br><\/strong>Beria Gokaydin, Near East University<br><a href=\"mailto:hsci.secretariat@gmail.com\">hsci.secretariat@gmail.com<\/a><\/p><\/div><\/div><\/div><\/div><\/div><\/div><\/div><\/div>\n","protected":false},"excerpt":{"rendered":"<p>Organizing CommitteeOrganized byT\u0131naztepe University, Izmir, TurkeyThe Academic Events Group Program ChairProf. Dr. Esra \u00d6zer, T\u0131naztepe University, TurkeyProf. Dr. Afsun Ezel Esato\u011flu,&nbsp;Ankara University, Turkey International Program CommitteeAy\u015feg\u00fcl \u00d6zcan,&nbsp;Nev\u015fehir Hac\u0131 Bekta\u015f Veli University, TurkeyBur\u00e7in I\u015f\u0131k,&nbsp;Near East University, CyprusG\u00fclbeyaz Can,&nbsp;\u0130stanbul University, TurkeyKavita Kavita Vedhara,&nbsp;University of Nottingham, UKKobus Maree,&nbsp;University of Pretoria, South AfricaNesrin Nural,&nbsp;Kardeniz Technical University, TurkeyNilg\u00fcn Sarp, Final [&hellip;]<\/p>\n","protected":false},"author":5,"featured_media":0,"parent":0,"menu_order":0,"comment_status":"closed","ping_status":"open","template":"","meta":{"saved_in_kubio":true,"footnotes":""},"class_list":["post-50","page","type-page","status-publish","hentry"],"kubio_ai_page_context":{"short_desc":"","purpose":"general"},"_links":{"self":[{"href":"https:\/\/globalcenter.info\/h-sci\/index.php?rest_route=\/wp\/v2\/pages\/50"}],"collection":[{"href":"https:\/\/globalcenter.info\/h-sci\/index.php?rest_route=\/wp\/v2\/pages"}],"about":[{"href":"https:\/\/globalcenter.info\/h-sci\/index.php?rest_route=\/wp\/v2\/types\/page"}],"author":[{"embeddable":true,"href":"https:\/\/globalcenter.info\/h-sci\/index.php?rest_route=\/wp\/v2\/users\/5"}],"replies":[{"embeddable":true,"href":"https:\/\/globalcenter.info\/h-sci\/index.php?rest_route=%2Fwp%2Fv2%2Fcomments&post=50"}],"version-history":[{"count":40,"href":"https:\/\/globalcenter.info\/h-sci\/index.php?rest_route=\/wp\/v2\/pages\/50\/revisions"}],"predecessor-version":[{"id":2115,"href":"https:\/\/globalcenter.info\/h-sci\/index.php?rest_route=\/wp\/v2\/pages\/50\/revisions\/2115"}],"wp:attachment":[{"href":"https:\/\/globalcenter.info\/h-sci\/index.php?rest_route=%2Fwp%2Fv2%2Fmedia&parent=50"}],"curies":[{"name":"wp","href":"https:\/\/api.w.org\/{rel}","templated":true}]}}