{"id":788,"date":"2016-03-07T23:09:15","date_gmt":"2016-03-07T21:09:15","guid":{"rendered":"http:\/\/www.awer-center.org\/h-sci\/?page_id=788"},"modified":"2016-03-16T15:50:06","modified_gmt":"2016-03-16T13:50:06","slug":"h-sci-2015","status":"publish","type":"page","link":"https:\/\/globalcenter.info\/h-sci\/?page_id=788","title":{"rendered":"H-SCI 2015"},"content":{"rendered":"<h4 style=\"text-align: center;\"><a href=\"http:\/\/www.awer-center.org\/h-sci\/wp-content\/uploads\/2016\/03\/WCHS-Logo-small.jpg\"><img loading=\"lazy\" decoding=\"async\" class=\"size-full wp-image-789\" title=\"WCHS-Logo-small\" src=\"http:\/\/www.awer-center.org\/h-sci\/wp-content\/uploads\/2016\/03\/WCHS-Logo-small.jpg\" alt=\"\" width=\"270\" height=\"100\" \/><\/a><\/h4>\n<h4 style=\"text-align: center;\"><span style=\"color: #ff0000; font-size: 1em;\">2nd World Conference on Health Sciences (H-SCI 2015)<\/span><\/h4>\n<h5 style=\"text-align: center;\">30 April \u2013 02 May 2015<br \/>\nEfes S\u00fcrmeli Hotel Ku\u015fadas\u0131, \u0130zmir, Turkey<\/h5>\n<p style=\"text-align: center;\">Link to H-SCI 2015 Abstract Book is available\u00a0<a href=\"http:\/\/www.awer-center.org\/abstracts\/HSCI-2015%20Abstracts%20Book.pdf\" target=\"_blank\">here.<\/a><\/p>\n<p style=\"text-align: center;\">Link to published papers is available at\u00a0<a href=\"http:\/\/www.world-education-center.org\/index.php\/paas\/issue\/view\/209\" target=\"_blank\">here<\/a>.<\/p>\n<p style=\"text-align: center;\">Photos from H-SCI 2015 is available at\u00a0<a href=\"https:\/\/www.facebook.com\/?q=\" target=\"_blank\">here<\/a>.<\/p>\n<p style=\"text-align: center;\">If you have questions or problems, please send an e-mail to\u00a0<a style=\"font-family: Consolas, Monaco, monospace; font-size: 12px; line-height: 18px;\" title=\"hsci.secretariat@gmail.com\" href=\"mailto:hsci.secretariat@gmail.com\" target=\"_blank\">hsci.secretariat@gmail.com<\/a><\/p>\n<p>.<\/p>\n","protected":false},"excerpt":{"rendered":"<p>2nd World Conference on Health Sciences (H-SCI 2015) 30 April \u2013 02 May 2015 Efes S\u00fcrmeli Hotel Ku\u015fadas\u0131, \u0130zmir, Turkey Link to H-SCI 2015 Abstract Book is available\u00a0here. Link to published papers is available at\u00a0here. Photos from H-SCI 2015 is available at\u00a0here. If you have questions or problems, please send an e-mail to\u00a0hsci.secretariat@gmail.com .<\/p>\n","protected":false},"author":5,"featured_media":0,"parent":0,"menu_order":0,"comment_status":"closed","ping_status":"open","template":"","meta":{"saved_in_kubio":false,"footnotes":""},"class_list":["post-788","page","type-page","status-publish","hentry"],"kubio_ai_page_context":{"short_desc":"","purpose":"general"},"_links":{"self":[{"href":"https:\/\/globalcenter.info\/h-sci\/index.php?rest_route=\/wp\/v2\/pages\/788"}],"collection":[{"href":"https:\/\/globalcenter.info\/h-sci\/index.php?rest_route=\/wp\/v2\/pages"}],"about":[{"href":"https:\/\/globalcenter.info\/h-sci\/index.php?rest_route=\/wp\/v2\/types\/page"}],"author":[{"embeddable":true,"href":"https:\/\/globalcenter.info\/h-sci\/index.php?rest_route=\/wp\/v2\/users\/5"}],"replies":[{"embeddable":true,"href":"https:\/\/globalcenter.info\/h-sci\/index.php?rest_route=%2Fwp%2Fv2%2Fcomments&post=788"}],"version-history":[{"count":4,"href":"https:\/\/globalcenter.info\/h-sci\/index.php?rest_route=\/wp\/v2\/pages\/788\/revisions"}],"predecessor-version":[{"id":795,"href":"https:\/\/globalcenter.info\/h-sci\/index.php?rest_route=\/wp\/v2\/pages\/788\/revisions\/795"}],"wp:attachment":[{"href":"https:\/\/globalcenter.info\/h-sci\/index.php?rest_route=%2Fwp%2Fv2%2Fmedia&parent=788"}],"curies":[{"name":"wp","href":"https:\/\/api.w.org\/{rel}","templated":true}]}}