{"id":17,"date":"2016-03-12T14:12:30","date_gmt":"2016-03-12T12:12:30","guid":{"rendered":"http:\/\/globalcenter.info\/insode\/?page_id=17"},"modified":"2026-03-04T13:19:33","modified_gmt":"2026-03-04T10:19:33","slug":"organizing-committee","status":"publish","type":"page","link":"https:\/\/globalcenter.info\/insode\/?page_id=17","title":{"rendered":"Organizing Committee"},"content":{"rendered":"<p><strong>Organized by<\/strong><br \/>\nMother Teresa University, Skopje, North Macedonia\u00a0 \u00a0 \u00a0 \u00a0 \u00a0 \u00a0 \u00a0 \u00a0 \u00a0 \u00a0 \u00a0 \u00a0 \u00a0 \u00a0 \u00a0 \u00a0 \u00a0 \u00a0 \u00a0 \u00a0 \u00a0 \u00a0 \u00a0 \u00a0 \u00a0 \u00a0 \u00a0 \u00a0 \u00a0 \u00a0 \u00a0 \u00a0 \u00a0 \u00a0 \u00a0 \u00a0 \u00a0 \u00a0 \u00a0 \u00a0 \u00a0 \u00a0 \u00a0 \u00a0 \u00a0 \u00a0 \u00a0 \u00a0 \u00a0 University for Business and Technology \u00a0 \u00a0 \u00a0 \u00a0 \u00a0 \u00a0 \u00a0 \u00a0 \u00a0 \u00a0 \u00a0 \u00a0 \u00a0 \u00a0 \u00a0 \u00a0 \u00a0 \u00a0 \u00a0 \u00a0 \u00a0 \u00a0 \u00a0 \u00a0 \u00a0 \u00a0 \u00a0 \u00a0 \u00a0 \u00a0 \u00a0 \u00a0 \u00a0 \u00a0 \u00a0 \u00a0 \u00a0 \u00a0 \u00a0 \u00a0 \u00a0 \u00a0 \u00a0 \u00a0 \u00a0 \u00a0 \u00a0 \u00a0 \u00a0 \u00a0 \u00a0 \u00a0 \u00a0 \u00a0 \u00a0 \u00a0 \u00a0 \u00a0 \u00a0 \u00a0 \u00a0 \u00a0 \u00a0 \u00a0 \u00a0 \u00a0 \u00a0 The Academic Event Group<\/p>\n<p><strong>Honorary Presidents\u00a0 \u00a0 \u00a0 \u00a0 \u00a0 \u00a0 \u00a0 \u00a0 \u00a0 \u00a0 \u00a0 \u00a0 \u00a0 \u00a0 \u00a0 \u00a0 \u00a0 \u00a0 \u00a0 \u00a0 \u00a0 \u00a0 \u00a0 \u00a0 \u00a0 \u00a0 \u00a0 \u00a0 \u00a0 \u00a0 \u00a0 \u00a0 \u00a0 \u00a0 \u00a0 \u00a0 \u00a0 \u00a0 \u00a0 \u00a0 \u00a0 \u00a0 \u00a0 \u00a0 \u00a0 \u00a0 \u00a0 \u00a0 \u00a0 \u00a0 \u00a0 \u00a0 \u00a0 \u00a0 \u00a0 \u00a0 \u00a0 \u00a0 \u00a0 \u00a0 \u00a0 \u00a0 \u00a0 \u00a0 \u00a0 \u00a0 \u00a0 \u00a0 \u00a0 \u00a0 \u00a0 \u00a0 \u00a0 \u00a0 \u00a0 \u00a0 \u00a0 \u00a0 \u00a0 \u00a0 \u00a0 \u00a0 \u00a0 \u00a0 \u00a0 \u00a0 \u00a0<\/strong>Prof. Bekim Fetaji (Rector of UNT)\u00a0 \u00a0 \u00a0 \u00a0 \u00a0 \u00a0 \u00a0 \u00a0 \u00a0 \u00a0 \u00a0 \u00a0 \u00a0 \u00a0 \u00a0 \u00a0 \u00a0 \u00a0 \u00a0 \u00a0 \u00a0 \u00a0 \u00a0 \u00a0 \u00a0 \u00a0 \u00a0 \u00a0 \u00a0 \u00a0 \u00a0 \u00a0 \u00a0 \u00a0 \u00a0 \u00a0 \u00a0 \u00a0 \u00a0 \u00a0 \u00a0 \u00a0 \u00a0 \u00a0 \u00a0 \u00a0 \u00a0 \u00a0 \u00a0 \u00a0 \u00a0 \u00a0 \u00a0 \u00a0 \u00a0 \u00a0 \u00a0 \u00a0 \u00a0 \u00a0 \u00a0 \u00a0 \u00a0 \u00a0 \u00a0 \u00a0 \u00a0 \u00a0 \u00a0 \u00a0 \u00a0 \u00a0 \u00a0 \u00a0 \u00a0 \u00a0 \u00a0Prof. Huseyin Uzunboylu (President of TAEG Center)<\/p>\n<p><strong>Conference Program Chair<\/strong><br \/>\nINSODE 2026 Chair, Dr. Blerton Abazi<br \/>\nUniversity for Business and Technology (UBT)<br \/>\nPrishtina, KOSOVO<br \/>\nblerton.abazi@ubt-uni.net<\/p>\n<p><strong>International Program Committee<\/strong><br \/>\nAdisa Daberdini, Albanian University, Albania<br \/>\nAsl\u0131han T\u00fcfek\u00e7i, Gazi University, Turkey<br \/>\nB. Turksen, University of Toronto, Canada<br \/>\nBashkim Ziberi, State University of Tetova, Republic of Macedonia<br \/>\nLejla Abazi, South East European University, Republic of Macedonia<br \/>\nMehmet Karamanoglu, Middlesex University, UK<br \/>\nKayvan Kaseb, Senior Android Developer\/Technical Writer, Turkey<br \/>\nLevent \u00c7etinkaya, \u00c7anakkale Onsekiz Mart University, Turkey<br \/>\nNaile Demiri, AAB College, Republic of Kosovo<br \/>\nValentina Gogovska, Ss. Cyril and Methodius University in Skopje, Republic of Macedonia<br \/>\nVenera Llunji, AAB College, Republic of Kosovo<\/p>\n<p><strong>Organizing Committee<\/strong><br \/>\nTahir Tavuk\u00e7u, Cyprus Social Sciences University, Cyprus<br \/>\nNihat Ekizo\u011flu, Ataturk Teacher Training Academy, Cyprus<br \/>\nBeria Gokaydin, Near East University, Cyprus<br \/>\nZeynep Gen\u00e7, Istanbul Ayd\u0131n University, Turkey<br \/>\nMustafa Korucu, Bah\u00e7e\u015fehir Cyprus University, Cyprus<br \/>\nFlorijeta Hulaj, AAB College, Kosova<br \/>\nMetin Berk Odabas\u0131, Warwick University, UK<\/p>\n<p><strong>General Coordinator<\/strong><br \/>\nOnwudiwe Kenechukwu<\/p>\n ","protected":false},"excerpt":{"rendered":"<p>Organized by Mother Teresa University, Skopje, North Macedonia\u00a0 \u00a0 \u00a0 \u00a0 \u00a0 \u00a0 \u00a0 \u00a0 \u00a0 \u00a0 \u00a0 \u00a0 \u00a0 \u00a0 \u00a0 \u00a0 \u00a0 \u00a0 \u00a0 \u00a0 \u00a0 \u00a0 \u00a0 \u00a0 \u00a0 \u00a0 \u00a0 \u00a0 \u00a0 \u00a0 \u00a0 \u00a0 \u00a0 \u00a0 \u00a0 \u00a0 \u00a0 \u00a0 \u00a0 \u00a0 \u00a0 \u00a0 \u00a0 \u00a0 \u00a0 \u00a0 \u00a0 \u00a0&#8230;<\/p>\n","protected":false},"author":2,"featured_media":0,"parent":0,"menu_order":0,"comment_status":"closed","ping_status":"closed","template":"","meta":{"footnotes":""},"class_list":["post-17","page","type-page","status-publish","hentry"],"_links":{"self":[{"href":"https:\/\/globalcenter.info\/insode\/index.php?rest_route=\/wp\/v2\/pages\/17"}],"collection":[{"href":"https:\/\/globalcenter.info\/insode\/index.php?rest_route=\/wp\/v2\/pages"}],"about":[{"href":"https:\/\/globalcenter.info\/insode\/index.php?rest_route=\/wp\/v2\/types\/page"}],"author":[{"embeddable":true,"href":"https:\/\/globalcenter.info\/insode\/index.php?rest_route=\/wp\/v2\/users\/2"}],"replies":[{"embeddable":true,"href":"https:\/\/globalcenter.info\/insode\/index.php?rest_route=%2Fwp%2Fv2%2Fcomments&post=17"}],"version-history":[{"count":44,"href":"https:\/\/globalcenter.info\/insode\/index.php?rest_route=\/wp\/v2\/pages\/17\/revisions"}],"predecessor-version":[{"id":1639,"href":"https:\/\/globalcenter.info\/insode\/index.php?rest_route=\/wp\/v2\/pages\/17\/revisions\/1639"}],"wp:attachment":[{"href":"https:\/\/globalcenter.info\/insode\/index.php?rest_route=%2Fwp%2Fv2%2Fmedia&parent=17"}],"curies":[{"name":"wp","href":"https:\/\/api.w.org\/{rel}","templated":true}]}}