{"id":11,"date":"2015-12-29T12:13:38","date_gmt":"2015-12-29T10:13:38","guid":{"rendered":"http:\/\/www.awer-center.org\/psysoc\/?page_id=11"},"modified":"2023-09-26T21:45:40","modified_gmt":"2023-09-26T18:45:40","slug":"organizing-committee","status":"publish","type":"page","link":"https:\/\/globalcenter.info\/psysoc\/?page_id=11","title":{"rendered":"Organizing Committee"},"content":{"rendered":"<p><strong>ORGANIZING COMMITTEE<br \/>\n<\/strong><strong>Organized by<\/strong><strong><br \/>\n<\/strong>Istanbul Ayd\u0131n University<br \/>\nThe Academic Event Group<br \/>\nUniversal Special Education and Psychological Counselling Association<\/p>\n<p><strong>Honorary Chair<br \/>\n<\/strong>Prof. Dr. Mustafa Ayd\u0131n<br \/>\nIstanbul Ayd\u0131n University<br \/>\nThe President of the Board of the Trust<strong>\u00a0<\/strong><\/p>\n<p><strong>Honorary Program Committee Chair<\/strong><strong><br \/>\n<\/strong><strong>Prof. Dr. Yadigar \u0130zmirli<\/strong><strong><br \/>\n<\/strong>The rector of Istanbul Ayd\u0131n University<strong>\u00a0<\/strong><\/p>\n<p><strong>Program Chair<br \/>\n<\/strong><a href=\"https:\/\/legacy.iku.edu.tr\/ENG\/25\/226\/432\/4\/personeldetay.html\">Assoc. Prof. Dr. Melis Seray \u00d6zden<\/a>, Istanbul Kultur University<\/p>\n<p><strong>International Program Committee<\/strong><br \/>\nKobus Maree,<em>\u00a0University of Pretoria<\/em>, South Africa<br \/>\nMarilyn Campbell,\u00a0<em>Queensland University of Technology<\/em>, Australia<br \/>\nNur Demirba\u015f \u00c7elik,\u00a0<em>Alanya Alaaddin Keykubat<\/em>\u00a0University, Turkey<br \/>\nZihniye Okray, European University of Lefke, North Cyprus<br \/>\nAtefeh Ferdosipour,\u00a0<em>Islamic Azad University- East Tehran Branch<\/em>, Iran.<\/p>\n<p><strong>Organizing Committee<br \/>\n<\/strong>Tahir Tavuk\u00e7u, Cyprus Social Sciences University<br \/>\nNihat Ekizo\u011flu, Ataturk Teacher Training Academy<br \/>\nFlorijeta Hulaj,\u00a0<em>AAB College<\/em><br \/>\nNesli Bahar Yava\u015f, European University of Lefke<br \/>\nSemih \u00c7al\u0131\u015fkan, \u0130zmir T\u0131naztepe University<br \/>\nZeynep Gen\u00e7, Istanbul Ayd\u0131n University<strong>\u00a0<\/strong><\/p>\n<p><strong>Secretariat<\/strong><strong><br \/>\n<\/strong>Beria Gokayd\u0131n, <em>B.A., M.A.<\/em><br \/>\n<a href=\"mailto:psysoc.secretariat@gmail.com\">psysoc.secretariat@gmail.com<\/a><br \/>\nWhatsApp: +905428566055<\/p>\n","protected":false},"excerpt":{"rendered":"<p>ORGANIZING COMMITTEE Organized by Istanbul Ayd\u0131n University The Academic Event Group Universal Special Education and Psychological Counselling Association Honorary Chair Prof. Dr. Mustafa Ayd\u0131n Istanbul Ayd\u0131n University The President of the Board of the Trust\u00a0 Honorary Program Committee Chair Prof. Dr. Yadigar \u0130zmirli The rector of Istanbul Ayd\u0131n University\u00a0 Program Chair Assoc. Prof. Dr. Melis &hellip; <a href=\"https:\/\/globalcenter.info\/psysoc\/?page_id=11\" class=\"more-link\">Okumaya devam et<span class=\"screen-reader-text\"> &#8220;Organizing Committee&#8221;<\/span><\/a><\/p>\n","protected":false},"author":4,"featured_media":0,"parent":0,"menu_order":0,"comment_status":"closed","ping_status":"closed","template":"","meta":{"footnotes":""},"_links":{"self":[{"href":"https:\/\/globalcenter.info\/psysoc\/index.php?rest_route=\/wp\/v2\/pages\/11"}],"collection":[{"href":"https:\/\/globalcenter.info\/psysoc\/index.php?rest_route=\/wp\/v2\/pages"}],"about":[{"href":"https:\/\/globalcenter.info\/psysoc\/index.php?rest_route=\/wp\/v2\/types\/page"}],"author":[{"embeddable":true,"href":"https:\/\/globalcenter.info\/psysoc\/index.php?rest_route=\/wp\/v2\/users\/4"}],"replies":[{"embeddable":true,"href":"https:\/\/globalcenter.info\/psysoc\/index.php?rest_route=%2Fwp%2Fv2%2Fcomments&post=11"}],"version-history":[{"count":16,"href":"https:\/\/globalcenter.info\/psysoc\/index.php?rest_route=\/wp\/v2\/pages\/11\/revisions"}],"predecessor-version":[{"id":938,"href":"https:\/\/globalcenter.info\/psysoc\/index.php?rest_route=\/wp\/v2\/pages\/11\/revisions\/938"}],"wp:attachment":[{"href":"https:\/\/globalcenter.info\/psysoc\/index.php?rest_route=%2Fwp%2Fv2%2Fmedia&parent=11"}],"curies":[{"name":"wp","href":"https:\/\/api.w.org\/{rel}","templated":true}]}}