{"id":117,"date":"2016-03-10T08:44:29","date_gmt":"2016-03-10T06:44:29","guid":{"rendered":"http:\/\/www.awer-center.org\/psysoc\/?page_id=117"},"modified":"2016-03-10T08:44:29","modified_gmt":"2016-03-10T06:44:29","slug":"psysoc-2014","status":"publish","type":"page","link":"https:\/\/globalcenter.info\/psysoc\/?page_id=117","title":{"rendered":"PSYSOC 2014"},"content":{"rendered":"<p><a href=\"http:\/\/www.awer-center.org\/psysoc\/wp-content\/uploads\/2015\/12\/logo-psysoc-big.jpg\"><img decoding=\"async\" loading=\"lazy\" class=\"wp-image-95 aligncenter\" src=\"http:\/\/www.awer-center.org\/psysoc\/wp-content\/uploads\/2015\/12\/logo-psysoc-big-300x124.jpg\" alt=\"logo-psysoc-big\" width=\"252\" height=\"104\" srcset=\"https:\/\/globalcenter.info\/psysoc\/wp-content\/uploads\/2015\/12\/logo-psysoc-big-300x124.jpg 300w, https:\/\/globalcenter.info\/psysoc\/wp-content\/uploads\/2015\/12\/logo-psysoc-big-1024x424.jpg 1024w, https:\/\/globalcenter.info\/psysoc\/wp-content\/uploads\/2015\/12\/logo-psysoc-big.jpg 2000w\" sizes=\"(max-width: 252px) 85vw, 252px\" \/><\/a><\/p>\n<h4 style=\"text-align: center;\"><strong>3rd World Conference on Psychology and Sociology<br \/>\n(PSYSOC 2014)<\/strong><\/h4>\n<p style=\"text-align: center;\"><strong>November, 06 &#8211; 08 2014 <\/strong><br \/>\n<strong>Efes S\u00fcrmeli Hotel &amp; Convention Center <\/strong><br \/>\n<strong>\u00a0\u0130zmir, Ku\u015fadas\u0131, Turkey<\/strong><\/p>\n<p style=\"text-align: center;\">Link to PSYSOC\u00a02014 Abstract Book is available\u00a0<a href=\"http:\/\/www.awer-center.org\/abstracts\/PSYSOC-2014%20Abstracts%20Book.pdf\" target=\"_blank\">here<\/a><\/p>\n<p style=\"text-align: center;\">Link to PSYSOC 2014 programme is available at here.<\/p>\n<p style=\"text-align: center;\">The proceedings of 3rd World Conference on Psychology and Sociology;<br \/>\nProcedia &#8211; Social and Behavioral Sciences,\u00a0Volume 185, Pages 1-512 (13 May 2015)<br \/>\nLink to published papers is available at <a href=\"http:\/\/www.sciencedirect.com\/science\/journal\/18770428\/185\" target=\"_blank\">here.<\/a><\/p>\n<p style=\"text-align: center;\">Photos from PSYSOC 2014 is available at\u00a0<a href=\"https:\/\/www.facebook.com\/?q=\" target=\"_blank\">here<\/a>.<\/p>\n<p style=\"text-align: center;\">If you have questions or problems, please send an e-mail to \u00a0<a href=\"mailto:psysoc.secretariat@gmail.com\">psysoc.secretariat@gmail.com<\/a>.<\/p>\n","protected":false},"excerpt":{"rendered":"<p>3rd World Conference on Psychology and Sociology (PSYSOC 2014) November, 06 &#8211; 08 2014 Efes S\u00fcrmeli Hotel &amp; Convention Center \u00a0\u0130zmir, Ku\u015fadas\u0131, Turkey Link to PSYSOC\u00a02014 Abstract Book is available\u00a0here Link to PSYSOC 2014 programme is available at here. The proceedings of 3rd World Conference on Psychology and Sociology; Procedia &#8211; Social and Behavioral Sciences,\u00a0Volume &hellip; <a href=\"https:\/\/globalcenter.info\/psysoc\/?page_id=117\" class=\"more-link\">Okumaya devam et<span class=\"screen-reader-text\"> &#8220;PSYSOC 2014&#8221;<\/span><\/a><\/p>\n","protected":false},"author":4,"featured_media":0,"parent":0,"menu_order":0,"comment_status":"closed","ping_status":"closed","template":"","meta":{"footnotes":""},"_links":{"self":[{"href":"https:\/\/globalcenter.info\/psysoc\/index.php?rest_route=\/wp\/v2\/pages\/117"}],"collection":[{"href":"https:\/\/globalcenter.info\/psysoc\/index.php?rest_route=\/wp\/v2\/pages"}],"about":[{"href":"https:\/\/globalcenter.info\/psysoc\/index.php?rest_route=\/wp\/v2\/types\/page"}],"author":[{"embeddable":true,"href":"https:\/\/globalcenter.info\/psysoc\/index.php?rest_route=\/wp\/v2\/users\/4"}],"replies":[{"embeddable":true,"href":"https:\/\/globalcenter.info\/psysoc\/index.php?rest_route=%2Fwp%2Fv2%2Fcomments&post=117"}],"version-history":[{"count":1,"href":"https:\/\/globalcenter.info\/psysoc\/index.php?rest_route=\/wp\/v2\/pages\/117\/revisions"}],"predecessor-version":[{"id":118,"href":"https:\/\/globalcenter.info\/psysoc\/index.php?rest_route=\/wp\/v2\/pages\/117\/revisions\/118"}],"wp:attachment":[{"href":"https:\/\/globalcenter.info\/psysoc\/index.php?rest_route=%2Fwp%2Fv2%2Fmedia&parent=117"}],"curies":[{"name":"wp","href":"https:\/\/api.w.org\/{rel}","templated":true}]}}