{"id":33,"date":"2015-12-29T12:21:21","date_gmt":"2015-12-29T10:21:21","guid":{"rendered":"http:\/\/www.awer-center.org\/psysoc\/?page_id=33"},"modified":"2023-10-30T00:21:10","modified_gmt":"2023-10-29T21:21:10","slug":"conference-registration","status":"publish","type":"page","link":"https:\/\/globalcenter.info\/psysoc\/?page_id=33","title":{"rendered":"Conference RegIstratIon"},"content":{"rendered":"<p><strong><u>REGISTRATION INFORMATION<\/u><\/strong><\/p>\n<table width=\"642\">\n<tbody>\n<tr>\n<td width=\"150\"><\/td>\n<td width=\"170\"><strong>Early Registration Until<\/strong><strong> October 02, 2023<\/strong><\/td>\n<td width=\"173\"><strong>Late Registration <\/strong><\/p>\n<p><strong>After October 02<\/strong><strong>, 2023<\/strong><\/td>\n<td width=\"148\"><strong>Registration Desk<\/strong><\/p>\n<p><strong>\u00a0<\/strong><\/td>\n<\/tr>\n<tr>\n<td width=\"150\">Oral <strong>Participant<\/strong><\/td>\n<td width=\"170\"><strong>11<\/strong><strong>0\u20ac<\/strong><\/td>\n<td width=\"173\">120\u20ac<\/td>\n<td width=\"148\">150\u20ac<\/td>\n<\/tr>\n<tr>\n<td width=\"150\"><strong>Virtual Participant<\/strong><\/td>\n<td width=\"170\"><strong>11<\/strong><strong>0\u20ac<\/strong><\/td>\n<td width=\"173\">120\u20ac<\/td>\n<td width=\"148\">150\u20ac<\/td>\n<\/tr>\n<tr>\n<td width=\"150\"><strong>Audience<\/strong><\/td>\n<td width=\"170\"><strong>5<\/strong><strong>0\u20ac<\/strong><\/td>\n<td width=\"173\">80\u20ac<\/td>\n<td width=\"148\">80\u20ac<\/td>\n<\/tr>\n<tr>\n<td width=\"150\"><strong>Accompanying Person<\/strong><\/td>\n<td width=\"170\"><strong>4<\/strong><strong>0\u20ac<\/strong><\/td>\n<td width=\"173\">50\u20ac<\/td>\n<td width=\"148\">70\u20ac<\/td>\n<\/tr>\n<\/tbody>\n<\/table>\n<p><strong>Registration fee includes:<\/strong><\/p>\n<ul>\n<li>Paper Publication<\/li>\n<li>Cost for Publishing one Paper<\/li>\n<li>Cost of Attendance for one Participant<\/li>\n<li>Participation Certificate<\/li>\n<li>Entrance to all Workshops<\/li>\n<li>Printed Program Book<\/li>\n<li>Conference Bag<\/li>\n<li>Hot Beverages<\/li>\n<li>Free Wireless Internet Connection<\/li>\n<\/ul>\n<p><strong>Audience Registration Fee Includes<\/strong><\/p>\n<ul>\n<li>Conference Fee<\/li>\n<li>Audience Certificate<\/li>\n<li>Conference Bag<\/li>\n<li>Hot Beverages<\/li>\n<li>Free Wireless Internet Connection<\/li>\n<li>Cost of attendance for one participant<\/li>\n<li>Printed Program Book<\/li>\n<\/ul>\n<p><u><b>Important:<\/b><\/u><\/p>\n<ul>\n<li>At least one author has to register within 2 weeks after notification to be included into the programme.<\/li>\n<li>If a paper has multiple authors and these authors\u2019 names are written in more than two papers, these authors have made normal registration payment<\/li>\n<li>The second and more papers 80 Euro each.<\/li>\n<li>A Group discount of 15% is available for 6 or more participants (except student) from the same institution, registering at the same time.<\/li>\n<li>If your paper is not accepted by the reviewers, your payment will be refunded.<\/li>\n<li>When you make your payment please scan your payment receipt to\u00a0<a href=\"mailto:psysoc.register@gmail.com\">psysoc.register@gmail.com<\/a> and also do not forget to write paper ID number<\/li>\n<li>If your full paper is more than 8 pages, you have to pay 21\u20ac per page<\/li>\n<li>You can make your extra pages payment using the same payment methods used for registration<\/li>\n<li>Refund is only possible till 20 days before from the conference starting date, and you will get your refund after one week later from the conference finishing date.<\/li>\n<li>Participants and students who work or study in universities and institutions being colloboration with the conference, get benefit from the 20% discount of participant registration fee <strong>(from Euro current rate)<\/strong>.<\/li>\n<li>TRNC citizens are exempt from the participation fee.<\/li>\n<\/ul>\n<p style=\"font-weight: 400;\"><span style=\"color: #ff0000;\"><strong><u>CREDIT CARD PAYMENT<\/u><\/strong><\/span><\/p>\n<p><a href=\"https:\/\/www.globalcenter.info\/payment\/index.php?route=product\/product&amp;product_id=302\"><img decoding=\"async\" src=\"http:\/\/globalcenter.info\/psysoc\/wp-content\/uploads\/2020\/04\/payment-logo-300x109.png\" alt=\"Bu g\u00f6rsel bo\u015f bir alt niteli\u011fe sahip; dosya ad\u0131 payment-logo-300x109.png\" \/><\/a><\/p>\n<p><strong>Contacts for Registration and Accommodation Only<\/strong><\/p>\n<p>WhatsApp:+90 542 873 73 31<\/p>\n<p>Email: congress.infodesk@gmail.com<\/p>\n","protected":false},"excerpt":{"rendered":"<p>REGISTRATION INFORMATION Early Registration Until October 02, 2023 Late Registration After October 02, 2023 Registration Desk \u00a0 Oral Participant 110\u20ac 120\u20ac 150\u20ac Virtual Participant 110\u20ac 120\u20ac 150\u20ac Audience 50\u20ac 80\u20ac 80\u20ac Accompanying Person 40\u20ac 50\u20ac 70\u20ac Registration fee includes: Paper Publication Cost for Publishing one Paper Cost of Attendance for one Participant Participation Certificate Entrance &hellip; <a href=\"https:\/\/globalcenter.info\/psysoc\/?page_id=33\" class=\"more-link\">Okumaya devam et<span class=\"screen-reader-text\"> &#8220;Conference RegIstratIon&#8221;<\/span><\/a><\/p>\n","protected":false},"author":4,"featured_media":0,"parent":0,"menu_order":0,"comment_status":"closed","ping_status":"closed","template":"","meta":{"footnotes":""},"_links":{"self":[{"href":"https:\/\/globalcenter.info\/psysoc\/index.php?rest_route=\/wp\/v2\/pages\/33"}],"collection":[{"href":"https:\/\/globalcenter.info\/psysoc\/index.php?rest_route=\/wp\/v2\/pages"}],"about":[{"href":"https:\/\/globalcenter.info\/psysoc\/index.php?rest_route=\/wp\/v2\/types\/page"}],"author":[{"embeddable":true,"href":"https:\/\/globalcenter.info\/psysoc\/index.php?rest_route=\/wp\/v2\/users\/4"}],"replies":[{"embeddable":true,"href":"https:\/\/globalcenter.info\/psysoc\/index.php?rest_route=%2Fwp%2Fv2%2Fcomments&post=33"}],"version-history":[{"count":44,"href":"https:\/\/globalcenter.info\/psysoc\/index.php?rest_route=\/wp\/v2\/pages\/33\/revisions"}],"predecessor-version":[{"id":879,"href":"https:\/\/globalcenter.info\/psysoc\/index.php?rest_route=\/wp\/v2\/pages\/33\/revisions\/879"}],"wp:attachment":[{"href":"https:\/\/globalcenter.info\/psysoc\/index.php?rest_route=%2Fwp%2Fv2%2Fmedia&parent=33"}],"curies":[{"name":"wp","href":"https:\/\/api.w.org\/{rel}","templated":true}]}}