{"id":41,"date":"2015-12-29T12:23:26","date_gmt":"2015-12-29T10:23:26","guid":{"rendered":"http:\/\/www.awer-center.org\/psysoc\/?page_id=41"},"modified":"2023-06-04T15:46:47","modified_gmt":"2023-06-04T12:46:47","slug":"conference-place","status":"publish","type":"page","link":"https:\/\/globalcenter.info\/psysoc\/?page_id=41","title":{"rendered":"Conference Place"},"content":{"rendered":"<p> <iframe loading=\"lazy\" src=\"https:\/\/www.google.com\/maps\/embed?pb=!1m18!1m12!1m3!1d123178.57087823279!2d28.60467345640522!3d40.994328282452855!2m3!1f0!2f0!3f0!3m2!1i1024!2i768!4f13.1!3m3!1m2!1s0x14caa396db59606d%3A0x6594147beb14e9b4!2zxLBzdGFuYnVsIEF5ZMSxbiDDnG5pdmVyc2l0ZXNp!5e0!3m2!1str!2str!4v1685882218928!5m2!1str!2str\" width=\"600\" height=\"450\" allowfullscreen=\"allowfullscreen\" data-mce-fragment=\"1\"><\/iframe> <\/p>\n\n\nBe\u015fyol, \u0130n\u00f6n\u00fc Cd. No:38, 34295 K\u00fc\u00e7\u00fck\u00e7ekmece\/\u0130stanbul, Turkey","protected":false},"excerpt":{"rendered":"<p>Be\u015fyol, \u0130n\u00f6n\u00fc Cd. No:38, 34295 K\u00fc\u00e7\u00fck\u00e7ekmece\/\u0130stanbul, Turkey<\/p>\n","protected":false},"author":4,"featured_media":0,"parent":0,"menu_order":0,"comment_status":"closed","ping_status":"closed","template":"","meta":{"footnotes":""},"_links":{"self":[{"href":"https:\/\/globalcenter.info\/psysoc\/index.php?rest_route=\/wp\/v2\/pages\/41"}],"collection":[{"href":"https:\/\/globalcenter.info\/psysoc\/index.php?rest_route=\/wp\/v2\/pages"}],"about":[{"href":"https:\/\/globalcenter.info\/psysoc\/index.php?rest_route=\/wp\/v2\/types\/page"}],"author":[{"embeddable":true,"href":"https:\/\/globalcenter.info\/psysoc\/index.php?rest_route=\/wp\/v2\/users\/4"}],"replies":[{"embeddable":true,"href":"https:\/\/globalcenter.info\/psysoc\/index.php?rest_route=%2Fwp%2Fv2%2Fcomments&post=41"}],"version-history":[{"count":12,"href":"https:\/\/globalcenter.info\/psysoc\/index.php?rest_route=\/wp\/v2\/pages\/41\/revisions"}],"predecessor-version":[{"id":885,"href":"https:\/\/globalcenter.info\/psysoc\/index.php?rest_route=\/wp\/v2\/pages\/41\/revisions\/885"}],"wp:attachment":[{"href":"https:\/\/globalcenter.info\/psysoc\/index.php?rest_route=%2Fwp%2Fv2%2Fmedia&parent=41"}],"curies":[{"name":"wp","href":"https:\/\/api.w.org\/{rel}","templated":true}]}}