{"id":618,"date":"2019-12-20T09:05:56","date_gmt":"2019-12-20T06:05:56","guid":{"rendered":"http:\/\/globalcenter.info\/psysoc\/?page_id=618"},"modified":"2020-01-08T17:15:15","modified_gmt":"2020-01-08T14:15:15","slug":"psysoc-2019","status":"publish","type":"page","link":"https:\/\/globalcenter.info\/psysoc\/?page_id=618","title":{"rendered":"PSYSOC &#8211; 2019"},"content":{"rendered":"\n<h3 class=\"wp-block-heading\" style=\"text-align:center\"><strong>8th WORLD CONFERENCE on PSYCHOLOGY and SOCIOLOGY<\/strong><br><strong>29 November &#8211; 01 December 2019<\/strong><br><strong>Ayvansaray UnIversIty<\/strong><br><strong>istanbul \u2013 Turkey<\/strong><\/h3>\n\n\n\n<p>Link to PSYSOC 2019 Poster is available <a href=\"http:\/\/globalcenter.info\/psysoc\/wp-content\/uploads\/2019\/12\/psysocposter.jpg\">here<\/a><br>Link to PSYSOC 2019 Abstract Book is available <a rel=\"noreferrer noopener\" aria-label=\"here (yeni sekmede a\u00e7\u0131l\u0131r)\" href=\"http:\/\/globalcenter.info\/psysoc\/wp-content\/uploads\/2019\/12\/PSYSOC-2019-Abstracts-Book.pdf\" target=\"_blank\">here<\/a><a rel=\"noreferrer noopener\" href=\"http:\/\/awer-center.org\/\" target=\"_blank\"><br><\/a>Link to PSYSOC 2019 Program Book is available <a href=\"http:\/\/globalcenter.info\/psysoc\/wp-content\/uploads\/2020\/01\/PSYSOC-2019-Draft-Program_Bask\u0131-1.pdf\" target=\"_blank\" rel=\"noreferrer noopener\" aria-label=\"here (yeni sekmede a\u00e7\u0131l\u0131r)\">here<\/a><a rel=\"noreferrer noopener\" href=\"http:\/\/globalcenter.info\/psysoc\/wp-content\/uploads\/2019\/08\/PSYSOC-2018-Draft-Program.pdf\" target=\"_blank\"><br><\/a><\/p>\n","protected":false},"excerpt":{"rendered":"<p>8th WORLD CONFERENCE on PSYCHOLOGY and SOCIOLOGY29 November &#8211; 01 December 2019Ayvansaray UnIversItyistanbul \u2013 Turkey Link to PSYSOC 2019 Poster is available hereLink to PSYSOC 2019 Abstract Book is available hereLink to PSYSOC 2019 Program Book is available here<\/p>\n","protected":false},"author":4,"featured_media":0,"parent":0,"menu_order":0,"comment_status":"closed","ping_status":"closed","template":"","meta":{"footnotes":""},"_links":{"self":[{"href":"https:\/\/globalcenter.info\/psysoc\/index.php?rest_route=\/wp\/v2\/pages\/618"}],"collection":[{"href":"https:\/\/globalcenter.info\/psysoc\/index.php?rest_route=\/wp\/v2\/pages"}],"about":[{"href":"https:\/\/globalcenter.info\/psysoc\/index.php?rest_route=\/wp\/v2\/types\/page"}],"author":[{"embeddable":true,"href":"https:\/\/globalcenter.info\/psysoc\/index.php?rest_route=\/wp\/v2\/users\/4"}],"replies":[{"embeddable":true,"href":"https:\/\/globalcenter.info\/psysoc\/index.php?rest_route=%2Fwp%2Fv2%2Fcomments&post=618"}],"version-history":[{"count":3,"href":"https:\/\/globalcenter.info\/psysoc\/index.php?rest_route=\/wp\/v2\/pages\/618\/revisions"}],"predecessor-version":[{"id":655,"href":"https:\/\/globalcenter.info\/psysoc\/index.php?rest_route=\/wp\/v2\/pages\/618\/revisions\/655"}],"wp:attachment":[{"href":"https:\/\/globalcenter.info\/psysoc\/index.php?rest_route=%2Fwp%2Fv2%2Fmedia&parent=618"}],"curies":[{"name":"wp","href":"https:\/\/api.w.org\/{rel}","templated":true}]}}