{"id":756,"date":"2021-02-09T18:29:01","date_gmt":"2021-02-09T15:29:01","guid":{"rendered":"http:\/\/globalcenter.info\/psysoc\/?page_id=756"},"modified":"2021-02-09T18:29:01","modified_gmt":"2021-02-09T15:29:01","slug":"psysoc-2020","status":"publish","type":"page","link":"https:\/\/globalcenter.info\/psysoc\/?page_id=756","title":{"rendered":"PSYSOC &#8211; 2020"},"content":{"rendered":"\n<h3 class=\"wp-block-heading\" style=\"text-align:center\">9TH WORLD CONFERENCE ON\nPSYCHOLOGY AND SOCIOLOGY <\/h3>\n\n\n\n<h3 class=\"wp-block-heading\" style=\"text-align:center\">(PSYSOC-2020)<\/h3>\n\n\n\n<p style=\"text-align:center\"><strong>27 \u2013 29\nNovember, 2020<br>\n<\/strong><strong>Sapienza University,<br>\nRome, ITALY<\/strong><\/p>\n\n\n\n<p>Link to PSYSOC 2020 Poster is available\u00a0<a href=\"http:\/\/globalcenter.info\/psysoc\/wp-content\/uploads\/2021\/02\/Resim5.jpg\">here<\/a><br>Link to PSYSOC 2020 Abstract Book is available\u00a0<a href=\"http:\/\/globalcenter.info\/psysoc\/wp-content\/uploads\/2020\/12\/PSYSOC-Abstracts-Book.pdf\" target=\"_blank\" rel=\"noreferrer noopener\" aria-label=\"here (yeni sekmede a\u00e7\u0131l\u0131r)\">here<\/a><br>Link to PSYSOC 2020 Program Book is available\u00a0<a rel=\"noreferrer noopener\" aria-label=\"here (yeni sekmede a\u00e7\u0131l\u0131r)\" href=\"http:\/\/globalcenter.info\/psysoc\/wp-content\/uploads\/2021\/02\/psysoc-draftprogram.pdf\" target=\"_blank\">here<\/a><\/p>\n","protected":false},"excerpt":{"rendered":"<p>9TH WORLD CONFERENCE ON PSYCHOLOGY AND SOCIOLOGY (PSYSOC-2020) 27 \u2013 29 November, 2020 Sapienza University, Rome, ITALY Link to PSYSOC 2020 Poster is available\u00a0hereLink to PSYSOC 2020 Abstract Book is available\u00a0hereLink to PSYSOC 2020 Program Book is available\u00a0here<\/p>\n","protected":false},"author":4,"featured_media":0,"parent":0,"menu_order":0,"comment_status":"closed","ping_status":"closed","template":"","meta":{"footnotes":""},"_links":{"self":[{"href":"https:\/\/globalcenter.info\/psysoc\/index.php?rest_route=\/wp\/v2\/pages\/756"}],"collection":[{"href":"https:\/\/globalcenter.info\/psysoc\/index.php?rest_route=\/wp\/v2\/pages"}],"about":[{"href":"https:\/\/globalcenter.info\/psysoc\/index.php?rest_route=\/wp\/v2\/types\/page"}],"author":[{"embeddable":true,"href":"https:\/\/globalcenter.info\/psysoc\/index.php?rest_route=\/wp\/v2\/users\/4"}],"replies":[{"embeddable":true,"href":"https:\/\/globalcenter.info\/psysoc\/index.php?rest_route=%2Fwp%2Fv2%2Fcomments&post=756"}],"version-history":[{"count":1,"href":"https:\/\/globalcenter.info\/psysoc\/index.php?rest_route=\/wp\/v2\/pages\/756\/revisions"}],"predecessor-version":[{"id":759,"href":"https:\/\/globalcenter.info\/psysoc\/index.php?rest_route=\/wp\/v2\/pages\/756\/revisions\/759"}],"wp:attachment":[{"href":"https:\/\/globalcenter.info\/psysoc\/index.php?rest_route=%2Fwp%2Fv2%2Fmedia&parent=756"}],"curies":[{"name":"wp","href":"https:\/\/api.w.org\/{rel}","templated":true}]}}