{"id":863,"date":"2023-01-02T11:00:56","date_gmt":"2023-01-02T08:00:56","guid":{"rendered":"http:\/\/globalcenter.info\/psysoc\/?page_id=863"},"modified":"2023-01-02T11:00:56","modified_gmt":"2023-01-02T08:00:56","slug":"psysoc-2022","status":"publish","type":"page","link":"https:\/\/globalcenter.info\/psysoc\/?page_id=863","title":{"rendered":"PSYSOC-2022"},"content":{"rendered":"\n<h3 class=\"wp-block-heading\" style=\"text-align:center\">11TH WORLD CONFERENCE ON PSYCHOLOGY AND SOCIOLOGY <\/h3>\n\n\n\n<h3 class=\"wp-block-heading\" style=\"text-align:center\">(PSYSOC-2022)<\/h3>\n\n\n\n<p>Link to PSYSOC 2022 Abstract Book is available\u00a0<a rel=\"noreferrer noopener\" aria-label=\" (yeni sekmede a\u00e7\u0131l\u0131r)\" href=\"http:\/\/globalcenter.info\/psysoc\/wp-content\/uploads\/2023\/01\/PSYSOC2022abstracts.pdf\" target=\"_blank\">here<\/a><br>Link to PSYSOC 2022 Program Book is available\u00a0<a href=\"http:\/\/globalcenter.info\/psysoc\/wp-content\/uploads\/2023\/01\/PSYSOC2022last.pdf\" target=\"_blank\" rel=\"noreferrer noopener\" aria-label=\" (yeni sekmede a\u00e7\u0131l\u0131r)\">here<\/a><\/p>\n\n\n<p><!--EndFragment--><br \/><br \/><\/p>","protected":false},"excerpt":{"rendered":"<p>11TH WORLD CONFERENCE ON PSYCHOLOGY AND SOCIOLOGY (PSYSOC-2022) Link to PSYSOC 2022 Abstract Book is available\u00a0hereLink to PSYSOC 2022 Program Book is available\u00a0here<\/p>\n","protected":false},"author":4,"featured_media":0,"parent":0,"menu_order":0,"comment_status":"closed","ping_status":"closed","template":"","meta":{"footnotes":""},"_links":{"self":[{"href":"https:\/\/globalcenter.info\/psysoc\/index.php?rest_route=\/wp\/v2\/pages\/863"}],"collection":[{"href":"https:\/\/globalcenter.info\/psysoc\/index.php?rest_route=\/wp\/v2\/pages"}],"about":[{"href":"https:\/\/globalcenter.info\/psysoc\/index.php?rest_route=\/wp\/v2\/types\/page"}],"author":[{"embeddable":true,"href":"https:\/\/globalcenter.info\/psysoc\/index.php?rest_route=\/wp\/v2\/users\/4"}],"replies":[{"embeddable":true,"href":"https:\/\/globalcenter.info\/psysoc\/index.php?rest_route=%2Fwp%2Fv2%2Fcomments&post=863"}],"version-history":[{"count":1,"href":"https:\/\/globalcenter.info\/psysoc\/index.php?rest_route=\/wp\/v2\/pages\/863\/revisions"}],"predecessor-version":[{"id":865,"href":"https:\/\/globalcenter.info\/psysoc\/index.php?rest_route=\/wp\/v2\/pages\/863\/revisions\/865"}],"wp:attachment":[{"href":"https:\/\/globalcenter.info\/psysoc\/index.php?rest_route=%2Fwp%2Fv2%2Fmedia&parent=863"}],"curies":[{"name":"wp","href":"https:\/\/api.w.org\/{rel}","templated":true}]}}