{"id":9,"date":"2015-12-29T12:13:01","date_gmt":"2015-12-29T10:13:01","guid":{"rendered":"http:\/\/www.awer-center.org\/psysoc\/?page_id=9"},"modified":"2019-09-19T13:19:31","modified_gmt":"2019-09-19T10:19:31","slug":"international-advisory-board","status":"publish","type":"page","link":"https:\/\/globalcenter.info\/psysoc\/?page_id=9","title":{"rendered":"International Advisory Board"},"content":{"rendered":"<p><strong>INTERNATIONAL ADVISORY BOARD<\/strong><\/p>\n<table width=\"0\">\n<tbody>\n<tr>\n<td width=\"155\">A. Rui \u00a0Gomes<\/td>\n<td width=\"244\">University of Minho<\/td>\n<td width=\"230\">Portugal<\/td>\n<\/tr>\n<tr>\n<td width=\"155\">Ahmad Alipour<\/td>\n<td width=\"244\">Payame Noor University<\/td>\n<td width=\"230\">Iran<\/td>\n<\/tr>\n<tr>\n<td width=\"155\">Aldert Vrij<\/td>\n<td width=\"244\">University of Portsmouth<\/td>\n<td width=\"230\">UK<\/td>\n<\/tr>\n<tr>\n<td width=\"155\">Andr\u00e9 Francisco Pilon<\/td>\n<td width=\"244\">University of S\u00e3o Paulo<\/td>\n<td width=\"230\">Brazil<\/td>\n<\/tr>\n<tr>\n<td width=\"155\">Andrew Day<\/td>\n<td width=\"244\">Deakin University<\/td>\n<td width=\"230\">Australia<\/td>\n<\/tr>\n<tr>\n<td width=\"155\">Andy McKinlay<\/td>\n<td width=\"244\">The University of Edinburgh<\/td>\n<td width=\"230\">UK<\/td>\n<\/tr>\n<tr>\n<td width=\"155\">Anthony L Pillay<\/td>\n<td width=\"244\">University of KwaZulu-Natal<\/td>\n<td width=\"230\">South Africa<\/td>\n<\/tr>\n<tr>\n<td width=\"155\">Bego\u00f1a Montero<\/td>\n<td width=\"244\">Universidad Polit\u00e9cnica de Valencia<\/td>\n<td width=\"230\">Spain<\/td>\n<\/tr>\n<tr>\n<td width=\"155\">Biyu J. He<\/td>\n<td width=\"244\">Washington University<\/td>\n<td width=\"230\">Chine<\/td>\n<\/tr>\n<tr>\n<td width=\"155\">Britt af Klinteberg<\/td>\n<td width=\"244\">Stockholm University<\/td>\n<td width=\"230\">Sweden<\/td>\n<\/tr>\n<tr>\n<td width=\"155\">Carmen P\u00e9rez Sabater<\/td>\n<td width=\"244\">Universitat Polit\u00e8cnica de Val\u00e8ncia<\/td>\n<td width=\"230\">Spain<\/td>\n<\/tr>\n<tr>\n<td width=\"155\">Chris McVittie<\/td>\n<td width=\"244\">Queen Margaret University<\/td>\n<td width=\"230\">Scotland<\/td>\n<\/tr>\n<tr>\n<td width=\"155\">Conchi San Mart\u00edn<\/td>\n<td width=\"244\">University of Barcelona<\/td>\n<td width=\"230\">Spain<\/td>\n<\/tr>\n<tr>\n<td width=\"155\">Demet Erol Ongen<\/td>\n<td width=\"244\">Akdeniz University<\/td>\n<td width=\"230\">Turkey<\/td>\n<\/tr>\n<tr>\n<td width=\"155\">Diane Cooper<\/td>\n<td width=\"244\">School of Public Health &amp; Family Medicine<\/td>\n<td width=\"230\">South Africa<\/td>\n<\/tr>\n<tr>\n<td width=\"155\">Diane Sunar<\/td>\n<td width=\"244\">Bilgi University<\/td>\n<td width=\"230\">Turkey<\/td>\n<\/tr>\n<tr>\n<td width=\"155\">Edwin Herazo<\/td>\n<td width=\"244\">Human Behavioral Research Institute<\/td>\n<td width=\"230\">Colombia<\/td>\n<\/tr>\n<tr>\n<td width=\"155\">Emee Vida Estacio<\/td>\n<td width=\"244\">Keele University<\/td>\n<td width=\"230\">UK<\/td>\n<\/tr>\n<tr>\n<td width=\"155\">Emel Kuruoglu<\/td>\n<td width=\"244\">Dokuz Eylul University<\/td>\n<td width=\"230\">Turkey<\/td>\n<\/tr>\n<tr>\n<td width=\"155\">Felix Ehrlenspiel<\/td>\n<td width=\"244\">Technical University of Munich.<\/td>\n<td width=\"230\">Germany<\/td>\n<\/tr>\n<tr>\n<td width=\"155\">Flora Cornish<\/td>\n<td width=\"244\">Glasgow Caledonian University<\/td>\n<td width=\"230\">Scotland<\/td>\n<\/tr>\n<tr>\n<td width=\"155\">Georg W. Oesterdiekhoff<\/td>\n<td width=\"244\">University Erlangen-Nuernberg<\/td>\n<td width=\"230\">Germany<\/td>\n<\/tr>\n<tr>\n<td width=\"155\">George Wright<\/td>\n<td width=\"244\">Durham Business School<\/td>\n<td width=\"230\">UK<\/td>\n<\/tr>\n<tr>\n<td width=\"155\">Gill Furze<\/td>\n<td width=\"244\">University of York<\/td>\n<td width=\"230\">UK<\/td>\n<\/tr>\n<tr>\n<td width=\"155\">Giuseppe Riva<\/td>\n<td width=\"244\">The Catholic University of Milan<\/td>\n<td width=\"230\">Italy<\/td>\n<\/tr>\n<tr>\n<td width=\"155\">G\u00f6n\u00fcl Akcamete<\/td>\n<td width=\"244\">Near East University<\/td>\n<td width=\"230\">Turkey<\/td>\n<\/tr>\n<tr>\n<td width=\"155\">Hayat Boz<\/td>\n<td width=\"244\">Ankara University<\/td>\n<td width=\"230\">Turkey<\/td>\n<\/tr>\n<tr>\n<td width=\"155\">Ian Butler<\/td>\n<td width=\"244\">University of Bath<\/td>\n<td width=\"230\">UK<\/td>\n<\/tr>\n<tr>\n<td width=\"155\">Ileana Rotaru<\/td>\n<td width=\"244\">Eftimie Murgu University<\/td>\n<td width=\"230\">Romania<\/td>\n<\/tr>\n<tr>\n<td width=\"155\">Inge Petersen<\/td>\n<td width=\"244\">University of KwaZulu-Natal<\/td>\n<td width=\"230\">South Africa<\/td>\n<\/tr>\n<tr>\n<td width=\"155\">Ivandro Soares Monteiro<\/td>\n<td width=\"244\">ORASI Institute<\/td>\n<td width=\"230\">Portugal<\/td>\n<\/tr>\n<tr>\n<td width=\"155\">Jacobus G. Maree<\/td>\n<td width=\"244\">University of Pretoria<\/td>\n<td width=\"230\">South Africa<\/td>\n<\/tr>\n<tr>\n<td width=\"155\">Jes\u00fas de la Fuente Arias<\/td>\n<td width=\"244\">University of Almer\u00eda<\/td>\n<td width=\"230\">Spain<\/td>\n<\/tr>\n<tr>\n<td width=\"155\">Joanna Pawelczyk<\/td>\n<td width=\"244\">Adam Mickiewicz University<\/td>\n<td width=\"230\">Poland<\/td>\n<\/tr>\n<tr>\n<td width=\"155\">Joanne Dickson<\/td>\n<td width=\"244\">University of Liverpool<\/td>\n<td width=\"230\">UK<\/td>\n<\/tr>\n<tr>\n<td width=\"155\">John Fraser<\/td>\n<td width=\"244\">University of New England<\/td>\n<td width=\"230\">UK<\/td>\n<\/tr>\n<tr>\n<td width=\"155\">Juan-Jos\u00e9 Igartua<\/td>\n<td width=\"244\">University of Salamanca<\/td>\n<td width=\"230\">Spain<\/td>\n<\/tr>\n<tr>\n<td width=\"155\">Jung-Cheol Shini<\/td>\n<td width=\"244\">Seoul National University<\/td>\n<td width=\"230\">South Korea<\/td>\n<\/tr>\n<tr>\n<td width=\"155\">Kamil \u00d6zerk<\/td>\n<td width=\"244\">University of Oslo<\/td>\n<td width=\"230\">Norway<\/td>\n<\/tr>\n<tr>\n<td width=\"155\">Kavita Vedhara<\/td>\n<td width=\"244\">University of Nottingham<\/td>\n<td width=\"230\">UK<\/td>\n<\/tr>\n<tr>\n<td width=\"155\">Kinga Morsanyi<\/td>\n<td width=\"244\">University of Plymouth<\/td>\n<td width=\"230\">UK<\/td>\n<\/tr>\n<tr>\n<td width=\"155\">Lawrence T. Lam<\/td>\n<td width=\"244\">The University of Notre Dame<\/td>\n<td width=\"230\">Australia<\/td>\n<\/tr>\n<tr>\n<td width=\"155\">Lesley Fraser<\/td>\n<td width=\"244\">Australian Guidance and Counselling Association<\/td>\n<td width=\"230\">Australia<\/td>\n<\/tr>\n<tr>\n<td width=\"155\">Lia Patr\u00edcio<\/td>\n<td width=\"244\">Univsity of Porto<\/td>\n<td width=\"230\">Portugal<\/td>\n<\/tr>\n<tr>\n<td width=\"155\">M. Kemal Sayar<\/td>\n<td width=\"244\">Fatih University<\/td>\n<td width=\"230\">Turkey<\/td>\n<\/tr>\n<tr>\n<td width=\"155\">Malik Amjad<\/td>\n<td width=\"244\">University College of the North<\/td>\n<td width=\"230\">Canada<\/td>\n<\/tr>\n<tr>\n<td width=\"155\">Mansour Abdi<\/td>\n<td width=\"244\">Arak University<\/td>\n<td width=\"230\">Iran<\/td>\n<\/tr>\n<tr>\n<td width=\"155\">Margaret Harris<\/td>\n<td width=\"244\">Oxford Brookes University<\/td>\n<td width=\"230\">UK<\/td>\n<\/tr>\n<tr>\n<td width=\"155\">Marie .P. Wissing<\/td>\n<td width=\"244\">North West University<\/td>\n<td width=\"230\">South Africa<\/td>\n<\/tr>\n<tr>\n<td width=\"155\">Marilyn Campbell<\/td>\n<td width=\"244\">Queensland University of Technology<\/td>\n<td width=\"230\">Australia<\/td>\n<\/tr>\n<tr>\n<td width=\"155\">Martin Voracek<\/td>\n<td width=\"244\">University of Vienna<\/td>\n<td width=\"230\">Austria<\/td>\n<\/tr>\n<tr>\n<td width=\"155\">Mehmet Erdem<\/td>\n<td width=\"244\">University of Nevada<\/td>\n<td width=\"230\">USA<\/td>\n<\/tr>\n<tr>\n<td width=\"155\">Melahat I\u015f\u0131nsu Halat<\/td>\n<td width=\"244\">Ministry of Healthy<\/td>\n<td width=\"230\">North Cyprus<\/td>\n<\/tr>\n<tr>\n<td width=\"155\">Michelle Simpson<\/td>\n<td width=\"244\">University of Wisconsin-Milwaukee<\/td>\n<td width=\"230\">USA<\/td>\n<\/tr>\n<tr>\n<td width=\"155\">Mohammad Hossein Yarmohammadian<\/td>\n<td width=\"244\">Isfahan University of Medical Sciences<\/td>\n<td width=\"230\">Iran<\/td>\n<\/tr>\n<tr>\n<td width=\"155\">Monica T. G. Ramirez<\/td>\n<td width=\"244\">Universidad Autonoma de Nuevo Leon<\/td>\n<td width=\"230\">Mexico<\/td>\n<\/tr>\n<tr>\n<td width=\"155\">Montserrat Comesa\u00f1a Vila<\/td>\n<td width=\"244\">University of Minho<\/td>\n<td width=\"230\">Portugal<\/td>\n<\/tr>\n<tr>\n<td width=\"155\">Omar Fernando Cort\u00e9s Pe\u00f1a<\/td>\n<td>Universidad de la Costa<\/td>\n<td width=\"230\">Colombia<\/td>\n<\/tr>\n<tr>\n<td width=\"155\">Oya Hazer<\/td>\n<td width=\"244\">Hacettepe University<\/td>\n<td width=\"230\">Turkey<\/td>\n<\/tr>\n<tr>\n<td width=\"155\">Peter Mitchell<\/td>\n<td width=\"244\">University of Nottingham Malaysia<\/td>\n<td width=\"230\">Malaysia<\/td>\n<\/tr>\n<tr>\n<td width=\"155\">Philip Philipoff<\/td>\n<td width=\"244\">Bulgarian Academy of Sciences<\/td>\n<td width=\"230\">Bulgaria<\/td>\n<\/tr>\n<tr>\n<td width=\"155\">Prof. Dr. Mohamed Yusoff Abbas<\/td>\n<td width=\"244\">University Technology MARA<\/td>\n<td width=\"230\">Malaysia<\/td>\n<\/tr>\n<tr>\n<td width=\"155\">Reinhold Viehoff<\/td>\n<td width=\"244\">Martin Luther University<\/td>\n<td width=\"230\">Germany<\/td>\n<\/tr>\n<tr>\n<td width=\"155\">Ruy Jornada Krebs<\/td>\n<td width=\"244\">State University of Santa Catarina<\/td>\n<td width=\"230\">Brazil<\/td>\n<\/tr>\n<tr>\n<td width=\"155\">Selahattin \u00d6\u011f\u00fclm\u00fc\u015f<\/td>\n<td width=\"244\">Ankara University<\/td>\n<td width=\"230\">Turkey<\/td>\n<\/tr>\n<tr>\n<td width=\"155\">Sibel \u00c7i\u011fdem G\u00fcneysu<\/td>\n<td width=\"244\">Baskent University<\/td>\n<td width=\"230\">Turkey<\/td>\n<\/tr>\n<tr>\n<td width=\"155\">Simonetta Adamo<\/td>\n<td width=\"244\">University of Milan<\/td>\n<td width=\"230\">Italy<\/td>\n<\/tr>\n<tr>\n<td width=\"155\">Stefanie Hoehl<\/td>\n<td width=\"244\">University of Heidelberg<\/td>\n<td width=\"230\">Germany<\/td>\n<\/tr>\n<tr>\n<td width=\"155\">Stephen Goss<\/td>\n<td width=\"244\">Univsity of Abertay Dundee<\/td>\n<td width=\"230\">Scotland<\/td>\n<\/tr>\n<tr>\n<td width=\"155\">Steve Campbell<\/td>\n<td width=\"244\">University of New England<\/td>\n<td width=\"230\">Australia<\/td>\n<\/tr>\n<tr>\n<td width=\"155\">Steve W. J. Kozlowski<\/td>\n<td width=\"244\">Michigan State University<\/td>\n<td width=\"230\">USA<\/td>\n<\/tr>\n<tr>\n<td width=\"155\">Steven M. Rose<\/td>\n<td width=\"244\">John Hopkins University<\/td>\n<td width=\"230\">USA<\/td>\n<\/tr>\n<tr>\n<td width=\"155\">Sue Hawick<\/td>\n<td width=\"244\">New South Wales Australia<\/td>\n<td width=\"230\">Australia<\/td>\n<\/tr>\n<tr>\n<td width=\"155\">Tim Lewis<\/td>\n<td width=\"244\">University of Missouri<\/td>\n<td width=\"230\">USA<\/td>\n<\/tr>\n<tr>\n<td width=\"155\">Tim Melchert<\/td>\n<td width=\"244\">Marquette University<\/td>\n<td width=\"230\">USA<\/td>\n<\/tr>\n<tr>\n<td width=\"155\">Toon W. Taris<\/td>\n<td width=\"244\">Radboud University Nijmegen<\/td>\n<td width=\"230\">The Netherlands<\/td>\n<\/tr>\n<tr>\n<td width=\"155\">Tuncay Ergene<\/td>\n<td width=\"244\">Ya\u015far University<\/td>\n<td width=\"230\">Turkey<\/td>\n<\/tr>\n<tr>\n<td width=\"155\">Turan Temur<\/td>\n<td width=\"244\">Gazi University<\/td>\n<td width=\"230\">Turkey<\/td>\n<\/tr>\n<tr>\n<td width=\"155\">Ulku Koymen<\/td>\n<td width=\"244\">Ajman University of Science and Technology<\/td>\n<td width=\"230\">UAE<\/td>\n<\/tr>\n<tr>\n<td width=\"155\">Usha Tummala-Narra<\/td>\n<td width=\"244\">Michigan State University<\/td>\n<td width=\"230\">USA<\/td>\n<\/tr>\n<tr>\n<td width=\"155\">Vildan Mevsim<\/td>\n<td width=\"244\">Dokuz Eylul University<\/td>\n<td width=\"230\">Turkey<\/td>\n<\/tr>\n<tr>\n<td width=\"155\">Wenche Andersen Helland<\/td>\n<td width=\"244\">University of Bergen &amp; Stord Hospital<\/td>\n<td width=\"230\">Norway<\/td>\n<\/tr>\n<tr>\n<td width=\"155\">Zehra Ozcinar<\/td>\n<td width=\"244\">Atat\u00fcrk Teacher\u2019s Academy<\/td>\n<td width=\"230\">North Cyprus<\/td>\n<\/tr>\n<\/tbody>\n<\/table>\n","protected":false},"excerpt":{"rendered":"<p>INTERNATIONAL ADVISORY BOARD A. Rui \u00a0Gomes University of Minho Portugal Ahmad Alipour Payame Noor University Iran Aldert Vrij University of Portsmouth UK Andr\u00e9 Francisco Pilon University of S\u00e3o Paulo Brazil Andrew Day Deakin University Australia Andy McKinlay The University of Edinburgh UK Anthony L Pillay University of KwaZulu-Natal South Africa Bego\u00f1a Montero Universidad Polit\u00e9cnica de &hellip; <a href=\"https:\/\/globalcenter.info\/psysoc\/?page_id=9\" class=\"more-link\">Okumaya devam et<span class=\"screen-reader-text\"> &#8220;International Advisory Board&#8221;<\/span><\/a><\/p>\n","protected":false},"author":4,"featured_media":0,"parent":0,"menu_order":0,"comment_status":"closed","ping_status":"closed","template":"","meta":{"footnotes":""},"_links":{"self":[{"href":"https:\/\/globalcenter.info\/psysoc\/index.php?rest_route=\/wp\/v2\/pages\/9"}],"collection":[{"href":"https:\/\/globalcenter.info\/psysoc\/index.php?rest_route=\/wp\/v2\/pages"}],"about":[{"href":"https:\/\/globalcenter.info\/psysoc\/index.php?rest_route=\/wp\/v2\/types\/page"}],"author":[{"embeddable":true,"href":"https:\/\/globalcenter.info\/psysoc\/index.php?rest_route=\/wp\/v2\/users\/4"}],"replies":[{"embeddable":true,"href":"https:\/\/globalcenter.info\/psysoc\/index.php?rest_route=%2Fwp%2Fv2%2Fcomments&post=9"}],"version-history":[{"count":5,"href":"https:\/\/globalcenter.info\/psysoc\/index.php?rest_route=\/wp\/v2\/pages\/9\/revisions"}],"predecessor-version":[{"id":532,"href":"https:\/\/globalcenter.info\/psysoc\/index.php?rest_route=\/wp\/v2\/pages\/9\/revisions\/532"}],"wp:attachment":[{"href":"https:\/\/globalcenter.info\/psysoc\/index.php?rest_route=%2Fwp%2Fv2%2Fmedia&parent=9"}],"curies":[{"name":"wp","href":"https:\/\/api.w.org\/{rel}","templated":true}]}}