{"id":965,"date":"2023-10-22T15:33:28","date_gmt":"2023-10-22T12:33:28","guid":{"rendered":"http:\/\/globalcenter.info\/psysoc\/?page_id=965"},"modified":"2023-11-03T16:24:16","modified_gmt":"2023-11-03T13:24:16","slug":"program-book","status":"publish","type":"page","link":"https:\/\/globalcenter.info\/psysoc\/?page_id=965","title":{"rendered":"Program Book"},"content":{"rendered":"\n<div class=\"wp-block-file\"><object class=\"wp-block-file__embed\" data=\"https:\/\/globalcenter.info\/psysoc\/wp-content\/uploads\/2023\/11\/PSYSOC-2023-Program-and-Abstracts-Book_01.11.2023-1.pdf\" type=\"application\/pdf\" style=\"width:100%;height:600px\" aria-label=\"PSYSOC-2023-Program-and-Abstracts-Book-01.11.2023 g\u00f6m\u00fcs\u00fc.\"><\/object><a id=\"wp-block-file--media-19f694c2-c997-42c2-a32e-543004717fc2\" href=\"https:\/\/globalcenter.info\/psysoc\/wp-content\/uploads\/2023\/11\/PSYSOC-2023-Program-and-Abstracts-Book_01.11.2023-1.pdf\">PSYSOC-2023-Program-and-Abstracts-Book-01.11.2023<\/a><a href=\"https:\/\/globalcenter.info\/psysoc\/wp-content\/uploads\/2023\/11\/PSYSOC-2023-Program-and-Abstracts-Book_01.11.2023-1.pdf\" class=\"wp-block-file__button wp-element-button\" download aria-describedby=\"wp-block-file--media-19f694c2-c997-42c2-a32e-543004717fc2\">\u0130ndir<\/a><\/div>\n\n\n\n<p><\/p>\n","protected":false},"excerpt":{"rendered":"","protected":false},"author":4,"featured_media":0,"parent":0,"menu_order":0,"comment_status":"closed","ping_status":"closed","template":"","meta":{"footnotes":""},"_links":{"self":[{"href":"https:\/\/globalcenter.info\/psysoc\/index.php?rest_route=\/wp\/v2\/pages\/965"}],"collection":[{"href":"https:\/\/globalcenter.info\/psysoc\/index.php?rest_route=\/wp\/v2\/pages"}],"about":[{"href":"https:\/\/globalcenter.info\/psysoc\/index.php?rest_route=\/wp\/v2\/types\/page"}],"author":[{"embeddable":true,"href":"https:\/\/globalcenter.info\/psysoc\/index.php?rest_route=\/wp\/v2\/users\/4"}],"replies":[{"embeddable":true,"href":"https:\/\/globalcenter.info\/psysoc\/index.php?rest_route=%2Fwp%2Fv2%2Fcomments&post=965"}],"version-history":[{"count":5,"href":"https:\/\/globalcenter.info\/psysoc\/index.php?rest_route=\/wp\/v2\/pages\/965\/revisions"}],"predecessor-version":[{"id":980,"href":"https:\/\/globalcenter.info\/psysoc\/index.php?rest_route=\/wp\/v2\/pages\/965\/revisions\/980"}],"wp:attachment":[{"href":"https:\/\/globalcenter.info\/psysoc\/index.php?rest_route=%2Fwp%2Fv2%2Fmedia&parent=965"}],"curies":[{"name":"wp","href":"https:\/\/api.w.org\/{rel}","templated":true}]}}